{"id":11684,"date":"2026-02-09T11:03:17","date_gmt":"2026-02-09T11:03:17","guid":{"rendered":"https:\/\/northlandvelo.eu\/?page_id=11684"},"modified":"2026-02-26T12:05:46","modified_gmt":"2026-02-26T12:05:46","slug":"meet-the-waw-velomobile-2","status":"publish","type":"page","link":"https:\/\/northlandvelo.eu\/da\/meet-the-waw-velomobile-2\/","title":{"rendered":"M\u00f8d WAW Velomobile"},"content":{"rendered":"<div class=\"wp-block-cover alignfull is-light\" style=\"min-height:700px;aspect-ratio:unset;\"><video class=\"wp-block-cover__video-background intrinsic-ignore\" autoplay muted loop playsinline src=\"https:\/\/northlandvelo.eu\/wp-content\/uploads\/2026\/02\/IMG_9167.mov\" data-object-fit=\"cover\"><\/video><span aria-hidden=\"true\" class=\"wp-block-cover__background has-primary-background-color has-background-dim-30 has-background-dim\"><\/span><div class=\"wp-block-cover__inner-container is-layout-flow wp-block-cover-is-layout-flow\">\n<p class=\"has-text-align-center has-white-color has-text-color\" style=\"font-size:clamp(37.821px, 2.364rem + ((1vw - 3.2px) * 2.848), 70px);font-style:normal;font-weight:900\"><strong>Hvorfor en WAW?<\/strong><\/p>\n\n\n\n<p class=\"has-text-align-center has-white-color has-text-color has-medium-font-size\" style=\"letter-spacing:1px\">Med over et \u00e5rti af forfining er WAW kendt for sin ensartede kvalitet og unikke egenskaber. WAW tilbyder en bred vifte af muligheder for at konfigurere alt fra en let og stiv sportslig velomobil til den ultimative velomobil til pendling og touring.<\/p>\n\n\n\n<div style=\"height:71px\" aria-hidden=\"true\" class=\"wp-block-spacer\"><\/div>\n<\/div><\/div>\n\n\n\n<div style=\"height:100px\" aria-hidden=\"true\" class=\"wp-block-spacer\"><\/div>\n\n\n\n<div class=\"wp-block-group alignfull has-global-padding is-content-justification-center is-layout-constrained wp-container-core-group-is-layout-df757ecc wp-block-group-is-layout-constrained\" style=\"margin-top:0;margin-bottom:0;padding-top:calc( 0.5 * var(--wp--style--root--padding-right, var(--wp--custom--gap--horizontal)));padding-right:var(--wp--style--root--padding-right, var(--wp--custom--gap--horizontal));padding-bottom:calc( 0.5 * var(--wp--style--root--padding-right, var(--wp--custom--gap--horizontal)));padding-left:var(--wp--style--root--padding-left, var(--wp--custom--gap--horizontal))\">\n<div style=\"height:calc( 0.25 * var(--wp--style--root--padding-right, var(--wp--custom--gap--horizontal)))\" aria-hidden=\"true\" class=\"wp-block-spacer\"><\/div>\n\n\n\n<div class=\"wp-block-columns alignwide is-layout-flex wp-container-core-columns-is-layout-549b0c86 wp-block-columns-is-layout-flex\">\n<div class=\"wp-block-column is-layout-flow wp-block-column-is-layout-flow\">\n<h3 class=\"wp-block-heading has-medium-font-size\" style=\"font-style:normal;font-weight:700\">Vejrbeskyttelse<\/h3>\n\n\n\n<div class=\"wp-block-group has-global-padding is-layout-constrained wp-block-group-is-layout-constrained\" style=\"padding-bottom:4px\">\n<figure class=\"wp-block-image size-full has-custom-border\"><img loading=\"lazy\" decoding=\"async\" width=\"768\" height=\"1024\" src=\"https:\/\/northlandvelo.eu\/wp-content\/uploads\/2026\/02\/waw-hood.jpg\" alt=\"\" class=\"wp-image-11606\" style=\"border-top-left-radius:5px;border-top-right-radius:5px;border-bottom-left-radius:5px;border-bottom-right-radius:5px;aspect-ratio:3\/2;object-fit:cover\" srcset=\"https:\/\/northlandvelo.eu\/wp-content\/uploads\/2026\/02\/waw-hood.jpg 768w, https:\/\/northlandvelo.eu\/wp-content\/uploads\/2026\/02\/waw-hood-225x300.jpg 225w, https:\/\/northlandvelo.eu\/wp-content\/uploads\/2026\/02\/waw-hood-9x12.jpg 9w\" sizes=\"auto, (max-width: 768px) 100vw, 768px\" \/><\/figure>\n<\/div>\n\n\n\n<p>The race hood can be removed and stored behind the seat and installed quickly should you be caught in the rain. The visor can be adjusted to allow a cooling breeze and the optional air intake in the nose provides additional airflow.<\/p>\n\n\n\n<p><\/p>\n<\/div>\n\n\n\n<div class=\"wp-block-column is-layout-flow wp-block-column-is-layout-flow\">\n<h3 class=\"wp-block-heading has-medium-font-size\" style=\"font-style:normal;font-weight:700\">Komfort<\/h3>\n\n\n\n<div class=\"wp-block-group has-global-padding is-layout-constrained wp-block-group-is-layout-constrained\" style=\"padding-bottom:4px\">\n<figure class=\"wp-block-image size-full has-custom-border\"><img loading=\"lazy\" decoding=\"async\" width=\"1024\" height=\"768\" src=\"https:\/\/northlandvelo.eu\/wp-content\/uploads\/2026\/02\/waw-rear-suspension.jpg\" alt=\"\" class=\"wp-image-11610\" style=\"border-top-left-radius:5px;border-top-right-radius:5px;border-bottom-left-radius:5px;border-bottom-right-radius:5px;aspect-ratio:3\/2;object-fit:cover\" srcset=\"https:\/\/northlandvelo.eu\/wp-content\/uploads\/2026\/02\/waw-rear-suspension.jpg 1024w, https:\/\/northlandvelo.eu\/wp-content\/uploads\/2026\/02\/waw-rear-suspension-300x225.jpg 300w, https:\/\/northlandvelo.eu\/wp-content\/uploads\/2026\/02\/waw-rear-suspension-16x12.jpg 16w\" sizes=\"auto, (max-width: 1024px) 100vw, 1024px\" \/><\/figure>\n<\/div>\n\n\n\n<p>Den valgfri bageste luftst\u00f8dd\u00e6mper giver mulighed for at indstille affjedringen til den h\u00e5rdhed eller bl\u00f8dhed, du foretr\u00e6kker. Da det er en traditionel MTB-luftst\u00f8dd\u00e6mper, er det nemmere at finde en lokal butik, der kan servicere den, hvis du skulle f\u00e5 problemer.<\/p>\n\n\n\n<p><\/p>\n<\/div>\n\n\n\n<div class=\"wp-block-column is-layout-flow wp-block-column-is-layout-flow\">\n<h3 class=\"wp-block-heading has-medium-font-size\" style=\"font-style:normal;font-weight:700\">Lastkapacitet<\/h3>\n\n\n\n<div class=\"wp-block-group has-global-padding is-layout-constrained wp-block-group-is-layout-constrained\" style=\"padding-bottom:4px\">\n<figure class=\"wp-block-image size-large has-custom-border\"><img loading=\"lazy\" decoding=\"async\" width=\"1024\" height=\"768\" src=\"https:\/\/northlandvelo.eu\/wp-content\/uploads\/2026\/02\/IMG_8683-1024x768.jpg\" alt=\"\" class=\"wp-image-11616\" style=\"border-top-left-radius:5px;border-top-right-radius:5px;border-bottom-left-radius:5px;border-bottom-right-radius:5px;aspect-ratio:3\/2;object-fit:cover\" srcset=\"https:\/\/northlandvelo.eu\/wp-content\/uploads\/2026\/02\/IMG_8683-1024x768.jpg 1024w, https:\/\/northlandvelo.eu\/wp-content\/uploads\/2026\/02\/IMG_8683-300x225.jpg 300w, https:\/\/northlandvelo.eu\/wp-content\/uploads\/2026\/02\/IMG_8683-2000x1500.jpg 2000w, https:\/\/northlandvelo.eu\/wp-content\/uploads\/2026\/02\/IMG_8683-scaled-16x12.jpg 16w\" sizes=\"auto, (max-width: 1024px) 100vw, 1024px\" \/><\/figure>\n<\/div>\n\n\n\n<p>Med den fuldt isolerede k\u00e6delinje tilbyder WAW opbevaringsplads p\u00e5 begge sider af baghjulet og s\u00e6det. Der er ingen dele af k\u00e6delinjen, der er synlige inde i kabinen, s\u00e5 dine ting aldrig kan falde ned i k\u00e6den.<\/p>\n\n\n\n<p><\/p>\n<\/div>\n<\/div>\n\n\n\n<div style=\"height:calc( 0.25 * var(--wp--style--root--padding-right, var(--wp--custom--gap--horizontal)))\" aria-hidden=\"true\" class=\"wp-block-spacer\"><\/div>\n<\/div>\n\n\n\n<div class=\"wp-block-group alignfull has-global-padding is-content-justification-center is-layout-constrained wp-container-core-group-is-layout-df757ecc wp-block-group-is-layout-constrained\" style=\"margin-top:0;margin-bottom:0;padding-top:calc( 0.5 * var(--wp--style--root--padding-right, var(--wp--custom--gap--horizontal)));padding-right:var(--wp--style--root--padding-right, var(--wp--custom--gap--horizontal));padding-bottom:calc( 0.5 * var(--wp--style--root--padding-right, var(--wp--custom--gap--horizontal)));padding-left:var(--wp--style--root--padding-left, var(--wp--custom--gap--horizontal))\">\n<div style=\"height:calc( 0.25 * var(--wp--style--root--padding-right, var(--wp--custom--gap--horizontal)))\" aria-hidden=\"true\" class=\"wp-block-spacer\"><\/div>\n\n\n\n<div class=\"wp-block-columns alignwide is-layout-flex wp-container-core-columns-is-layout-549b0c86 wp-block-columns-is-layout-flex\">\n<div class=\"wp-block-column is-layout-flow wp-block-column-is-layout-flow\">\n<h3 class=\"wp-block-heading has-medium-font-size\" style=\"font-style:normal;font-weight:700\">Indvendige gearnavmuligheder<\/h3>\n\n\n\n<div class=\"wp-block-group has-global-padding is-layout-constrained wp-block-group-is-layout-constrained\" style=\"padding-bottom:4px\">\n<figure class=\"wp-block-image size-full has-custom-border\"><img loading=\"lazy\" decoding=\"async\" width=\"1024\" height=\"682\" src=\"https:\/\/northlandvelo.eu\/wp-content\/uploads\/2026\/02\/Schlumpf.jpg\" alt=\"\" class=\"wp-image-11621\" style=\"border-top-left-radius:5px;border-top-right-radius:5px;border-bottom-left-radius:5px;border-bottom-right-radius:5px;aspect-ratio:3\/2;object-fit:cover\" srcset=\"https:\/\/northlandvelo.eu\/wp-content\/uploads\/2026\/02\/Schlumpf.jpg 1024w, https:\/\/northlandvelo.eu\/wp-content\/uploads\/2026\/02\/Schlumpf-300x200.jpg 300w, https:\/\/northlandvelo.eu\/wp-content\/uploads\/2026\/02\/Schlumpf-18x12.jpg 18w\" sizes=\"auto, (max-width: 1024px) 100vw, 1024px\" \/><\/figure>\n<\/div>\n\n\n\n<p>WAW kan konfigureres med Rohloff baghjul og enten Pinion Gearbox eller Schlumpf Mountain Drive foran, hvilket g\u00f8r det muligt at f\u00e5 et drivsystem, der kr\u00e6ver meget lidt vedligeholdelse.<\/p>\n<\/div>\n\n\n\n<div class=\"wp-block-column is-layout-flow wp-block-column-is-layout-flow\">\n<h3 class=\"wp-block-heading has-medium-font-size\" style=\"font-style:normal;font-weight:700\">Sikkerhed<\/h3>\n\n\n\n<div class=\"wp-block-group has-global-padding is-layout-constrained wp-block-group-is-layout-constrained\" style=\"padding-bottom:4px\">\n<figure class=\"wp-block-image size-full has-custom-border\"><img loading=\"lazy\" decoding=\"async\" width=\"1024\" height=\"682\" src=\"https:\/\/northlandvelo.eu\/wp-content\/uploads\/2026\/02\/kevlar.jpg\" alt=\"\" class=\"wp-image-11622\" style=\"border-top-left-radius:5px;border-top-right-radius:5px;border-bottom-left-radius:5px;border-bottom-right-radius:5px;aspect-ratio:3\/2;object-fit:cover\" srcset=\"https:\/\/northlandvelo.eu\/wp-content\/uploads\/2026\/02\/kevlar.jpg 1024w, https:\/\/northlandvelo.eu\/wp-content\/uploads\/2026\/02\/kevlar-300x200.jpg 300w, https:\/\/northlandvelo.eu\/wp-content\/uploads\/2026\/02\/kevlar-18x12.jpg 18w\" sizes=\"auto, (max-width: 1024px) 100vw, 1024px\" \/><\/figure>\n<\/div>\n\n\n\n<p>WAW tilbyder mulighed for en skal i Kevlar. Kevlar splintres ikke ved en ulykke. Dette giver ekstra sikkerhed for rytteren. Med den aftagelige n\u00e6se og hale er det ofte muligt at udskifte disse dele i tilf\u00e6lde af en kollision.<\/p>\n<\/div>\n\n\n\n<div class=\"wp-block-column is-layout-flow wp-block-column-is-layout-flow\">\n<h3 class=\"wp-block-heading has-medium-font-size\" style=\"font-style:normal;font-weight:700\">E-Assist-indstillinger<\/h3>\n\n\n\n<div class=\"wp-block-group has-global-padding is-layout-constrained wp-block-group-is-layout-constrained\" style=\"padding-bottom:4px\">\n<figure class=\"wp-block-image size-full has-custom-border\"><img loading=\"lazy\" decoding=\"async\" width=\"1024\" height=\"682\" src=\"https:\/\/northlandvelo.eu\/wp-content\/uploads\/2026\/02\/waw-with-assist.jpg\" alt=\"\" class=\"wp-image-11591\" style=\"border-top-left-radius:5px;border-top-right-radius:5px;border-bottom-left-radius:5px;border-bottom-right-radius:5px;aspect-ratio:3\/2;object-fit:cover\" srcset=\"https:\/\/northlandvelo.eu\/wp-content\/uploads\/2026\/02\/waw-with-assist.jpg 1024w, https:\/\/northlandvelo.eu\/wp-content\/uploads\/2026\/02\/waw-with-assist-300x200.jpg 300w, https:\/\/northlandvelo.eu\/wp-content\/uploads\/2026\/02\/waw-with-assist-18x12.jpg 18w\" sizes=\"auto, (max-width: 1024px) 100vw, 1024px\" \/><\/figure>\n<\/div>\n\n\n\n<p>WAW er unik i sin evne til at tilbyde enten en hub- eller middrive. Uanset om du er pendler p\u00e5 udkig efter en behagelig k\u00f8reoplevelse, har brug for ekstra hj\u00e6lp op ad bakker og ved acceleration, eller bare foretr\u00e6kker en mere afslappet k\u00f8reoplevelse, kan WAW klare det.<\/p>\n<\/div>\n<\/div>\n\n\n\n<div style=\"height:calc( 0.25 * var(--wp--style--root--padding-right, var(--wp--custom--gap--horizontal)))\" aria-hidden=\"true\" class=\"wp-block-spacer\"><\/div>\n<\/div>\n\n\n\n<div style=\"height:100px\" aria-hidden=\"true\" class=\"wp-block-spacer\"><\/div>\n\n\n\n<div class=\"wp-block-group alignfull has-global-padding is-content-justification-center is-layout-constrained wp-container-core-group-is-layout-df757ecc wp-block-group-is-layout-constrained\" style=\"margin-top:0;margin-bottom:0;padding-top:calc( 0.5 * var(--wp--style--root--padding-right, var(--wp--custom--gap--horizontal)));padding-right:var(--wp--style--root--padding-right, var(--wp--custom--gap--horizontal));padding-bottom:calc( 0.5 * var(--wp--style--root--padding-right, var(--wp--custom--gap--horizontal)));padding-left:var(--wp--style--root--padding-left, var(--wp--custom--gap--horizontal))\">\n<div style=\"height:calc( 0.25 * var(--wp--style--root--padding-right, var(--wp--custom--gap--horizontal)))\" aria-hidden=\"true\" class=\"wp-block-spacer\"><\/div>\n\n\n\n<div class=\"wp-block-group has-global-padding is-layout-constrained wp-block-group-is-layout-constrained\">\n<h2 class=\"wp-block-heading has-text-align-center is-pricing-title\">Popul\u00e6re konfigurationer<\/h2>\n<\/div>\n\n\n\n<div style=\"height:var(--wp--preset--spacing--30)\" aria-hidden=\"true\" class=\"wp-block-spacer\"><\/div>\n\n\n\n<div class=\"wp-block-columns alignwide is-layout-flex wp-container-core-columns-is-layout-87beb0d0 wp-block-columns-is-layout-flex\">\n<div class=\"wp-block-column has-background is-layout-flow wp-block-column-is-layout-flow\" style=\"background-color:#00000012;padding-top:var(--wp--preset--spacing--30);padding-right:var(--wp--preset--spacing--30);padding-bottom:var(--wp--preset--spacing--30);padding-left:var(--wp--preset--spacing--30)\">\n<div class=\"wp-block-group has-global-padding is-layout-constrained wp-container-core-group-is-layout-19e250f3 wp-block-group-is-layout-constrained\">\n<h3 class=\"wp-block-heading is-pricing-tier-name has-large-font-size\">WAW Sport<\/h3>\n\n\n\n<p class=\"is-pricing-tier-price has-small-font-size\">EUR 9479  inkl. moms Basispris<\/p>\n<\/div>\n\n\n\n<div class=\"wp-block-buttons is-layout-flex wp-block-buttons-is-layout-flex\">\n<div class=\"wp-block-button has-custom-width wp-block-button__width-100 is-style-outline is-style-outline--1\"><a class=\"wp-block-button__link wp-element-button\" href=\"https:\/\/northlandvelo.eu\/da\/waw-sport\/\">F\u00e5 mere at vide<\/a><\/div>\n<\/div>\n\n\n\n<div class=\"wp-block-group is-layout-flow wp-container-core-group-is-layout-939812aa wp-block-group-is-layout-flow\">\n<p class=\"is-pricing-tier-service-checked translation-block\"><strong>\u2713<\/strong> Let og stiv<\/p>\n\n\n\n<p class=\"is-pricing-tier-service-checked translation-block\"><strong>\u2713<\/strong> Fuldt kulstof<\/p>\n\n\n\n<p class=\"is-pricing-tier-service-checked\"><strong>\u2713<\/strong> Uoph\u00e6ngt baghjul, forhjulsoph\u00e6ng<\/p>\n\n\n\n<p class=\"is-pricing-tier-service-checked translation-block\"><strong>\u2713<\/strong> 28\u2033 baghjul<\/p>\n<\/div>\n<\/div>\n\n\n\n<div class=\"wp-block-column has-background is-layout-flow wp-block-column-is-layout-flow\" style=\"background-color:#00000012;padding-top:var(--wp--preset--spacing--30);padding-right:var(--wp--preset--spacing--30);padding-bottom:var(--wp--preset--spacing--30);padding-left:var(--wp--preset--spacing--30)\">\n<div class=\"wp-block-group has-global-padding is-layout-constrained wp-container-core-group-is-layout-19e250f3 wp-block-group-is-layout-constrained\">\n<h3 class=\"wp-block-heading is-pricing-tier-name has-large-font-size\">WAW Komfort<\/h3>\n\n\n\n<p class=\"is-pricing-tier-price has-small-font-size\">EUR 10,036 inkl. moms Basispris<\/p>\n<\/div>\n\n\n\n<div class=\"wp-block-buttons is-layout-flex wp-block-buttons-is-layout-flex\">\n<div class=\"wp-block-button has-custom-width wp-block-button__width-100 is-style-fill\"><a class=\"wp-block-button__link wp-element-button\" href=\"https:\/\/northlandvelo.eu\/da\/waw-comfort\/\">F\u00e5 mere at vide<\/a><\/div>\n<\/div>\n\n\n\n<div class=\"wp-block-group is-layout-flow wp-container-core-group-is-layout-939812aa wp-block-group-is-layout-flow\">\n<p class=\"is-pricing-tier-service-checked\"><strong>\u2713<\/strong> Indvendigt gearede navmuligheder<\/p>\n\n\n\n<p class=\"is-pricing-tier-service-checked\"><strong>\u2713<\/strong> Fuld affjedring med bageste luftst\u00f8dd\u00e6mper<\/p>\n\n\n\n<p class=\"is-pricing-tier-service-checked\"><strong>\u2713<\/strong> Fuldt kulstof eller kevlar<\/p>\n\n\n\n<p class=\"is-pricing-tier-service-checked\"><strong>\u2713<\/strong> 26\u2033 baghjul<\/p>\n<\/div>\n<\/div>\n\n\n\n<div class=\"wp-block-column has-background is-layout-flow wp-block-column-is-layout-flow\" style=\"background-color:#00000012;padding-top:var(--wp--preset--spacing--30);padding-right:var(--wp--preset--spacing--30);padding-bottom:var(--wp--preset--spacing--30);padding-left:var(--wp--preset--spacing--30)\">\n<div class=\"wp-block-group has-global-padding is-layout-constrained wp-container-core-group-is-layout-19e250f3 wp-block-group-is-layout-constrained\">\n<h3 class=\"wp-block-heading is-pricing-tier-name has-large-font-size\">E-WAW Komfort<\/h3>\n\n\n\n<p class=\"is-pricing-tier-price has-small-font-size\">EUR 11,213  inkl. moms Basispris<\/p>\n<\/div>\n\n\n\n<div class=\"wp-block-buttons is-layout-flex wp-block-buttons-is-layout-flex\">\n<div class=\"wp-block-button has-custom-width wp-block-button__width-100 is-style-outline is-style-outline--2\"><a class=\"wp-block-button__link wp-element-button\" href=\"https:\/\/northlandvelo.eu\/da\/e-waw-comfort\/\">F\u00e5 mere at vide<\/a><\/div>\n<\/div>\n\n\n\n<div class=\"wp-block-group is-layout-flow wp-container-core-group-is-layout-939812aa wp-block-group-is-layout-flow\">\n<p class=\"is-pricing-tier-service-checked\"><strong>\u2713<\/strong> Bafang-nav eller Middrive<\/p>\n\n\n\n<p class=\"is-pricing-tier-service-checked\"><strong>\u2713<\/strong> Fuld affjedring med bageste luftst\u00f8dd\u00e6mper<\/p>\n\n\n\n<p class=\"is-pricing-tier-service-checked\"><strong>\u2713<\/strong> Fuldt kulstof eller kevlar<\/p>\n\n\n\n<p class=\"is-pricing-tier-service-checked\"><strong>\u2713<\/strong> 26\u2033 baghjul<\/p>\n<\/div>\n<\/div>\n<\/div>\n\n\n\n<div style=\"height:calc( 0.25 * var(--wp--style--root--padding-right, var(--wp--custom--gap--horizontal)))\" aria-hidden=\"true\" class=\"wp-block-spacer\"><\/div>\n<\/div>\n\n\n\n<div style=\"height:100px\" aria-hidden=\"true\" class=\"wp-block-spacer\"><\/div>\n\n\n\n<div class=\"wp-block-columns is-layout-flex wp-container-core-columns-is-layout-28f84493 wp-block-columns-is-layout-flex\">\n<div class=\"wp-block-column is-layout-flow wp-block-column-is-layout-flow\">\n<figure class=\"wp-block-embed is-type-video is-provider-youtube wp-block-embed-youtube wp-embed-aspect-16-9 wp-has-aspect-ratio\"><div class=\"wp-block-embed__wrapper\">\n<iframe loading=\"lazy\" title=\"Meet My New WAW Velomobile!\" width=\"950\" height=\"534\" src=\"https:\/\/www.youtube.com\/embed\/-Qs-9QAAGl4?feature=oembed\" frameborder=\"0\" allow=\"accelerometer; autoplay; clipboard-write; encrypted-media; gyroscope; picture-in-picture; web-share\" referrerpolicy=\"strict-origin-when-cross-origin\" allowfullscreen><\/iframe>\n<\/div><\/figure>\n<\/div>\n\n\n\n<div class=\"wp-block-column is-layout-flow wp-block-column-is-layout-flow\">\n<figure class=\"wp-block-embed is-type-video is-provider-youtube wp-block-embed-youtube wp-embed-aspect-16-9 wp-has-aspect-ratio\"><div class=\"wp-block-embed__wrapper\">\n<iframe loading=\"lazy\" title=\"900km With the WAW Velomobile: My Review\" width=\"950\" height=\"534\" src=\"https:\/\/www.youtube.com\/embed\/8BwQqVwuFsc?feature=oembed\" frameborder=\"0\" allow=\"accelerometer; autoplay; clipboard-write; encrypted-media; gyroscope; picture-in-picture; web-share\" referrerpolicy=\"strict-origin-when-cross-origin\" allowfullscreen><\/iframe>\n<\/div><\/figure>\n<\/div>\n<\/div>\n\n\n\n<div style=\"height:100px\" aria-hidden=\"true\" class=\"wp-block-spacer\"><\/div>","protected":false},"excerpt":{"rendered":"<p>Weather Protection The race hood can be removed and stored behind the seat and installed quickly should you be caught in the rain. The visor can be adjusted to allow a cooling breeze and the optional air intake in the nose provides additional airflow. Comfort The optional rear air shock offers the ability to set &hellip; <\/p>\n<p class=\"link-more\"><a href=\"https:\/\/northlandvelo.eu\/da\/meet-the-waw-velomobile-2\/\" class=\"more-link\">L\u00e6s mere<span class=\"screen-reader-text\"> \u201cMeet the WAW Velomobile\u201d<\/span><\/a><\/p>","protected":false},"author":1,"featured_media":11627,"parent":0,"menu_order":0,"comment_status":"closed","ping_status":"closed","template":"","meta":{"footnotes":""},"class_list":["post-11684","page","type-page","status-publish","has-post-thumbnail","hentry"],"_links":{"self":[{"href":"https:\/\/northlandvelo.eu\/da\/wp-json\/wp\/v2\/pages\/11684","targetHints":{"allow":["GET"]}}],"collection":[{"href":"https:\/\/northlandvelo.eu\/da\/wp-json\/wp\/v2\/pages"}],"about":[{"href":"https:\/\/northlandvelo.eu\/da\/wp-json\/wp\/v2\/types\/page"}],"author":[{"embeddable":true,"href":"https:\/\/northlandvelo.eu\/da\/wp-json\/wp\/v2\/users\/1"}],"replies":[{"embeddable":true,"href":"https:\/\/northlandvelo.eu\/da\/wp-json\/wp\/v2\/comments?post=11684"}],"version-history":[{"count":11,"href":"https:\/\/northlandvelo.eu\/da\/wp-json\/wp\/v2\/pages\/11684\/revisions"}],"predecessor-version":[{"id":12087,"href":"https:\/\/northlandvelo.eu\/da\/wp-json\/wp\/v2\/pages\/11684\/revisions\/12087"}],"wp:featuredmedia":[{"embeddable":true,"href":"https:\/\/northlandvelo.eu\/da\/wp-json\/wp\/v2\/media\/11627"}],"wp:attachment":[{"href":"https:\/\/northlandvelo.eu\/da\/wp-json\/wp\/v2\/media?parent=11684"}],"curies":[{"name":"wp","href":"https:\/\/api.w.org\/{rel}","templated":true}]}}