{"id":10923,"date":"2026-02-04T15:05:47","date_gmt":"2026-02-04T15:05:47","guid":{"rendered":"https:\/\/northlandvelo.eu\/?post_type=product&#038;p=10923"},"modified":"2026-03-03T10:45:05","modified_gmt":"2026-03-03T10:45:05","slug":"snoek-model-200mm","status":"publish","type":"product","link":"https:\/\/northlandvelo.eu\/da\/product\/snoek-model-200mm\/","title":{"rendered":"Snoek-model (200 mm)"},"content":{"rendered":"<p>Som en del af vores gaveudbud er Northland Velo stolte af at kunne pr\u00e6sentere mini-velomobil-modeller! Disse modeller er udviklet i samarbejde med ingeni\u00f8rerne Xander Brown og Niklas Bostelmann. Disse miniaturmodeller er 20 cm lange. Udskrifterne vil have en sort bund og en gr\u00e5 visir med din valgte farve til top og bund. P\u00e5 grund af ekstra komplikationer ved 3D-udskrivning og farvel\u00e6gning vil skillelinjen ikke f\u00f8lge de standardfarvelinjer, der findes p\u00e5 de virkelige modeller.<\/p>\n<p><span style=\"font-weight: 400;\">*Bem\u00e6rk, at der er begr\u00e6nsninger ved 3D-print, som g\u00f8r det vanskeligt at fjerne laglinjer og skabe helt perfekte detaljer, is\u00e6r i denne mindre st\u00f8rrelse. Disse modeller er printet i kvalitets-PLA og kan h\u00e5ndmales. P\u00e5 grund af tids- og talentbegr\u00e6nsninger tilbyder Northland Velo ikke h\u00e5ndmalede tjenester p\u00e5 nuv\u00e6rende tidspunkt.<\/span><\/p>\n<p><iframe loading=\"lazy\" title=\"A Velomobile You Can Afford for the Holidays: Only at Northland Velo\" width=\"950\" height=\"534\" src=\"https:\/\/www.youtube.com\/embed\/LNDrJDIL9Go?feature=oembed\" frameborder=\"0\" allow=\"accelerometer; autoplay; clipboard-write; encrypted-media; gyroscope; picture-in-picture; web-share\" referrerpolicy=\"strict-origin-when-cross-origin\" allowfullscreen><\/iframe><\/p>","protected":false},"excerpt":{"rendered":"<p>As part of our gift offerings, Northland Velo is proud to introduce mini velomobile models! These models were developed in conjunction with engineers Xander Brown and Niklas Bostelmann. These miniature models are 20cm long. Prints will include a black bottom, and a gray visor with your choice of color for the top and bottom. Due &hellip; <\/p>\n<p class=\"link-more\"><a href=\"https:\/\/northlandvelo.eu\/da\/product\/snoek-model-200mm\/\" class=\"more-link\">L\u00e6s mere<span class=\"screen-reader-text\"> \u201cSnoek Model (200mm)\u201d<\/span><\/a><\/p>","protected":false},"featured_media":9682,"template":"","meta":[],"product_brand":[],"product_cat":[110],"product_tag":[130],"class_list":{"0":"post-10923","1":"product","2":"type-product","3":"status-publish","4":"has-post-thumbnail","6":"product_cat-gifts","7":"product_tag-model-velomobile","9":"first","10":"instock","11":"taxable","12":"shipping-taxable","13":"purchasable","14":"product-type-variable"},"_links":{"self":[{"href":"https:\/\/northlandvelo.eu\/da\/wp-json\/wp\/v2\/product\/10923","targetHints":{"allow":["GET"]}}],"collection":[{"href":"https:\/\/northlandvelo.eu\/da\/wp-json\/wp\/v2\/product"}],"about":[{"href":"https:\/\/northlandvelo.eu\/da\/wp-json\/wp\/v2\/types\/product"}],"wp:featuredmedia":[{"embeddable":true,"href":"https:\/\/northlandvelo.eu\/da\/wp-json\/wp\/v2\/media\/9682"}],"wp:attachment":[{"href":"https:\/\/northlandvelo.eu\/da\/wp-json\/wp\/v2\/media?parent=10923"}],"wp:term":[{"taxonomy":"product_brand","embeddable":true,"href":"https:\/\/northlandvelo.eu\/da\/wp-json\/wp\/v2\/product_brand?post=10923"},{"taxonomy":"product_cat","embeddable":true,"href":"https:\/\/northlandvelo.eu\/da\/wp-json\/wp\/v2\/product_cat?post=10923"},{"taxonomy":"product_tag","embeddable":true,"href":"https:\/\/northlandvelo.eu\/da\/wp-json\/wp\/v2\/product_tag?post=10923"}],"curies":[{"name":"wp","href":"https:\/\/api.w.org\/{rel}","templated":true}]}}