{"id":11147,"date":"2026-02-04T16:21:05","date_gmt":"2026-02-04T16:21:05","guid":{"rendered":"https:\/\/northlandvelo.eu\/?post_type=product&#038;p=11147"},"modified":"2026-02-22T14:33:38","modified_gmt":"2026-02-22T14:33:38","slug":"the-modular-garmin-gps-mount","status":"publish","type":"product","link":"https:\/\/northlandvelo.eu\/da\/product\/the-modular-garmin-gps-mount\/","title":{"rendered":"Den modul\u00e6re Garmin GPS-holder"},"content":{"rendered":"<p>Inspireret af et hack set i det tyske velomobile-forum er denne GPS-holder designet til at v\u00e6re let at justere. Holderomr\u00e5det bruger gr\u00e5t 3M VHB-tape til at fastg\u00f8re holderen. Der medf\u00f8lger ogs\u00e5 en l\u00e6ngere bolt til dem, der har brug for en solid holder. Den cirkelformede del med kl\u00e6beb\u00e5ndet kan drejes fra side til side og derefter l\u00e5ses fast ved at stramme bolten. GPS-holderdelen kan drejes op og ned og ogs\u00e5 l\u00e5ses fast ved at stramme en bolt. Beslaget er dimensioneret efter GoPro-beslag og kan i teorien bruges til at montere andre genstande, selvom tapens styrke endnu ikke er testet i dette anvendelsestilf\u00e6lde. I betragtning af dette designs modularitet er det muligt at designe andre arme til montering p\u00e5 yderligere steder, s\u00e5 husk at tjekke tilbage for yderligere designmuligheder i fremtiden. Der kan bestilles ekstra beslag med kl\u00e6beb\u00e5nd, s\u00e5 du kan skifte beslag og arm fra en h\u00e6tte til en anden.<\/p>\n<p><span style=\"font-weight: 400;\">Bem\u00e6rk, at 3D-printede emner undertiden kan have sm\u00e5 kosmetiske fejl. Disse fejl har ingen indflydelse p\u00e5 designets funktion og er udelukkende af kosmetisk karakter. Bem\u00e6rk ogs\u00e5, at 3D-printede materialer er lavet af plast og er tilb\u00f8jelige til at f\u00e5 ridser.<\/span><\/p>\n<p><iframe loading=\"lazy\" title=\"New Adjustable GPS Mount for Velomobiles\" width=\"950\" height=\"534\" src=\"https:\/\/www.youtube.com\/embed\/VreVy5n0LB4?feature=oembed\" frameborder=\"0\" allow=\"accelerometer; autoplay; clipboard-write; encrypted-media; gyroscope; picture-in-picture; web-share\" referrerpolicy=\"strict-origin-when-cross-origin\" allowfullscreen><\/iframe><\/p>","protected":false},"excerpt":{"rendered":"<p>Inspired by a hack seen in the german velomobile forum, this GPS mount is designed to be easily adjusted. The mount area uses gray 3M VHB tape to attach the mount. A longer bolt will also be provided for those needing a rock solid mount. The circle part with the sticky tape can be rotated &hellip; <\/p>\n<p class=\"link-more\"><a href=\"https:\/\/northlandvelo.eu\/da\/product\/the-modular-garmin-gps-mount\/\" class=\"more-link\">L\u00e6s mere<span class=\"screen-reader-text\"> \u201cThe Modular Garmin GPS Mount\u201d<\/span><\/a><\/p>","protected":false},"featured_media":9621,"template":"","meta":[],"product_brand":[],"product_cat":[66,121],"product_tag":[131],"class_list":{"0":"post-11147","1":"product","2":"type-product","3":"status-publish","4":"has-post-thumbnail","6":"product_cat-accessories","7":"product_cat-gps","8":"product_tag-gps-mount","9":"product_shipping_class-letterbox","11":"first","12":"instock","13":"taxable","14":"shipping-taxable","15":"purchasable","16":"product-type-variable"},"_links":{"self":[{"href":"https:\/\/northlandvelo.eu\/da\/wp-json\/wp\/v2\/product\/11147","targetHints":{"allow":["GET"]}}],"collection":[{"href":"https:\/\/northlandvelo.eu\/da\/wp-json\/wp\/v2\/product"}],"about":[{"href":"https:\/\/northlandvelo.eu\/da\/wp-json\/wp\/v2\/types\/product"}],"wp:featuredmedia":[{"embeddable":true,"href":"https:\/\/northlandvelo.eu\/da\/wp-json\/wp\/v2\/media\/9621"}],"wp:attachment":[{"href":"https:\/\/northlandvelo.eu\/da\/wp-json\/wp\/v2\/media?parent=11147"}],"wp:term":[{"taxonomy":"product_brand","embeddable":true,"href":"https:\/\/northlandvelo.eu\/da\/wp-json\/wp\/v2\/product_brand?post=11147"},{"taxonomy":"product_cat","embeddable":true,"href":"https:\/\/northlandvelo.eu\/da\/wp-json\/wp\/v2\/product_cat?post=11147"},{"taxonomy":"product_tag","embeddable":true,"href":"https:\/\/northlandvelo.eu\/da\/wp-json\/wp\/v2\/product_tag?post=11147"}],"curies":[{"name":"wp","href":"https:\/\/api.w.org\/{rel}","templated":true}]}}