{"id":11170,"date":"2026-02-04T16:55:50","date_gmt":"2026-02-04T16:55:50","guid":{"rendered":"https:\/\/northlandvelo.eu\/?post_type=product&#038;p=11170"},"modified":"2026-02-23T14:47:11","modified_gmt":"2026-02-23T14:47:11","slug":"locking-buelk-seat-rails","status":"publish","type":"product","link":"https:\/\/northlandvelo.eu\/da\/product\/locking-buelk-seat-rails\/","title":{"rendered":"L\u00e5sning af Buelk-s\u00e6deskinner"},"content":{"rendered":"<p>Disse s\u00e6deskinner er designet til at passe til alle B\u00fclk-velomobiler. Rillen er \u00e6ndret i forhold til standardskinnerne for at mindske risikoen for, at s\u00e6det l\u00f8sner sig, n\u00e5r man k\u00f8rer over uj\u00e6vnheder eller stiger ind og ud. Trykt fra ASA for holdbarhed. Designet er skabt af min ingeni\u00f8rkollega Xander, der venligt har hjulpet mig med at l\u00e6re design og forbedre kvaliteten af min 3D-print. S\u00e6lges som et par. MK1\/Distance-skinner har en skr\u00e5kant p\u00e5 bagsiden for bedre pasform.<\/p>\n<p>Bem\u00e6rk, at 3D-printede emner undertiden kan have sm\u00e5 kosmetiske fejl. Disse fejl har ingen indflydelse p\u00e5 designets funktion og er udelukkende af kosmetisk karakter. Bem\u00e6rk ogs\u00e5, at 3D-printede materialer er lavet af plast og er tilb\u00f8jelige til at f\u00e5 ridser.<\/p>\n<p><iframe loading=\"lazy\" title=\"B\u00fclk and Milan Velomobile Seat Upgrades from Northland Velo\" width=\"950\" height=\"534\" src=\"https:\/\/www.youtube.com\/embed\/fzGpquDDbLs?feature=oembed\" frameborder=\"0\" allow=\"accelerometer; autoplay; clipboard-write; encrypted-media; gyroscope; picture-in-picture; web-share\" referrerpolicy=\"strict-origin-when-cross-origin\" allowfullscreen><\/iframe><\/p>","protected":false},"excerpt":{"rendered":"<p>These seat rails are designed to fit all B\u00fclk velomobiles. The groove is altered from the stock rails to reduce the chances of the seat coming loose when riding over bumps or climbing in and out. Printed from ASA for durability. Design credit goes to my engineer colleague Xander who has graciously helped me with &hellip; <\/p>\n<p class=\"link-more\"><a href=\"https:\/\/northlandvelo.eu\/da\/product\/locking-buelk-seat-rails\/\" class=\"more-link\">L\u00e6s mere<span class=\"screen-reader-text\"> \u201cLocking Buelk Seat Rails\u201d<\/span><\/a><\/p>","protected":false},"featured_media":9576,"template":"","meta":[],"product_brand":[],"product_cat":[117],"product_tag":[133],"class_list":{"0":"post-11170","1":"product","2":"type-product","3":"status-publish","4":"has-post-thumbnail","6":"product_cat-seat","7":"product_tag-buelk-seat-rails","9":"first","10":"instock","11":"taxable","12":"shipping-taxable","13":"purchasable","14":"product-type-variable"},"_links":{"self":[{"href":"https:\/\/northlandvelo.eu\/da\/wp-json\/wp\/v2\/product\/11170","targetHints":{"allow":["GET"]}}],"collection":[{"href":"https:\/\/northlandvelo.eu\/da\/wp-json\/wp\/v2\/product"}],"about":[{"href":"https:\/\/northlandvelo.eu\/da\/wp-json\/wp\/v2\/types\/product"}],"wp:featuredmedia":[{"embeddable":true,"href":"https:\/\/northlandvelo.eu\/da\/wp-json\/wp\/v2\/media\/9576"}],"wp:attachment":[{"href":"https:\/\/northlandvelo.eu\/da\/wp-json\/wp\/v2\/media?parent=11170"}],"wp:term":[{"taxonomy":"product_brand","embeddable":true,"href":"https:\/\/northlandvelo.eu\/da\/wp-json\/wp\/v2\/product_brand?post=11170"},{"taxonomy":"product_cat","embeddable":true,"href":"https:\/\/northlandvelo.eu\/da\/wp-json\/wp\/v2\/product_cat?post=11170"},{"taxonomy":"product_tag","embeddable":true,"href":"https:\/\/northlandvelo.eu\/da\/wp-json\/wp\/v2\/product_tag?post=11170"}],"curies":[{"name":"wp","href":"https:\/\/api.w.org\/{rel}","templated":true}]}}