{"id":11189,"date":"2026-02-04T17:51:27","date_gmt":"2026-02-04T17:51:27","guid":{"rendered":"https:\/\/northlandvelo.eu\/?post_type=product&#038;p=11189"},"modified":"2026-03-06T21:33:08","modified_gmt":"2026-03-06T21:33:08","slug":"busch-mueller-cyclestar-mirror","status":"publish","type":"product","link":"https:\/\/northlandvelo.eu\/da\/product\/busch-mueller-cyclestar-mirror\/","title":{"rendered":"Busch &amp; M\u00fcller Cyclestar-spejl"},"content":{"rendered":"<p>Det originale Cyclestar-spejl med en overflade, der er stor nok til at give et godt udsyn. Beslaget kan justeres i alle retninger og kan monteres p\u00e5 enten motorhjelmen eller karosseriet p\u00e5 en velomobil. Nu f\u00e5s med 3D-printede spejlkoner i PETG-CF, der er egnet til maling. S\u00e6lges enkeltvis. Standardfarven for aerodynamiske koner er sort, men bl\u00e5 og gr\u00e5 er ogs\u00e5 tilg\u00e6ngelige p\u00e5 foresp\u00f8rgsel.<\/p>","protected":false},"excerpt":{"rendered":"<p>The original Cyclestar mirror with a large enough surface for good view. The mount has adjustment in all directions and can be mounted on either the hood or body of a velomobile. Now available with 3D printed mirror cones in PETG-CF suitable for painting. Sold singly. Default color for aero cones is black, but blue &hellip; <\/p>\n<p class=\"link-more\"><a href=\"https:\/\/northlandvelo.eu\/da\/product\/busch-mueller-cyclestar-mirror\/\" class=\"more-link\">L\u00e6s mere<span class=\"screen-reader-text\"> \u201cBusch &#038; Mueller Cyclestar Mirror\u201d<\/span><\/a><\/p>","protected":false},"featured_media":9634,"template":"","meta":[],"product_brand":[],"product_cat":[66,115],"product_tag":[137],"class_list":{"0":"post-11189","1":"product","2":"type-product","3":"status-publish","4":"has-post-thumbnail","6":"product_cat-accessories","7":"product_cat-mirrors","8":"product_tag-mirror","9":"product_shipping_class-small","11":"first","12":"instock","13":"taxable","14":"shipping-taxable","15":"purchasable","16":"product-type-variable"},"_links":{"self":[{"href":"https:\/\/northlandvelo.eu\/da\/wp-json\/wp\/v2\/product\/11189","targetHints":{"allow":["GET"]}}],"collection":[{"href":"https:\/\/northlandvelo.eu\/da\/wp-json\/wp\/v2\/product"}],"about":[{"href":"https:\/\/northlandvelo.eu\/da\/wp-json\/wp\/v2\/types\/product"}],"wp:featuredmedia":[{"embeddable":true,"href":"https:\/\/northlandvelo.eu\/da\/wp-json\/wp\/v2\/media\/9634"}],"wp:attachment":[{"href":"https:\/\/northlandvelo.eu\/da\/wp-json\/wp\/v2\/media?parent=11189"}],"wp:term":[{"taxonomy":"product_brand","embeddable":true,"href":"https:\/\/northlandvelo.eu\/da\/wp-json\/wp\/v2\/product_brand?post=11189"},{"taxonomy":"product_cat","embeddable":true,"href":"https:\/\/northlandvelo.eu\/da\/wp-json\/wp\/v2\/product_cat?post=11189"},{"taxonomy":"product_tag","embeddable":true,"href":"https:\/\/northlandvelo.eu\/da\/wp-json\/wp\/v2\/product_tag?post=11189"}],"curies":[{"name":"wp","href":"https:\/\/api.w.org\/{rel}","templated":true}]}}