{"id":11199,"date":"2026-02-04T18:27:56","date_gmt":"2026-02-04T18:27:56","guid":{"rendered":"https:\/\/northlandvelo.eu\/?post_type=product&#038;p=11199"},"modified":"2026-03-06T13:44:19","modified_gmt":"2026-03-06T13:44:19","slug":"alpha-series-gleitstangen","status":"publish","type":"product","link":"https:\/\/northlandvelo.eu\/da\/product\/alpha-series-gleitstangen\/","title":{"rendered":"Alpha Series and Buelk MK1 Tank Steering Gleitstangen"},"content":{"rendered":"<p>Jeg vil v\u00e6re \u00e6rlig; jeg har ingen anelse om, hvad ordet for disse er p\u00e5 engelsk. Det, jeg ved, er, at disse er en vigtig del af affjedringen. Den originale fabriksversion er lavet af aluminium, som, selvom det er utroligt let, ikke er s\u00e6rlig holdbart. Som f\u00f8lge heraf vil fabriks-Gleitstangen med tiden komme til at se ud, som om en travl b\u00e6ver er ved at f\u00e6lde Gleitstangen-tr\u00e6et. Det er ikke det, du \u00f8nsker skal ske med din dyrebare Gleitstangen. Axel H hos Velomobile SH har udviklet disse forkromede edelstahl Gleitstangen, som sandsynligvis kunne overleve apokalypsen. Selvom jeg kunne tilbyde disse i aluminium og dermed sikre tilbagevendende kunder, vil jeg hellere tilbyde dig noget, der aldrig bliver slidt op. Disse Gleitstangen er fremstillet internt efter de mest kr\u00e6vende specifikationer.<\/p>\n<p>Alpha-serien glidestangslejer s\u00e6lges separat (dette er den sorte del p\u00e5 billedet)<\/p>\n<p><iframe loading=\"lazy\" title=\"The best Gleitstangen for Alpha Velomobiles?\" width=\"950\" height=\"534\" src=\"https:\/\/www.youtube.com\/embed\/9Kif7Gyl9qI?feature=oembed\" frameborder=\"0\" allow=\"accelerometer; autoplay; clipboard-write; encrypted-media; gyroscope; picture-in-picture; web-share\" referrerpolicy=\"strict-origin-when-cross-origin\" allowfullscreen><\/iframe><\/p>","protected":false},"excerpt":{"rendered":"<p>I&#8217;ll be honest; I have no idea what the word for these is in english. What I do know is that these are a critical suspension part. The original factory version is out of aluminum which, while incredibly light, is not very durable. As a result, the factory Gleitstangen will start to look over time &hellip; <\/p>\n<p class=\"link-more\"><a href=\"https:\/\/northlandvelo.eu\/da\/product\/alpha-series-gleitstangen\/\" class=\"more-link\">L\u00e6s mere<span class=\"screen-reader-text\"> \u201cAlpha Series and Buelk MK1 Tank Steering Gleitstangen\u201d<\/span><\/a><\/p>","protected":false},"featured_media":11201,"template":"","meta":[],"product_brand":[],"product_cat":[112],"product_tag":[142,141],"class_list":{"0":"post-11199","1":"product","2":"type-product","3":"status-publish","4":"has-post-thumbnail","6":"product_cat-part","7":"product_tag-alpha","8":"product_tag-gleitstangen","9":"product_shipping_class-small","11":"first","12":"instock","13":"taxable","14":"shipping-taxable","15":"purchasable","16":"product-type-variable"},"_links":{"self":[{"href":"https:\/\/northlandvelo.eu\/da\/wp-json\/wp\/v2\/product\/11199","targetHints":{"allow":["GET"]}}],"collection":[{"href":"https:\/\/northlandvelo.eu\/da\/wp-json\/wp\/v2\/product"}],"about":[{"href":"https:\/\/northlandvelo.eu\/da\/wp-json\/wp\/v2\/types\/product"}],"wp:featuredmedia":[{"embeddable":true,"href":"https:\/\/northlandvelo.eu\/da\/wp-json\/wp\/v2\/media\/11201"}],"wp:attachment":[{"href":"https:\/\/northlandvelo.eu\/da\/wp-json\/wp\/v2\/media?parent=11199"}],"wp:term":[{"taxonomy":"product_brand","embeddable":true,"href":"https:\/\/northlandvelo.eu\/da\/wp-json\/wp\/v2\/product_brand?post=11199"},{"taxonomy":"product_cat","embeddable":true,"href":"https:\/\/northlandvelo.eu\/da\/wp-json\/wp\/v2\/product_cat?post=11199"},{"taxonomy":"product_tag","embeddable":true,"href":"https:\/\/northlandvelo.eu\/da\/wp-json\/wp\/v2\/product_tag?post=11199"}],"curies":[{"name":"wp","href":"https:\/\/api.w.org\/{rel}","templated":true}]}}