{"id":11207,"date":"2026-02-04T18:41:37","date_gmt":"2026-02-04T18:41:37","guid":{"rendered":"https:\/\/northlandvelo.eu\/?post_type=product&#038;p=11207"},"modified":"2026-02-22T15:23:51","modified_gmt":"2026-02-22T15:23:51","slug":"vemo-mini-bag","status":"publish","type":"product","link":"https:\/\/northlandvelo.eu\/da\/product\/vemo-mini-bag\/","title":{"rendered":"Vemo Mini Bag"},"content":{"rendered":"<p>Den perfekte erstatning for en tegnebog. Har du glemt at tage din tegnebog med? Med VeMo mini-tasken kan du altid have en reserve af kontanter i din velomobil. Foretr\u00e6kker du ikke at tage din tegnebog med, n\u00e5r du cykler? VeMo mini er den ideelle erstatning. Den er ogs\u00e5 perfekt til opbevaring af dine n\u00f8gler eller andre sm\u00e5ting, som du ikke vil have liggende og rasle rundt i din velomobil. Fastg\u00f8res nemt til v\u00e6ggen med velcro. Kanterne er slidst\u00e6rke. Velcro medf\u00f8lger til montering. St\u00f8rrelse: 9,5 cm h\u00f8j, 11,5 cm bred og 0,5 cm tyk.<\/p>","protected":false},"excerpt":{"rendered":"<p>The perfect replacement for carrying a wallet. Forgot to bring your wallet with? With the VeMo mini bag you can keep a stash of cash in your velomobile at all times. Prefer not to bring your wallet with when you ride? The VeMo mini is the ideal replacement. It&#8217;s also perfect for stashing your keys &hellip; <\/p>\n<p class=\"link-more\"><a href=\"https:\/\/northlandvelo.eu\/da\/product\/vemo-mini-bag\/\" class=\"more-link\">L\u00e6s mere<span class=\"screen-reader-text\"> \u201cVemo Mini Bag\u201d<\/span><\/a><\/p>","protected":false},"featured_media":9619,"template":"","meta":[],"product_brand":[143],"product_cat":[66,119],"product_tag":[144],"class_list":{"0":"post-11207","1":"product","2":"type-product","3":"status-publish","4":"has-post-thumbnail","6":"product_brand-vemo","7":"product_cat-accessories","8":"product_cat-comfort","9":"product_tag-vemo-bag","10":"product_shipping_class-envelope","12":"first","13":"instock","14":"taxable","15":"shipping-taxable","16":"purchasable","17":"product-type-simple"},"_links":{"self":[{"href":"https:\/\/northlandvelo.eu\/da\/wp-json\/wp\/v2\/product\/11207","targetHints":{"allow":["GET"]}}],"collection":[{"href":"https:\/\/northlandvelo.eu\/da\/wp-json\/wp\/v2\/product"}],"about":[{"href":"https:\/\/northlandvelo.eu\/da\/wp-json\/wp\/v2\/types\/product"}],"wp:featuredmedia":[{"embeddable":true,"href":"https:\/\/northlandvelo.eu\/da\/wp-json\/wp\/v2\/media\/9619"}],"wp:attachment":[{"href":"https:\/\/northlandvelo.eu\/da\/wp-json\/wp\/v2\/media?parent=11207"}],"wp:term":[{"taxonomy":"product_brand","embeddable":true,"href":"https:\/\/northlandvelo.eu\/da\/wp-json\/wp\/v2\/product_brand?post=11207"},{"taxonomy":"product_cat","embeddable":true,"href":"https:\/\/northlandvelo.eu\/da\/wp-json\/wp\/v2\/product_cat?post=11207"},{"taxonomy":"product_tag","embeddable":true,"href":"https:\/\/northlandvelo.eu\/da\/wp-json\/wp\/v2\/product_tag?post=11207"}],"curies":[{"name":"wp","href":"https:\/\/api.w.org\/{rel}","templated":true}]}}