{"id":11214,"date":"2026-02-04T18:53:34","date_gmt":"2026-02-04T18:53:34","guid":{"rendered":"https:\/\/northlandvelo.eu\/?post_type=product&#038;p=11214"},"modified":"2026-02-10T20:23:55","modified_gmt":"2026-02-10T20:23:55","slug":"idler-guard","status":"publish","type":"product","link":"https:\/\/northlandvelo.eu\/da\/product\/idler-guard\/","title":{"rendered":"Omdrejningsbeskyttelse"},"content":{"rendered":"<p>Nogle moderne velomobiler har et ret ubelejligt problem med, at k\u00e6den springer af oml\u00f8beren. Denne enkle beskyttelse monteres p\u00e5 oml\u00f8berakslen og forhindrer, at det sker. Denne version passer til Buelks, Milans og andre velomobiler med denne st\u00f8rrelse oml\u00f8ber.<\/p>\n<p>Kr\u00e6ver fjernelse af oml\u00f8beren for installation. Afstandsstykker monteret omkring oml\u00f8beren skal sandsynligvis reduceres i st\u00f8rrelse. Afstandsstykker i specialst\u00f8rrelser kan udskrives efter anmodning og indsendelse af m\u00e5l.<\/p>","protected":false},"excerpt":{"rendered":"<p>Some modern velomobiles have a rather inconvenient problem of the chain coming off the idler. This simple guard mounts on the idler axle and prevents that from happening. This version will fit Buelks, Milans, and other velomobiles with this size of idler. Requires removal of the idler for installation. Spacers installed around idler likely will &hellip; <\/p>\n<p class=\"link-more\"><a href=\"https:\/\/northlandvelo.eu\/da\/product\/idler-guard\/\" class=\"more-link\">L\u00e6s mere<span class=\"screen-reader-text\"> \u201cIdler Guard\u201d<\/span><\/a><\/p>","protected":false},"featured_media":9524,"template":"","meta":[],"product_brand":[],"product_cat":[66,120],"product_tag":[147],"class_list":{"0":"post-11214","1":"product","2":"type-product","3":"status-publish","4":"has-post-thumbnail","6":"product_cat-accessories","7":"product_cat-drivetrain","8":"product_tag-idler-guard","9":"product_shipping_class-letterbox","11":"first","12":"instock","13":"taxable","14":"shipping-taxable","15":"purchasable","16":"product-type-simple"},"_links":{"self":[{"href":"https:\/\/northlandvelo.eu\/da\/wp-json\/wp\/v2\/product\/11214","targetHints":{"allow":["GET"]}}],"collection":[{"href":"https:\/\/northlandvelo.eu\/da\/wp-json\/wp\/v2\/product"}],"about":[{"href":"https:\/\/northlandvelo.eu\/da\/wp-json\/wp\/v2\/types\/product"}],"wp:featuredmedia":[{"embeddable":true,"href":"https:\/\/northlandvelo.eu\/da\/wp-json\/wp\/v2\/media\/9524"}],"wp:attachment":[{"href":"https:\/\/northlandvelo.eu\/da\/wp-json\/wp\/v2\/media?parent=11214"}],"wp:term":[{"taxonomy":"product_brand","embeddable":true,"href":"https:\/\/northlandvelo.eu\/da\/wp-json\/wp\/v2\/product_brand?post=11214"},{"taxonomy":"product_cat","embeddable":true,"href":"https:\/\/northlandvelo.eu\/da\/wp-json\/wp\/v2\/product_cat?post=11214"},{"taxonomy":"product_tag","embeddable":true,"href":"https:\/\/northlandvelo.eu\/da\/wp-json\/wp\/v2\/product_tag?post=11214"}],"curies":[{"name":"wp","href":"https:\/\/api.w.org\/{rel}","templated":true}]}}