{"id":11222,"date":"2026-02-04T19:06:19","date_gmt":"2026-02-04T19:06:19","guid":{"rendered":"https:\/\/northlandvelo.eu\/?post_type=product&#038;p=11222"},"modified":"2026-02-10T20:22:48","modified_gmt":"2026-02-10T20:22:48","slug":"keeleazy-tape","status":"publish","type":"product","link":"https:\/\/northlandvelo.eu\/da\/product\/keeleazy-tape\/","title":{"rendered":"KeelEazy Tape"},"content":{"rendered":"<p>Keel Eazy-tape er en fantastisk m\u00e5de at beskytte h\u00e6lst\u00f8tterne og andre s\u00e5rbare omr\u00e5der p\u00e5 din velomobil. Keel Eazy bruges normalt p\u00e5 k\u00f8lene p\u00e5 kanoer og kajakker. Det er meget holdbart og let at p\u00e5f\u00f8re. Du skal bare sk\u00e6re det til i den \u00f8nskede st\u00f8rrelse og varme det op med en varmepistol for at aktivere kl\u00e6bemidlet.<\/p>\n<p>S\u00e6lges i en 30 cm lang strimmel, der er 3 cm bred. Hvis du k\u00f8ber 2 eller flere, modtager du en l\u00e6ngere strimmel stof, som du kan klippe til i den \u00f8nskede st\u00f8rrelse.<\/p>\n<p>S\u00f8rg for at reng\u00f8re overfladen grundigt med s\u00e6be og vand inden p\u00e5f\u00f8ring, og reng\u00f8r derefter en sidste gang med isopropylalkohol for at sikre den bedst mulige vedh\u00e6ftning. Dette g\u00e6lder is\u00e6r p\u00e5 velomobiler, der er nye fra fabrikken, da der stadig kan v\u00e6re rester af fedt.<\/p>","protected":false},"excerpt":{"rendered":"<p>Keel Eazy tape is a great way to protect the heel bumps and other vulnerable areas of your velomobile. Keel Eazy is normally used on the keels of canoes and kayaks. It is highly durable and easy to apply. Just cut to size and heat with a heat gun to activate the adhesive. Sold in &hellip; <\/p>\n<p class=\"link-more\"><a href=\"https:\/\/northlandvelo.eu\/da\/product\/keeleazy-tape\/\" class=\"more-link\">L\u00e6s mere<span class=\"screen-reader-text\"> \u201cKeelEazy Tape\u201d<\/span><\/a><\/p>","protected":false},"featured_media":9599,"template":"","meta":[],"product_brand":[149],"product_cat":[66,118],"product_tag":[150],"class_list":{"0":"post-11222","1":"product","2":"type-product","3":"status-publish","4":"has-post-thumbnail","6":"product_brand-keeleazy","7":"product_cat-accessories","8":"product_cat-safety","9":"product_tag-keeleazy","10":"product_shipping_class-letterbox","12":"first","13":"instock","14":"taxable","15":"shipping-taxable","16":"purchasable","17":"product-type-simple"},"_links":{"self":[{"href":"https:\/\/northlandvelo.eu\/da\/wp-json\/wp\/v2\/product\/11222","targetHints":{"allow":["GET"]}}],"collection":[{"href":"https:\/\/northlandvelo.eu\/da\/wp-json\/wp\/v2\/product"}],"about":[{"href":"https:\/\/northlandvelo.eu\/da\/wp-json\/wp\/v2\/types\/product"}],"wp:featuredmedia":[{"embeddable":true,"href":"https:\/\/northlandvelo.eu\/da\/wp-json\/wp\/v2\/media\/9599"}],"wp:attachment":[{"href":"https:\/\/northlandvelo.eu\/da\/wp-json\/wp\/v2\/media?parent=11222"}],"wp:term":[{"taxonomy":"product_brand","embeddable":true,"href":"https:\/\/northlandvelo.eu\/da\/wp-json\/wp\/v2\/product_brand?post=11222"},{"taxonomy":"product_cat","embeddable":true,"href":"https:\/\/northlandvelo.eu\/da\/wp-json\/wp\/v2\/product_cat?post=11222"},{"taxonomy":"product_tag","embeddable":true,"href":"https:\/\/northlandvelo.eu\/da\/wp-json\/wp\/v2\/product_tag?post=11222"}],"curies":[{"name":"wp","href":"https:\/\/api.w.org\/{rel}","templated":true}]}}