{"id":11232,"date":"2026-02-04T19:23:24","date_gmt":"2026-02-04T19:23:24","guid":{"rendered":"https:\/\/northlandvelo.eu\/?post_type=product&#038;p=11232"},"modified":"2026-02-22T13:15:40","modified_gmt":"2026-02-22T13:15:40","slug":"snackpack-elbow-rests","status":"publish","type":"product","link":"https:\/\/northlandvelo.eu\/da\/product\/snackpack-elbow-rests\/","title":{"rendered":"SnackPack albueunderlag"},"content":{"rendered":"<p>Disse albueunderlag er fremstillet af bl\u00f8dt 83a TPE og er det ultimative inden for komfort og holdbarhed. Ud over den bl\u00f8de, st\u00f8ttende overflade har de ogs\u00e5 et rum til snacks eller sm\u00e5 genstande. De kan fastg\u00f8res til v\u00e6ggene i din velomobil ved hj\u00e6lp af velcro. Bem\u00e6rk, at albueunderlagene bliver lidt h\u00e5rdere i koldt vejr p\u00e5 grund af plastens egenskaber. Jeg har oplevet, at de fortsat er st\u00f8ttende og komfortable, selv i ekstrem kulde.<\/p>\n<p>Bem\u00e6rk, at 3D-printede emner undertiden kan have sm\u00e5 kosmetiske fejl. Disse fejl har ingen indflydelse p\u00e5 designets funktion og er udelukkende af kosmetisk karakter. Bem\u00e6rk ogs\u00e5, at 3D-printede materialer er lavet af plast og er tilb\u00f8jelige til at f\u00e5 ridser.<\/p>\n<p><iframe loading=\"lazy\" title=\"Pimp Your Ride Ep. 1: 3D Printing Meets the Velomobile\" width=\"950\" height=\"534\" src=\"https:\/\/www.youtube.com\/embed\/tRf2uGU-o7Q?feature=oembed\" frameborder=\"0\" allow=\"accelerometer; autoplay; clipboard-write; encrypted-media; gyroscope; picture-in-picture; web-share\" referrerpolicy=\"strict-origin-when-cross-origin\" allowfullscreen><\/iframe><\/p>","protected":false},"excerpt":{"rendered":"<p>Made of snice soft 83a TPE, these elbow rests are the ultimate in comfort and durability. In addition to the soft supportive surface, they also offer a compartment to hold snacks or small items. They can be attached to the walls of your velomobile using velcro. Please note that the elbow rests will be somewhat &hellip; <\/p>\n<p class=\"link-more\"><a href=\"https:\/\/northlandvelo.eu\/da\/product\/snackpack-elbow-rests\/\" class=\"more-link\">L\u00e6s mere<span class=\"screen-reader-text\"> \u201cSnackPack Elbow Rests\u201d<\/span><\/a><\/p>","protected":false},"featured_media":9688,"template":"","meta":[],"product_brand":[],"product_cat":[66,119,111],"product_tag":[],"class_list":{"0":"post-11232","1":"product","2":"type-product","3":"status-publish","4":"has-post-thumbnail","6":"product_cat-accessories","7":"product_cat-comfort","8":"product_cat-new","9":"product_shipping_class-small","11":"first","12":"instock","13":"taxable","14":"shipping-taxable","15":"purchasable","16":"product-type-simple"},"_links":{"self":[{"href":"https:\/\/northlandvelo.eu\/da\/wp-json\/wp\/v2\/product\/11232","targetHints":{"allow":["GET"]}}],"collection":[{"href":"https:\/\/northlandvelo.eu\/da\/wp-json\/wp\/v2\/product"}],"about":[{"href":"https:\/\/northlandvelo.eu\/da\/wp-json\/wp\/v2\/types\/product"}],"wp:featuredmedia":[{"embeddable":true,"href":"https:\/\/northlandvelo.eu\/da\/wp-json\/wp\/v2\/media\/9688"}],"wp:attachment":[{"href":"https:\/\/northlandvelo.eu\/da\/wp-json\/wp\/v2\/media?parent=11232"}],"wp:term":[{"taxonomy":"product_brand","embeddable":true,"href":"https:\/\/northlandvelo.eu\/da\/wp-json\/wp\/v2\/product_brand?post=11232"},{"taxonomy":"product_cat","embeddable":true,"href":"https:\/\/northlandvelo.eu\/da\/wp-json\/wp\/v2\/product_cat?post=11232"},{"taxonomy":"product_tag","embeddable":true,"href":"https:\/\/northlandvelo.eu\/da\/wp-json\/wp\/v2\/product_tag?post=11232"}],"curies":[{"name":"wp","href":"https:\/\/api.w.org\/{rel}","templated":true}]}}