{"id":11240,"date":"2026-02-04T19:44:09","date_gmt":"2026-02-04T19:44:09","guid":{"rendered":"https:\/\/northlandvelo.eu\/?post_type=product&#038;p=11240"},"modified":"2026-02-22T12:59:14","modified_gmt":"2026-02-22T12:59:14","slug":"iq-xl-hotspot-for-velomobiles","status":"publish","type":"product","link":"https:\/\/northlandvelo.eu\/da\/product\/iq-xl-hotspot-for-velomobiles\/","title":{"rendered":"IQ-XL Hotspot til velomobiler"},"content":{"rendered":"<p>Det ultimative hotspot til at f\u00e5 dine lys h\u00f8jt og klart. Denne version tilbyder en monteringsbeslag foran til B&amp;M IQ-XL forlygten. Der vil v\u00e6re to versioner, en med en monteringsbeslag bagp\u00e5 til Garmin Varia og en anden mere aerodynamisk bagende, hvor du kan montere dine egne lys. Selvom dette er designet til at passe til Buelk-velomobiler, kan det ogs\u00e5 tilpasses til andre modeller, herunder DF\/DFXL, Quest, QV, Mango, Strada, Milan og sandsynligvis et par andre. For information om, hvordan du monterer det p\u00e5 andre frontkofangere, send mig en privat besked. Trykt fra ASA for holdbarhed.<\/p>\n<p>Bem\u00e6rk, at 3D-printede emner undertiden kan have sm\u00e5 kosmetiske fejl. Disse fejl har ingen indflydelse p\u00e5 designets funktion og er udelukkende af kosmetisk karakter. Bem\u00e6rk ogs\u00e5, at 3D-printede materialer er lavet af plast og er tilb\u00f8jelige til at f\u00e5 ridser.<\/p>\n<p><iframe loading=\"lazy\" title=\"Safety Solutions for Your Velomobile: Lights, Lights, and More Lights!\" width=\"950\" height=\"534\" src=\"https:\/\/www.youtube.com\/embed\/mNLXYRkUN44?feature=oembed\" frameborder=\"0\" allow=\"accelerometer; autoplay; clipboard-write; encrypted-media; gyroscope; picture-in-picture; web-share\" referrerpolicy=\"strict-origin-when-cross-origin\" allowfullscreen><\/iframe><\/p>","protected":false},"excerpt":{"rendered":"<p>The ultimate hotspot to get your lights up high and bright. This version offers a mount in front for the B&amp;M IQ-XL headlight. There will be two versions, one with a mount in the rear for the Garmin Varia, and another more aero tail where you can mount your own lights. While this is designed &hellip; <\/p>\n<p class=\"link-more\"><a href=\"https:\/\/northlandvelo.eu\/da\/product\/iq-xl-hotspot-for-velomobiles\/\" class=\"more-link\">L\u00e6s mere<span class=\"screen-reader-text\"> \u201cIQ-XL Hotspot for Velomobiles\u201d<\/span><\/a><\/p>","protected":false},"featured_media":11248,"template":"","meta":[],"product_brand":[],"product_cat":[66,118],"product_tag":[154],"class_list":{"0":"post-11240","1":"product","2":"type-product","3":"status-publish","4":"has-post-thumbnail","6":"product_cat-accessories","7":"product_cat-safety","8":"product_tag-hotspot-lighting","9":"product_shipping_class-small","11":"first","12":"instock","13":"taxable","14":"shipping-taxable","15":"purchasable","16":"product-type-variable"},"_links":{"self":[{"href":"https:\/\/northlandvelo.eu\/da\/wp-json\/wp\/v2\/product\/11240","targetHints":{"allow":["GET"]}}],"collection":[{"href":"https:\/\/northlandvelo.eu\/da\/wp-json\/wp\/v2\/product"}],"about":[{"href":"https:\/\/northlandvelo.eu\/da\/wp-json\/wp\/v2\/types\/product"}],"wp:featuredmedia":[{"embeddable":true,"href":"https:\/\/northlandvelo.eu\/da\/wp-json\/wp\/v2\/media\/11248"}],"wp:attachment":[{"href":"https:\/\/northlandvelo.eu\/da\/wp-json\/wp\/v2\/media?parent=11240"}],"wp:term":[{"taxonomy":"product_brand","embeddable":true,"href":"https:\/\/northlandvelo.eu\/da\/wp-json\/wp\/v2\/product_brand?post=11240"},{"taxonomy":"product_cat","embeddable":true,"href":"https:\/\/northlandvelo.eu\/da\/wp-json\/wp\/v2\/product_cat?post=11240"},{"taxonomy":"product_tag","embeddable":true,"href":"https:\/\/northlandvelo.eu\/da\/wp-json\/wp\/v2\/product_tag?post=11240"}],"curies":[{"name":"wp","href":"https:\/\/api.w.org\/{rel}","templated":true}]}}