{"id":11261,"date":"2026-02-04T20:05:42","date_gmt":"2026-02-04T20:05:42","guid":{"rendered":"https:\/\/northlandvelo.eu\/?post_type=product&#038;p=11261"},"modified":"2026-02-22T12:49:19","modified_gmt":"2026-02-22T12:49:19","slug":"alpha-series-strut-bearings","status":"publish","type":"product","link":"https:\/\/northlandvelo.eu\/da\/product\/alpha-series-strut-bearings\/","title":{"rendered":"Alpha-serien stivere"},"content":{"rendered":"<p>Disse udskiftningslejer til Alpha-serien er den ideelle l\u00f8sning til slidte lejer p\u00e5 de f\u00f8rste modeller i Alpha-serien. Med disse udskiftningsdele kan du ikke kun udskifte det beskadigede glideleje, men ogs\u00e5 bringe stangen tilbage i den korrekte position for optimal h\u00e5ndtering. Der medf\u00f8lger to 3D-printede pander i h\u00f8j kvalitet samt de tilh\u00f8rende kalotter til glidelejestangen. Den n\u00f8dvendige skrueforbindelse er ogs\u00e5 allerede inkluderet. Med Alpha-seriens stivere kan du hurtigt og omkostningseffektivt f\u00e5 din velomobil tilbage i topform.<\/p>\n<p><iframe loading=\"lazy\" title=\"The best Gleitstangen for Alpha Velomobiles?\" width=\"950\" height=\"534\" src=\"https:\/\/www.youtube.com\/embed\/9Kif7Gyl9qI?feature=oembed\" frameborder=\"0\" allow=\"accelerometer; autoplay; clipboard-write; encrypted-media; gyroscope; picture-in-picture; web-share\" referrerpolicy=\"strict-origin-when-cross-origin\" allowfullscreen><\/iframe><\/p>","protected":false},"excerpt":{"rendered":"<p>These replacement Alpha series strut bearings are the ideal solution for worn strut bearings on the first models of the Alpha series. With these replacements you can not only replace the damaged plain bearing, but also bring the rod back into the correct position for optimal handling. Included are two high-quality 3D printed pans as &hellip; <\/p>\n<p class=\"link-more\"><a href=\"https:\/\/northlandvelo.eu\/da\/product\/alpha-series-strut-bearings\/\" class=\"more-link\">L\u00e6s mere<span class=\"screen-reader-text\"> \u201cAlpha Series Strut Bearings\u201d<\/span><\/a><\/p>","protected":false},"featured_media":11262,"template":"","meta":[],"product_brand":[139],"product_cat":[112],"product_tag":[156],"class_list":{"0":"post-11261","1":"product","2":"type-product","3":"status-publish","4":"has-post-thumbnail","6":"product_brand-igus","7":"product_cat-part","8":"product_tag-alpha-struts","9":"product_shipping_class-letterbox","11":"first","12":"instock","13":"taxable","14":"shipping-taxable","15":"product-type-simple"},"_links":{"self":[{"href":"https:\/\/northlandvelo.eu\/da\/wp-json\/wp\/v2\/product\/11261","targetHints":{"allow":["GET"]}}],"collection":[{"href":"https:\/\/northlandvelo.eu\/da\/wp-json\/wp\/v2\/product"}],"about":[{"href":"https:\/\/northlandvelo.eu\/da\/wp-json\/wp\/v2\/types\/product"}],"wp:featuredmedia":[{"embeddable":true,"href":"https:\/\/northlandvelo.eu\/da\/wp-json\/wp\/v2\/media\/11262"}],"wp:attachment":[{"href":"https:\/\/northlandvelo.eu\/da\/wp-json\/wp\/v2\/media?parent=11261"}],"wp:term":[{"taxonomy":"product_brand","embeddable":true,"href":"https:\/\/northlandvelo.eu\/da\/wp-json\/wp\/v2\/product_brand?post=11261"},{"taxonomy":"product_cat","embeddable":true,"href":"https:\/\/northlandvelo.eu\/da\/wp-json\/wp\/v2\/product_cat?post=11261"},{"taxonomy":"product_tag","embeddable":true,"href":"https:\/\/northlandvelo.eu\/da\/wp-json\/wp\/v2\/product_tag?post=11261"}],"curies":[{"name":"wp","href":"https:\/\/api.w.org\/{rel}","templated":true}]}}