{"id":11265,"date":"2026-02-04T20:13:06","date_gmt":"2026-02-04T20:13:06","guid":{"rendered":"https:\/\/northlandvelo.eu\/?post_type=product&#038;p=11265"},"modified":"2026-02-10T20:17:33","modified_gmt":"2026-02-10T20:17:33","slug":"the-wiper-blade","status":"publish","type":"product","link":"https:\/\/northlandvelo.eu\/da\/product\/the-wiper-blade\/","title":{"rendered":"Viskerbladet"},"content":{"rendered":"<p>Et af de mest solgte produkter i butikken:<\/p>\n<p>Hvis du nogensinde har k\u00f8rt i regn, ved du, hvor sv\u00e6rt det kan v\u00e6re at se ud gennem visiret. Du ved ogs\u00e5, at det ikke er s\u00e6rlig sjovt at f\u00e5 regn i ansigtet, n\u00e5r du \u00e5bner visiret for at se. En vinduesviskerblad er l\u00f8sningen p\u00e5 b\u00e5de sikkerhed og komfort, n\u00e5r du k\u00f8rer i regnvejr. Dette vinduesviskerblad er designet til at ud\u00f8ve et j\u00e6vnt tryk p\u00e5 forruden, mens det t\u00f8rrer regnen v\u00e6k. Nu redesignet for at v\u00e6re mere holdbart.<\/p>\n<p><iframe loading=\"lazy\" title=\"The Velomobile SH Wiper Blade\" width=\"950\" height=\"534\" src=\"https:\/\/www.youtube.com\/embed\/hXjwimzilyM?feature=oembed\" frameborder=\"0\" allow=\"accelerometer; autoplay; clipboard-write; encrypted-media; gyroscope; picture-in-picture; web-share\" referrerpolicy=\"strict-origin-when-cross-origin\" allowfullscreen><\/iframe><\/p>","protected":false},"excerpt":{"rendered":"<p>One of the top-selling products in the shop: If you&#8217;ve ever ridden in rain, you know how difficult it can be to see out the visor. You also know it&#8217;s not much fun to have rain pelting you in the face when you open the visor to see. A wiper blade is the solution for &hellip; <\/p>\n<p class=\"link-more\"><a href=\"https:\/\/northlandvelo.eu\/da\/product\/the-wiper-blade\/\" class=\"more-link\">L\u00e6s mere<span class=\"screen-reader-text\"> \u201cThe Wiper Blade\u201d<\/span><\/a><\/p>","protected":false},"featured_media":9526,"template":"","meta":[],"product_brand":[],"product_cat":[119,111,118],"product_tag":[157],"class_list":{"0":"post-11265","1":"product","2":"type-product","3":"status-publish","4":"has-post-thumbnail","6":"product_cat-comfort","7":"product_cat-new","8":"product_cat-safety","9":"product_tag-wiper-blade","10":"product_shipping_class-envelope","12":"first","13":"instock","14":"taxable","15":"shipping-taxable","16":"purchasable","17":"product-type-simple"},"_links":{"self":[{"href":"https:\/\/northlandvelo.eu\/da\/wp-json\/wp\/v2\/product\/11265","targetHints":{"allow":["GET"]}}],"collection":[{"href":"https:\/\/northlandvelo.eu\/da\/wp-json\/wp\/v2\/product"}],"about":[{"href":"https:\/\/northlandvelo.eu\/da\/wp-json\/wp\/v2\/types\/product"}],"wp:featuredmedia":[{"embeddable":true,"href":"https:\/\/northlandvelo.eu\/da\/wp-json\/wp\/v2\/media\/9526"}],"wp:attachment":[{"href":"https:\/\/northlandvelo.eu\/da\/wp-json\/wp\/v2\/media?parent=11265"}],"wp:term":[{"taxonomy":"product_brand","embeddable":true,"href":"https:\/\/northlandvelo.eu\/da\/wp-json\/wp\/v2\/product_brand?post=11265"},{"taxonomy":"product_cat","embeddable":true,"href":"https:\/\/northlandvelo.eu\/da\/wp-json\/wp\/v2\/product_cat?post=11265"},{"taxonomy":"product_tag","embeddable":true,"href":"https:\/\/northlandvelo.eu\/da\/wp-json\/wp\/v2\/product_tag?post=11265"}],"curies":[{"name":"wp","href":"https:\/\/api.w.org\/{rel}","templated":true}]}}