{"id":11292,"date":"2026-02-05T10:37:33","date_gmt":"2026-02-05T10:37:33","guid":{"rendered":"https:\/\/northlandvelo.eu\/?post_type=product&#038;p=11292"},"modified":"2026-02-18T16:46:00","modified_gmt":"2026-02-18T16:46:00","slug":"zefal-spin-aero-mirrors","status":"publish","type":"product","link":"https:\/\/northlandvelo.eu\/da\/product\/zefal-spin-aero-mirrors\/","title":{"rendered":"Zefal Spin Aero spejle"},"content":{"rendered":"<p>Zefal Spin-spejle er et popul\u00e6rt valg, n\u00e5r det g\u00e6lder minimalistiske spejle. Disse sp\u00e6ndeh\u00e6tter giver spejlene et flot \u00e6stetisk touch og kan ogs\u00e5 spare et par watt.<\/p>\n<p>F\u00e5s ogs\u00e5 med forudinstallerede spejle.<\/p>\n<p>*Bem\u00e6rk, at hvis du vil sikre dig, at h\u00e6tten ikke falder af, hvis den st\u00f8des, kan du bruge lidt dobbeltsidet tape for at f\u00e5 en mere sikker fastg\u00f8relse.<\/p>\n<p>Bem\u00e6rk, at 3D-printede emner undertiden kan have sm\u00e5 kosmetiske fejl. Disse fejl har ingen indflydelse p\u00e5 designets funktion og er udelukkende af kosmetisk karakter. Bem\u00e6rk ogs\u00e5, at 3D-printede materialer er lavet af plast og er tilb\u00f8jelige til at f\u00e5 ridser.<\/p>","protected":false},"excerpt":{"rendered":"<p>The Zefal Spin mirrors are a popular choice for a minimalistic mirror. These tension fit caps add a nice aesthetic touch to the mirrors and may also save a watt or two. Also available with mirrors pre-installed. *Please note if you wish to ensure the cap does not come off it bumped, a bit of &hellip; <\/p>\n<p class=\"link-more\"><a href=\"https:\/\/northlandvelo.eu\/da\/product\/zefal-spin-aero-mirrors\/\" class=\"more-link\">L\u00e6s mere<span class=\"screen-reader-text\"> \u201cZefal Spin Aero Mirrors\u201d<\/span><\/a><\/p>","protected":false},"featured_media":9520,"template":"","meta":[],"product_brand":[162],"product_cat":[66,115],"product_tag":[163],"class_list":{"0":"post-11292","1":"product","2":"type-product","3":"status-publish","4":"has-post-thumbnail","6":"product_brand-zefa","7":"product_cat-accessories","8":"product_cat-mirrors","9":"product_tag-aero-mirror","10":"product_shipping_class-small","12":"first","13":"instock","14":"taxable","15":"shipping-taxable","16":"purchasable","17":"product-type-variable"},"_links":{"self":[{"href":"https:\/\/northlandvelo.eu\/da\/wp-json\/wp\/v2\/product\/11292","targetHints":{"allow":["GET"]}}],"collection":[{"href":"https:\/\/northlandvelo.eu\/da\/wp-json\/wp\/v2\/product"}],"about":[{"href":"https:\/\/northlandvelo.eu\/da\/wp-json\/wp\/v2\/types\/product"}],"wp:featuredmedia":[{"embeddable":true,"href":"https:\/\/northlandvelo.eu\/da\/wp-json\/wp\/v2\/media\/9520"}],"wp:attachment":[{"href":"https:\/\/northlandvelo.eu\/da\/wp-json\/wp\/v2\/media?parent=11292"}],"wp:term":[{"taxonomy":"product_brand","embeddable":true,"href":"https:\/\/northlandvelo.eu\/da\/wp-json\/wp\/v2\/product_brand?post=11292"},{"taxonomy":"product_cat","embeddable":true,"href":"https:\/\/northlandvelo.eu\/da\/wp-json\/wp\/v2\/product_cat?post=11292"},{"taxonomy":"product_tag","embeddable":true,"href":"https:\/\/northlandvelo.eu\/da\/wp-json\/wp\/v2\/product_tag?post=11292"}],"curies":[{"name":"wp","href":"https:\/\/api.w.org\/{rel}","templated":true}]}}