{"id":11311,"date":"2026-02-05T11:00:19","date_gmt":"2026-02-05T11:00:19","guid":{"rendered":"https:\/\/northlandvelo.eu\/?post_type=product&#038;p=11311"},"modified":"2026-02-10T20:11:59","modified_gmt":"2026-02-10T20:11:59","slug":"retractable-drinking-hose-holder","status":"publish","type":"product","link":"https:\/\/northlandvelo.eu\/da\/product\/retractable-drinking-hose-holder\/","title":{"rendered":"Indtr\u00e6kkelig drikkeslangeholder"},"content":{"rendered":"<p>Du beh\u00f8ver ikke l\u00e6ngere lede efter din drikkeslange eller det stykke velcro, du har lagt et eller andet sted for at holde den p\u00e5 plads v\u00e6k fra det beskidte gulv i din velomobil. Din drikkeslange vender altid tilbage til samme position med denne udtr\u00e6kkelige holder.<\/p>\n<p>S\u00e6ttet indeholder en basestation med velcro, et hus med returkabel og en klemme til at fastg\u00f8re drikkeslangen.<\/p>\n<p>This item will not be restocked.<\/p>\n<p>Bem\u00e6rk, at 3D-printede emner undertiden kan have sm\u00e5 kosmetiske fejl. Disse fejl har ingen indflydelse p\u00e5 designets funktion og er udelukkende af kosmetisk karakter. Bem\u00e6rk ogs\u00e5, at 3D-printede materialer er lavet af plast og er tilb\u00f8jelige til at f\u00e5 ridser.<\/p>\n<p><iframe loading=\"lazy\" title=\"Retractable Drinking Tube Holder for Velomobiles\" width=\"950\" height=\"534\" src=\"https:\/\/www.youtube.com\/embed\/qRjMXREEHJY?feature=oembed\" frameborder=\"0\" allow=\"accelerometer; autoplay; clipboard-write; encrypted-media; gyroscope; picture-in-picture; web-share\" referrerpolicy=\"strict-origin-when-cross-origin\" allowfullscreen><\/iframe><\/p>","protected":false},"excerpt":{"rendered":"<p>No more searching for your drinking hose or for that piece of velcro you put somewhere to hold it in place off the filthy floor of your velomobile. Your drinking hose will always return to the same position with this retractable holder. Kit includes base station with velcro, housing with return cable, and the clip &hellip; <\/p>\n<p class=\"link-more\"><a href=\"https:\/\/northlandvelo.eu\/da\/product\/retractable-drinking-hose-holder\/\" class=\"more-link\">L\u00e6s mere<span class=\"screen-reader-text\"> \u201cRetractable Drinking Hose Holder\u201d<\/span><\/a><\/p>","protected":false},"featured_media":11314,"template":"","meta":[],"product_brand":[],"product_cat":[66,119],"product_tag":[165],"class_list":{"0":"post-11311","1":"product","2":"type-product","3":"status-publish","4":"has-post-thumbnail","6":"product_cat-accessories","7":"product_cat-comfort","8":"product_tag-hydration","9":"product_shipping_class-letterbox","11":"first","12":"instock","13":"taxable","14":"shipping-taxable","15":"purchasable","16":"product-type-simple"},"_links":{"self":[{"href":"https:\/\/northlandvelo.eu\/da\/wp-json\/wp\/v2\/product\/11311","targetHints":{"allow":["GET"]}}],"collection":[{"href":"https:\/\/northlandvelo.eu\/da\/wp-json\/wp\/v2\/product"}],"about":[{"href":"https:\/\/northlandvelo.eu\/da\/wp-json\/wp\/v2\/types\/product"}],"wp:featuredmedia":[{"embeddable":true,"href":"https:\/\/northlandvelo.eu\/da\/wp-json\/wp\/v2\/media\/11314"}],"wp:attachment":[{"href":"https:\/\/northlandvelo.eu\/da\/wp-json\/wp\/v2\/media?parent=11311"}],"wp:term":[{"taxonomy":"product_brand","embeddable":true,"href":"https:\/\/northlandvelo.eu\/da\/wp-json\/wp\/v2\/product_brand?post=11311"},{"taxonomy":"product_cat","embeddable":true,"href":"https:\/\/northlandvelo.eu\/da\/wp-json\/wp\/v2\/product_cat?post=11311"},{"taxonomy":"product_tag","embeddable":true,"href":"https:\/\/northlandvelo.eu\/da\/wp-json\/wp\/v2\/product_tag?post=11311"}],"curies":[{"name":"wp","href":"https:\/\/api.w.org\/{rel}","templated":true}]}}