{"id":11316,"date":"2026-02-05T11:16:31","date_gmt":"2026-02-05T11:16:31","guid":{"rendered":"https:\/\/northlandvelo.eu\/?post_type=product&#038;p=11316"},"modified":"2026-02-22T12:09:04","modified_gmt":"2026-02-22T12:09:04","slug":"elastomer-and-spacer-conversion-kit","status":"publish","type":"product","link":"https:\/\/northlandvelo.eu\/da\/product\/elastomer-and-spacer-conversion-kit\/","title":{"rendered":"Elastomer- og afstandsstykke-konverteringss\u00e6t"},"content":{"rendered":"<p>Er du ikke tilfreds med d\u00e6mpningen af din forhjulsoph\u00e6ng i velomobiler som Quest, Milan, Buelk, WAW og DF? Dette meget justerbare system, der bruger fjedre, elastomerer og afstandsstykker, kan v\u00e6re l\u00f8sningen.<\/p>\n<p>Dette hybridsystem giver mulighed for en n\u00e6sten uendelig justering af affjedringens vandring og giver dig det bedste fra b\u00e5de fjedre og elastomerer i din k\u00f8reoplevelse.<\/p>\n<p>Det anbefales at bestille tre par elastomerer.<\/p>\n<p>Bem\u00e6rk, at afstandsstykkerne har en diameter p\u00e5 19 mm, s\u00e5 der er lidt luft omkring dem.<\/p>\n<p>Afstandss\u00e6ttet indeholder 2x 20 mm, 2x 10 mm og 4x 5 mm. De kan ogs\u00e5 trykkes i forskellige h\u00f8jder efter \u00f8nske.<\/p>","protected":false},"excerpt":{"rendered":"<p>Not happy with the damping of your front suspension in velomobiles such as the Quest, Milan, Buelk, WAW, and DF? This highly adjustable system using springs, elastomers, and spacers may be the solution. This hybrid system allows a nearly infinite level of adjustment of suspension travel and brings the best of both springs and elastomers &hellip; <\/p>\n<p class=\"link-more\"><a href=\"https:\/\/northlandvelo.eu\/da\/product\/elastomer-and-spacer-conversion-kit\/\" class=\"more-link\">L\u00e6s mere<span class=\"screen-reader-text\"> \u201cElastomer and Spacer Conversion Kit\u201d<\/span><\/a><\/p>","protected":false},"featured_media":11318,"template":"","meta":[],"product_brand":[],"product_cat":[112],"product_tag":[166,167],"class_list":{"0":"post-11316","1":"product","2":"type-product","3":"status-publish","4":"has-post-thumbnail","6":"product_cat-part","7":"product_tag-elastomers","8":"product_tag-spacers","9":"product_shipping_class-letterbox","11":"first","12":"instock","13":"taxable","14":"shipping-taxable","15":"purchasable","16":"product-type-variable"},"_links":{"self":[{"href":"https:\/\/northlandvelo.eu\/da\/wp-json\/wp\/v2\/product\/11316","targetHints":{"allow":["GET"]}}],"collection":[{"href":"https:\/\/northlandvelo.eu\/da\/wp-json\/wp\/v2\/product"}],"about":[{"href":"https:\/\/northlandvelo.eu\/da\/wp-json\/wp\/v2\/types\/product"}],"wp:featuredmedia":[{"embeddable":true,"href":"https:\/\/northlandvelo.eu\/da\/wp-json\/wp\/v2\/media\/11318"}],"wp:attachment":[{"href":"https:\/\/northlandvelo.eu\/da\/wp-json\/wp\/v2\/media?parent=11316"}],"wp:term":[{"taxonomy":"product_brand","embeddable":true,"href":"https:\/\/northlandvelo.eu\/da\/wp-json\/wp\/v2\/product_brand?post=11316"},{"taxonomy":"product_cat","embeddable":true,"href":"https:\/\/northlandvelo.eu\/da\/wp-json\/wp\/v2\/product_cat?post=11316"},{"taxonomy":"product_tag","embeddable":true,"href":"https:\/\/northlandvelo.eu\/da\/wp-json\/wp\/v2\/product_tag?post=11316"}],"curies":[{"name":"wp","href":"https:\/\/api.w.org\/{rel}","templated":true}]}}