{"id":11340,"date":"2026-02-05T12:03:02","date_gmt":"2026-02-05T12:03:02","guid":{"rendered":"https:\/\/northlandvelo.eu\/?post_type=product&#038;p=11340"},"modified":"2026-02-10T20:10:12","modified_gmt":"2026-02-10T20:10:12","slug":"velomobile-boom-vent","status":"publish","type":"product","link":"https:\/\/northlandvelo.eu\/da\/product\/velomobile-boom-vent\/","title":{"rendered":"Velomobil-boom Vent"},"content":{"rendered":"<p>Dette geniale design passer i enden af bommen p\u00e5 velomobiler med luftstr\u00f8m gennem bommen. Klappen kan justeres til lukket position i koldt vejr eller indstilles til den optimale vinkel for at lede den indkommende luft hen, hvor du har mest brug for den.<\/p>\n<p>S\u00f8rg for at v\u00e6lge din model af velomobil for at f\u00e5 den rigtige pasform.<\/p>\n<p>Bem\u00e6rk, at 3D-printede emner undertiden kan have sm\u00e5 kosmetiske fejl. Disse fejl har ingen indflydelse p\u00e5 designets funktion og er udelukkende af kosmetisk karakter. Bem\u00e6rk ogs\u00e5, at 3D-printede materialer er lavet af plast og er tilb\u00f8jelige til at f\u00e5 ridser.<\/p>\n<p><iframe loading=\"lazy\" title=\"Velomobil-boom Vent\" width=\"950\" height=\"534\" src=\"https:\/\/www.youtube.com\/embed\/7UGrZW_4HvM?feature=oembed\" frameborder=\"0\" allow=\"accelerometer; autoplay; clipboard-write; encrypted-media; gyroscope; picture-in-picture; web-share\" referrerpolicy=\"strict-origin-when-cross-origin\" allowfullscreen><\/iframe><\/p>","protected":false},"excerpt":{"rendered":"<p>This ingenious design fits in the end of the boom on velomobiles with airflow through the boom. The flap can be adjusted to the closed position during cold weather, or set at the optimal angle to direct the incoming air where you need it most. Please be sure to select your model of velomobile for &hellip; <\/p>\n<p class=\"link-more\"><a href=\"https:\/\/northlandvelo.eu\/da\/product\/velomobile-boom-vent\/\" class=\"more-link\">L\u00e6s mere<span class=\"screen-reader-text\"> \u201cVelomobile Boom Vent\u201d<\/span><\/a><\/p>","protected":false},"featured_media":11343,"template":"","meta":[],"product_brand":[],"product_cat":[66,116],"product_tag":[169],"class_list":{"0":"post-11340","1":"product","2":"type-product","3":"status-publish","4":"has-post-thumbnail","6":"product_cat-accessories","7":"product_cat-ventilaiton","8":"product_tag-vent","10":"first","11":"instock","12":"taxable","13":"shipping-taxable","14":"purchasable","15":"product-type-variable"},"_links":{"self":[{"href":"https:\/\/northlandvelo.eu\/da\/wp-json\/wp\/v2\/product\/11340","targetHints":{"allow":["GET"]}}],"collection":[{"href":"https:\/\/northlandvelo.eu\/da\/wp-json\/wp\/v2\/product"}],"about":[{"href":"https:\/\/northlandvelo.eu\/da\/wp-json\/wp\/v2\/types\/product"}],"wp:featuredmedia":[{"embeddable":true,"href":"https:\/\/northlandvelo.eu\/da\/wp-json\/wp\/v2\/media\/11343"}],"wp:attachment":[{"href":"https:\/\/northlandvelo.eu\/da\/wp-json\/wp\/v2\/media?parent=11340"}],"wp:term":[{"taxonomy":"product_brand","embeddable":true,"href":"https:\/\/northlandvelo.eu\/da\/wp-json\/wp\/v2\/product_brand?post=11340"},{"taxonomy":"product_cat","embeddable":true,"href":"https:\/\/northlandvelo.eu\/da\/wp-json\/wp\/v2\/product_cat?post=11340"},{"taxonomy":"product_tag","embeddable":true,"href":"https:\/\/northlandvelo.eu\/da\/wp-json\/wp\/v2\/product_tag?post=11340"}],"curies":[{"name":"wp","href":"https:\/\/api.w.org\/{rel}","templated":true}]}}