{"id":11351,"date":"2026-02-05T12:47:51","date_gmt":"2026-02-05T12:47:51","guid":{"rendered":"https:\/\/northlandvelo.eu\/?post_type=product&#038;p=11351"},"modified":"2026-02-20T12:47:02","modified_gmt":"2026-02-20T12:47:02","slug":"naca-duct-flyscreen","status":"publish","type":"product","link":"https:\/\/northlandvelo.eu\/da\/product\/naca-duct-flyscreen\/","title":{"rendered":"NACA-kanal fluescreen"},"content":{"rendered":"<p>U\u00f8nskede insektg\u00e6ster har en tendens til at finde m\u00e5der at f\u00e5 en gratis tur i din velomobil. Denne NACA-kanal myggenet sikrer, at de m\u00e5 lede andre steder efter den gratis tur. N\u00e5r den kombineres med insektnet til luftindtaget, kan du v\u00e6re sikker p\u00e5 at f\u00e5 en fredelig tid inde i din velomobils hyggelige kabine.  P\u00e5 grund af uoverensstemmelser i placeringen af de borede ventilationshuller er insektnettet trykt i et fleksibelt materiale og limet eller boltet p\u00e5 plads. Fungerer med Buelk- eller Milan-racerkapper.<\/p>","protected":false},"excerpt":{"rendered":"<p>Unwanted bug guests can have a habit of finding ways to get a free ride in your velomobile. This NACA duct flyscreen ensures they&#8217;ll have to look somewhere else for that free ride. When combined with the air intake flyscreen you can be assured of a peaceful time inside the cozy confines of your velomobile.\u00a0 &hellip; <\/p>\n<p class=\"link-more\"><a href=\"https:\/\/northlandvelo.eu\/da\/product\/naca-duct-flyscreen\/\" class=\"more-link\">L\u00e6s mere<span class=\"screen-reader-text\"> \u201cNACA Duct Flyscreen\u201d<\/span><\/a><\/p>","protected":false},"featured_media":11330,"template":"","meta":[],"product_brand":[],"product_cat":[66,119,116],"product_tag":[168],"class_list":{"0":"post-11351","1":"product","2":"type-product","3":"status-publish","4":"has-post-thumbnail","6":"product_cat-accessories","7":"product_cat-comfort","8":"product_cat-ventilaiton","9":"product_tag-flyscreen","10":"product_shipping_class-letterbox","12":"first","13":"instock","14":"taxable","15":"shipping-taxable","16":"purchasable","17":"product-type-simple"},"_links":{"self":[{"href":"https:\/\/northlandvelo.eu\/da\/wp-json\/wp\/v2\/product\/11351","targetHints":{"allow":["GET"]}}],"collection":[{"href":"https:\/\/northlandvelo.eu\/da\/wp-json\/wp\/v2\/product"}],"about":[{"href":"https:\/\/northlandvelo.eu\/da\/wp-json\/wp\/v2\/types\/product"}],"wp:featuredmedia":[{"embeddable":true,"href":"https:\/\/northlandvelo.eu\/da\/wp-json\/wp\/v2\/media\/11330"}],"wp:attachment":[{"href":"https:\/\/northlandvelo.eu\/da\/wp-json\/wp\/v2\/media?parent=11351"}],"wp:term":[{"taxonomy":"product_brand","embeddable":true,"href":"https:\/\/northlandvelo.eu\/da\/wp-json\/wp\/v2\/product_brand?post=11351"},{"taxonomy":"product_cat","embeddable":true,"href":"https:\/\/northlandvelo.eu\/da\/wp-json\/wp\/v2\/product_cat?post=11351"},{"taxonomy":"product_tag","embeddable":true,"href":"https:\/\/northlandvelo.eu\/da\/wp-json\/wp\/v2\/product_tag?post=11351"}],"curies":[{"name":"wp","href":"https:\/\/api.w.org\/{rel}","templated":true}]}}