{"id":11437,"date":"2026-02-05T13:49:29","date_gmt":"2026-02-05T13:49:29","guid":{"rendered":"https:\/\/northlandvelo.eu\/?post_type=product&#038;p=11437"},"modified":"2026-02-20T12:28:17","modified_gmt":"2026-02-20T12:28:17","slug":"fulcrum-freehub-pawls","status":"publish","type":"product","link":"https:\/\/northlandvelo.eu\/da\/product\/fulcrum-freehub-pawls\/","title":{"rendered":"Fulcrum Freehub-paler"},"content":{"rendered":"<p>Pawls til Fulcrum-frihjul, som tidligere blev brugt p\u00e5 mange velomobil-modeller. Denne vare er udg\u00e5et, s\u00e5 k\u00f8b den, mens den stadig er p\u00e5 lager. S\u00e6lges som et s\u00e6t med 3 stk.<\/p>","protected":false},"excerpt":{"rendered":"<p>Pawls til Fulcrum-frihjul, som tidligere blev brugt p\u00e5 mange velomobil-modeller. Denne vare er udg\u00e5et, s\u00e5 k\u00f8b den, mens den stadig er p\u00e5 lager. S\u00e6lges som et s\u00e6t med 3 stk.<\/p>","protected":false},"featured_media":11355,"template":"","meta":[],"product_brand":[171],"product_cat":[112,113],"product_tag":[173],"class_list":{"0":"post-11437","1":"product","2":"type-product","3":"status-publish","4":"has-post-thumbnail","6":"product_brand-fulcrum","7":"product_cat-part","8":"product_cat-sale","9":"product_tag-fulcrum-pawls","10":"product_shipping_class-envelope","12":"first","13":"instock","14":"taxable","15":"shipping-taxable","16":"purchasable","17":"product-type-simple"},"_links":{"self":[{"href":"https:\/\/northlandvelo.eu\/da\/wp-json\/wp\/v2\/product\/11437","targetHints":{"allow":["GET"]}}],"collection":[{"href":"https:\/\/northlandvelo.eu\/da\/wp-json\/wp\/v2\/product"}],"about":[{"href":"https:\/\/northlandvelo.eu\/da\/wp-json\/wp\/v2\/types\/product"}],"wp:featuredmedia":[{"embeddable":true,"href":"https:\/\/northlandvelo.eu\/da\/wp-json\/wp\/v2\/media\/11355"}],"wp:attachment":[{"href":"https:\/\/northlandvelo.eu\/da\/wp-json\/wp\/v2\/media?parent=11437"}],"wp:term":[{"taxonomy":"product_brand","embeddable":true,"href":"https:\/\/northlandvelo.eu\/da\/wp-json\/wp\/v2\/product_brand?post=11437"},{"taxonomy":"product_cat","embeddable":true,"href":"https:\/\/northlandvelo.eu\/da\/wp-json\/wp\/v2\/product_cat?post=11437"},{"taxonomy":"product_tag","embeddable":true,"href":"https:\/\/northlandvelo.eu\/da\/wp-json\/wp\/v2\/product_tag?post=11437"}],"curies":[{"name":"wp","href":"https:\/\/api.w.org\/{rel}","templated":true}]}}