{"id":11451,"date":"2026-02-05T14:30:09","date_gmt":"2026-02-05T14:30:09","guid":{"rendered":"https:\/\/northlandvelo.eu\/?post_type=product&#038;p=11451"},"modified":"2026-03-29T20:03:16","modified_gmt":"2026-03-29T20:03:16","slug":"m6-rustproof-balljoint","status":"publish","type":"product","link":"https:\/\/northlandvelo.eu\/da\/product\/m6-rustproof-balljoint\/","title":{"rendered":"M6 Rustfri kugleled"},"content":{"rendered":"<p>Jeg har ikke selv pr\u00f8vet denne kugleled, men jeg har f\u00e5et at vide, at den ikke ruster. Som med alle kugleled anbefales det at vedligeholde den regelm\u00e6ssigt. Begr\u00e6nset lagerbeholdning. S\u00e6lges enkeltvis.<\/p>","protected":false},"excerpt":{"rendered":"<p>Jeg har ikke selv pr\u00f8vet denne kugleled, men jeg har f\u00e5et at vide, at den ikke ruster. Som med alle kugleled anbefales det at vedligeholde den regelm\u00e6ssigt. Begr\u00e6nset lagerbeholdning. S\u00e6lges enkeltvis.<\/p>","protected":false},"featured_media":11371,"template":"","meta":[],"product_brand":[],"product_cat":[112],"product_tag":[177],"class_list":{"0":"post-11451","1":"product","2":"type-product","3":"status-publish","4":"has-post-thumbnail","6":"product_cat-part","7":"product_tag-m6-balljoint","8":"product_shipping_class-letterbox","10":"first","11":"instock","12":"taxable","13":"shipping-taxable","14":"purchasable","15":"product-type-simple"},"_links":{"self":[{"href":"https:\/\/northlandvelo.eu\/da\/wp-json\/wp\/v2\/product\/11451","targetHints":{"allow":["GET"]}}],"collection":[{"href":"https:\/\/northlandvelo.eu\/da\/wp-json\/wp\/v2\/product"}],"about":[{"href":"https:\/\/northlandvelo.eu\/da\/wp-json\/wp\/v2\/types\/product"}],"wp:featuredmedia":[{"embeddable":true,"href":"https:\/\/northlandvelo.eu\/da\/wp-json\/wp\/v2\/media\/11371"}],"wp:attachment":[{"href":"https:\/\/northlandvelo.eu\/da\/wp-json\/wp\/v2\/media?parent=11451"}],"wp:term":[{"taxonomy":"product_brand","embeddable":true,"href":"https:\/\/northlandvelo.eu\/da\/wp-json\/wp\/v2\/product_brand?post=11451"},{"taxonomy":"product_cat","embeddable":true,"href":"https:\/\/northlandvelo.eu\/da\/wp-json\/wp\/v2\/product_cat?post=11451"},{"taxonomy":"product_tag","embeddable":true,"href":"https:\/\/northlandvelo.eu\/da\/wp-json\/wp\/v2\/product_tag?post=11451"}],"curies":[{"name":"wp","href":"https:\/\/api.w.org\/{rel}","templated":true}]}}