{"id":11460,"date":"2026-02-05T15:07:45","date_gmt":"2026-02-05T15:07:45","guid":{"rendered":"https:\/\/northlandvelo.eu\/?post_type=product&#038;p=11460"},"modified":"2026-02-11T19:03:42","modified_gmt":"2026-02-11T19:03:42","slug":"110bcd-assorted-chainrings","status":"publish","type":"product","link":"https:\/\/northlandvelo.eu\/da\/product\/110bcd-assorted-chainrings\/","title":{"rendered":"110BCD Assorterede k\u00e6deringe"},"content":{"rendered":"<p>Meget let brugte 110BCD k\u00e6dehjul. De ser ud til at have masser af levetid tilbage. Disse var en del af virksomhedsovertagelsen af Velomobile SH. Ideel til dem, der \u00f8nsker at k\u00f8re hurtigere. 72 t\u00e6nder har ingen k\u00e6desk\u00e6rm.<\/p>","protected":false},"excerpt":{"rendered":"<p>Meget let brugte 110BCD k\u00e6dehjul. De ser ud til at have masser af levetid tilbage. Disse var en del af virksomhedsovertagelsen af Velomobile SH. Ideel til dem, der \u00f8nsker at k\u00f8re hurtigere. 72 t\u00e6nder har ingen k\u00e6desk\u00e6rm.<\/p>","protected":false},"featured_media":11424,"template":"","meta":[],"product_brand":[],"product_cat":[112,114,113],"product_tag":[180],"class_list":{"0":"post-11460","1":"product","2":"type-product","3":"status-publish","4":"has-post-thumbnail","6":"product_cat-part","7":"product_cat-recumbent","8":"product_cat-sale","9":"product_tag-110bcd-chainrings","10":"product_shipping_class-small","12":"first","13":"instock","14":"taxable","15":"shipping-taxable","16":"purchasable","17":"product-type-variable"},"_links":{"self":[{"href":"https:\/\/northlandvelo.eu\/da\/wp-json\/wp\/v2\/product\/11460","targetHints":{"allow":["GET"]}}],"collection":[{"href":"https:\/\/northlandvelo.eu\/da\/wp-json\/wp\/v2\/product"}],"about":[{"href":"https:\/\/northlandvelo.eu\/da\/wp-json\/wp\/v2\/types\/product"}],"wp:featuredmedia":[{"embeddable":true,"href":"https:\/\/northlandvelo.eu\/da\/wp-json\/wp\/v2\/media\/11424"}],"wp:attachment":[{"href":"https:\/\/northlandvelo.eu\/da\/wp-json\/wp\/v2\/media?parent=11460"}],"wp:term":[{"taxonomy":"product_brand","embeddable":true,"href":"https:\/\/northlandvelo.eu\/da\/wp-json\/wp\/v2\/product_brand?post=11460"},{"taxonomy":"product_cat","embeddable":true,"href":"https:\/\/northlandvelo.eu\/da\/wp-json\/wp\/v2\/product_cat?post=11460"},{"taxonomy":"product_tag","embeddable":true,"href":"https:\/\/northlandvelo.eu\/da\/wp-json\/wp\/v2\/product_tag?post=11460"}],"curies":[{"name":"wp","href":"https:\/\/api.w.org\/{rel}","templated":true}]}}