{"id":11478,"date":"2026-02-05T17:03:24","date_gmt":"2026-02-05T17:03:24","guid":{"rendered":"https:\/\/northlandvelo.eu\/?post_type=product&#038;p=11478"},"modified":"2026-02-11T19:00:04","modified_gmt":"2026-02-11T19:00:04","slug":"random-90mm-drumbrake-parts","status":"publish","type":"product","link":"https:\/\/northlandvelo.eu\/da\/product\/random-90mm-drumbrake-parts\/","title":{"rendered":"Tilf\u00e6ldige brugte 90 mm tromlebremsedele"},"content":{"rendered":"<p>Jeg har et udvalg af brugte og tilf\u00e6ldige dele. Alt virkede at v\u00e6re funktionsdygtigt under min begr\u00e6nsede test, hvilket betyder, at armen stadig fungerer, og at bremseklodserne stadig har noget levetid tilbage. Bremseklodserne skal muligvis reng\u00f8res og dekontamineres. Det kan v\u00e6re muligt at slibe rusten af og male de rustne omr\u00e5der igen. Da disse er brugte, ydes der ingen garanti eller sikkerhed. S\u00f8rg for at kontrollere, at fastg\u00f8relsespladen passer til den specifikke tromlebremse, du bestiller. T\u00f8v ikke med at kontakte mig for at bekr\u00e6fte, hvilken du k\u00f8ber. Billedet, n\u00e5r du v\u00e6lger varen, skal v\u00e6re af den faktiske tromlebremse.<\/p>","protected":false},"excerpt":{"rendered":"<p>I have a selection of used and random parts. Everything appeared to be functional during my limited testing, meaning the arm still works and the pads still have some life left. Pads may need cleaning and decontamination work. It may be possible to sand off the rust and repaint the rusty areas. As these are &hellip; <\/p>\n<p class=\"link-more\"><a href=\"https:\/\/northlandvelo.eu\/da\/product\/random-90mm-drumbrake-parts\/\" class=\"more-link\">L\u00e6s mere<span class=\"screen-reader-text\"> \u201cRandom Used 90mm Drumbrake parts\u201d<\/span><\/a><\/p>","protected":false},"featured_media":11386,"template":"","meta":[],"product_brand":[186],"product_cat":[112,113],"product_tag":[188],"class_list":{"0":"post-11478","1":"product","2":"type-product","3":"status-publish","4":"has-post-thumbnail","6":"product_brand-sturmey-archer","7":"product_cat-part","8":"product_cat-sale","9":"product_tag-used-drum-brakes","10":"product_shipping_class-small","12":"first","13":"instock","14":"taxable","15":"shipping-taxable","16":"purchasable","17":"product-type-variable"},"_links":{"self":[{"href":"https:\/\/northlandvelo.eu\/da\/wp-json\/wp\/v2\/product\/11478","targetHints":{"allow":["GET"]}}],"collection":[{"href":"https:\/\/northlandvelo.eu\/da\/wp-json\/wp\/v2\/product"}],"about":[{"href":"https:\/\/northlandvelo.eu\/da\/wp-json\/wp\/v2\/types\/product"}],"wp:featuredmedia":[{"embeddable":true,"href":"https:\/\/northlandvelo.eu\/da\/wp-json\/wp\/v2\/media\/11386"}],"wp:attachment":[{"href":"https:\/\/northlandvelo.eu\/da\/wp-json\/wp\/v2\/media?parent=11478"}],"wp:term":[{"taxonomy":"product_brand","embeddable":true,"href":"https:\/\/northlandvelo.eu\/da\/wp-json\/wp\/v2\/product_brand?post=11478"},{"taxonomy":"product_cat","embeddable":true,"href":"https:\/\/northlandvelo.eu\/da\/wp-json\/wp\/v2\/product_cat?post=11478"},{"taxonomy":"product_tag","embeddable":true,"href":"https:\/\/northlandvelo.eu\/da\/wp-json\/wp\/v2\/product_tag?post=11478"}],"curies":[{"name":"wp","href":"https:\/\/api.w.org\/{rel}","templated":true}]}}