{"id":12222,"date":"2026-05-05T12:13:38","date_gmt":"2026-05-05T12:13:38","guid":{"rendered":"https:\/\/northlandvelo.eu\/?post_type=product&#038;p=12222"},"modified":"2026-05-05T12:13:38","modified_gmt":"2026-05-05T12:13:38","slug":"waw-seat-support-pad","status":"publish","type":"product","link":"https:\/\/northlandvelo.eu\/da\/product\/waw-seat-support-pad\/","title":{"rendered":"WAW-s\u00e6dest\u00f8tteblok"},"content":{"rendered":"<p>De medf\u00f8lgende skumpuder til rygl\u00e6net p\u00e5 WAW er meget behagelige, men med tiden kan de miste deres form. Den bl\u00f8dere st\u00f8tte kan ogs\u00e5 reducere kraftoverf\u00f8rslen en smule. Jeg har designet disse 3D-printede puder som et holdbart og stivere alternativ til de originale s\u00e6depuder til dem, der \u00f8nsker det. S\u00e6lges som et s\u00e6t med 2 puder. Printet i TPU; farven varierer afh\u00e6ngigt af lagerbeholdningen (typisk gr\u00e5 eller sort).<\/p>","protected":false},"excerpt":{"rendered":"<p>The included foam pads to support the seat back of the WAW are very comfortable, but over time they can lose their shape. The softer support also can slightly reduce power transfer. I designed these 3D printed pads to be a durable and stiffer alternative to the original seat pads for those that want it. &hellip; <\/p>\n<p class=\"link-more\"><a href=\"https:\/\/northlandvelo.eu\/da\/product\/waw-seat-support-pad\/\" class=\"more-link\">L\u00e6s mere<span class=\"screen-reader-text\"> \u201cWAW seat support pad\u201d<\/span><\/a><\/p>","protected":false},"featured_media":12225,"template":"","meta":[],"product_brand":[],"product_cat":[66,119,111],"product_tag":[221],"class_list":{"0":"post-12222","1":"product","2":"type-product","3":"status-publish","4":"has-post-thumbnail","6":"product_cat-accessories","7":"product_cat-comfort","8":"product_cat-new","9":"product_tag-waw-seat-pad","10":"product_shipping_class-letterbox","12":"first","13":"instock","14":"taxable","15":"shipping-taxable","16":"purchasable","17":"product-type-simple"},"_links":{"self":[{"href":"https:\/\/northlandvelo.eu\/da\/wp-json\/wp\/v2\/product\/12222","targetHints":{"allow":["GET"]}}],"collection":[{"href":"https:\/\/northlandvelo.eu\/da\/wp-json\/wp\/v2\/product"}],"about":[{"href":"https:\/\/northlandvelo.eu\/da\/wp-json\/wp\/v2\/types\/product"}],"wp:featuredmedia":[{"embeddable":true,"href":"https:\/\/northlandvelo.eu\/da\/wp-json\/wp\/v2\/media\/12225"}],"wp:attachment":[{"href":"https:\/\/northlandvelo.eu\/da\/wp-json\/wp\/v2\/media?parent=12222"}],"wp:term":[{"taxonomy":"product_brand","embeddable":true,"href":"https:\/\/northlandvelo.eu\/da\/wp-json\/wp\/v2\/product_brand?post=12222"},{"taxonomy":"product_cat","embeddable":true,"href":"https:\/\/northlandvelo.eu\/da\/wp-json\/wp\/v2\/product_cat?post=12222"},{"taxonomy":"product_tag","embeddable":true,"href":"https:\/\/northlandvelo.eu\/da\/wp-json\/wp\/v2\/product_tag?post=12222"}],"curies":[{"name":"wp","href":"https:\/\/api.w.org\/{rel}","templated":true}]}}