{"id":9186,"date":"2023-06-26T15:55:23","date_gmt":"2023-06-26T15:55:23","guid":{"rendered":"https:\/\/demo.wpzoom.com\/inspiro-lite-woo\/?post_type=product&#038;p=9186"},"modified":"2026-02-24T10:45:46","modified_gmt":"2026-02-24T10:45:46","slug":"brakesander","status":"publish","type":"product","link":"https:\/\/northlandvelo.eu\/da\/product\/brakesander\/","title":{"rendered":"Tromlebremse slibev\u00e6rkt\u00f8j"},"content":{"rendered":"<p><span style=\"font-weight: 400;\">Over tid vil dine bremseklodser blive glaserede. Dette v\u00e6rkt\u00f8j designet af Velomobile-Nord g\u00f8r det muligt at slibe bremseklodserne j\u00e6vnt for at genoprette bremsekraften. Jeg har brugt dette v\u00e6rkt\u00f8j tidligere og vil betragte det som et essentielt v\u00e6rkt\u00f8j i enhver velomobilists v\u00e6rkt\u00f8jskasse. V\u00e6rkt\u00f8jet er foret med 100 korn slibepapir. S\u00f8rg for at v\u00e6lge den korrekte tromle- og akselst\u00f8rrelse ved bestilling. V\u00e6gten er 50 g.<\/span><\/p>\n<p><iframe loading=\"lazy\" title=\"Velomobile Tools from Northland Velo\" width=\"950\" height=\"534\" src=\"https:\/\/www.youtube.com\/embed\/MMbOFOaRUs4?feature=oembed\" frameborder=\"0\" allow=\"accelerometer; autoplay; clipboard-write; encrypted-media; gyroscope; picture-in-picture; web-share\" referrerpolicy=\"strict-origin-when-cross-origin\" allowfullscreen><\/iframe><\/p>","protected":false},"excerpt":{"rendered":"<p>Over time your brake pads will glaze over. This tool designed by Velomobile-Nord allows for even sanding of the brake pads to restore stopping power. I have used this tool in the past and would consider it an essential tool in any velomobile rider&#8217;s tool kit. The tool is lined with 100 grit sandpaper. Be &hellip; <\/p>\n<p class=\"link-more\"><a href=\"https:\/\/northlandvelo.eu\/da\/product\/brakesander\/\" class=\"more-link\">L\u00e6s mere<span class=\"screen-reader-text\"> \u201cDrum Brake Sanding Tool\u201d<\/span><\/a><\/p>","protected":false},"featured_media":9546,"template":"","meta":[],"product_brand":[],"product_cat":[111,109],"product_tag":[122],"class_list":{"0":"post-9186","1":"product","2":"type-product","3":"status-publish","4":"has-post-thumbnail","6":"product_cat-new","7":"product_cat-tools","8":"product_tag-brakes","9":"product_shipping_class-letterbox","11":"first","12":"instock","13":"taxable","14":"shipping-taxable","15":"purchasable","16":"product-type-variable"},"_links":{"self":[{"href":"https:\/\/northlandvelo.eu\/da\/wp-json\/wp\/v2\/product\/9186","targetHints":{"allow":["GET"]}}],"collection":[{"href":"https:\/\/northlandvelo.eu\/da\/wp-json\/wp\/v2\/product"}],"about":[{"href":"https:\/\/northlandvelo.eu\/da\/wp-json\/wp\/v2\/types\/product"}],"wp:featuredmedia":[{"embeddable":true,"href":"https:\/\/northlandvelo.eu\/da\/wp-json\/wp\/v2\/media\/9546"}],"wp:attachment":[{"href":"https:\/\/northlandvelo.eu\/da\/wp-json\/wp\/v2\/media?parent=9186"}],"wp:term":[{"taxonomy":"product_brand","embeddable":true,"href":"https:\/\/northlandvelo.eu\/da\/wp-json\/wp\/v2\/product_brand?post=9186"},{"taxonomy":"product_cat","embeddable":true,"href":"https:\/\/northlandvelo.eu\/da\/wp-json\/wp\/v2\/product_cat?post=9186"},{"taxonomy":"product_tag","embeddable":true,"href":"https:\/\/northlandvelo.eu\/da\/wp-json\/wp\/v2\/product_tag?post=9186"}],"curies":[{"name":"wp","href":"https:\/\/api.w.org\/{rel}","templated":true}]}}