{"id":9196,"date":"2023-06-26T16:15:07","date_gmt":"2023-06-26T16:15:07","guid":{"rendered":"https:\/\/demo.wpzoom.com\/inspiro-lite-woo\/?post_type=product&#038;p=9196"},"modified":"2026-03-11T07:44:17","modified_gmt":"2026-03-11T07:44:17","slug":"brake-clamp","status":"publish","type":"product","link":"https:\/\/northlandvelo.eu\/da\/product\/brake-clamp\/","title":{"rendered":"1,6 mm Velomobil Bremsekabelklemme"},"content":{"rendered":"<p>Hvis du nogensinde har m\u00e5ttet justere kabelstoppen p\u00e5 tromlebremser, ved du, hvor ubehagelig en oplevelse det er. Det er ret vanskeligt at holde kabelstoppen p\u00e5 plads uden at beskadige kanterne, og kablet ser heller ikke s\u00e6rlig godt ud bagefter. Velomobile SH fandt den perfekte l\u00f8sning: V4A. Denne klemme g\u00f8r det let at sikre bremsekablet. Den best\u00e5r af to dele. N\u00e5r skruerne strammes, kan kroppen holdes med en 10 mm skruen\u00f8gle. I V4A er den modstandsdygtig over for saltvand om vinteren, s\u00e5 den ikke ruster.<\/p>\n<p>s\u00e6lges enkeltvis<\/p>\n<p>Quando installi questi fermi per cavi, assicurati di testare attentamente i freni e di garantire che queste pinze siano fissate saldamente e correttamente. Se non hai mai regolato i freni in precedenza, \u00e8 consigliabile rivolgersi a un rivenditore qualificato nella tua zona. Northland Velo.nl non offre attualmente servizi di installazione. *Circa 5 Nm di coppia sono sufficienti per la pinza del cavo. I bulloni sono in acciaio inox. Un serraggio eccessivo dei bulloni pu\u00f2 portare alla rottura delle teste dei bulloni.<\/p>\n<p><iframe loading=\"lazy\" title=\"Velomobile Brake Cable Clamps with Easy Adjustment\" width=\"950\" height=\"534\" src=\"https:\/\/www.youtube.com\/embed\/v0XdKS0B6wM?feature=oembed\" frameborder=\"0\" allow=\"accelerometer; autoplay; clipboard-write; encrypted-media; gyroscope; picture-in-picture; web-share\" referrerpolicy=\"strict-origin-when-cross-origin\" allowfullscreen><\/iframe><\/p>","protected":false},"excerpt":{"rendered":"<p>If you&#8217;ve ever had to adjust the cable stop on drum brakes, you know what an unpleasant experience it is. It&#8217;s quite a trick to hold the cable stop in place without chewing up the edges, and the cable doesn&#8217;t come out looking too good either. Velomobile SH found the perfect solution: the V4A. This &hellip; <\/p>\n<p class=\"link-more\"><a href=\"https:\/\/northlandvelo.eu\/da\/product\/brake-clamp\/\" class=\"more-link\">L\u00e6s mere<span class=\"screen-reader-text\"> \u201c1.6mm Velomobile Brake Cable Clamp\u201d<\/span><\/a><\/p>","protected":false},"featured_media":9532,"template":"","meta":[],"product_brand":[],"product_cat":[112],"product_tag":[122],"class_list":{"0":"post-9196","1":"product","2":"type-product","3":"status-publish","4":"has-post-thumbnail","6":"product_cat-part","7":"product_tag-brakes","8":"product_shipping_class-envelope","10":"first","11":"instock","12":"taxable","13":"shipping-taxable","14":"purchasable","15":"product-type-simple"},"_links":{"self":[{"href":"https:\/\/northlandvelo.eu\/da\/wp-json\/wp\/v2\/product\/9196","targetHints":{"allow":["GET"]}}],"collection":[{"href":"https:\/\/northlandvelo.eu\/da\/wp-json\/wp\/v2\/product"}],"about":[{"href":"https:\/\/northlandvelo.eu\/da\/wp-json\/wp\/v2\/types\/product"}],"wp:featuredmedia":[{"embeddable":true,"href":"https:\/\/northlandvelo.eu\/da\/wp-json\/wp\/v2\/media\/9532"}],"wp:attachment":[{"href":"https:\/\/northlandvelo.eu\/da\/wp-json\/wp\/v2\/media?parent=9196"}],"wp:term":[{"taxonomy":"product_brand","embeddable":true,"href":"https:\/\/northlandvelo.eu\/da\/wp-json\/wp\/v2\/product_brand?post=9196"},{"taxonomy":"product_cat","embeddable":true,"href":"https:\/\/northlandvelo.eu\/da\/wp-json\/wp\/v2\/product_cat?post=9196"},{"taxonomy":"product_tag","embeddable":true,"href":"https:\/\/northlandvelo.eu\/da\/wp-json\/wp\/v2\/product_tag?post=9196"}],"curies":[{"name":"wp","href":"https:\/\/api.w.org\/{rel}","templated":true}]}}