{"id":9555,"date":"2026-02-03T19:34:06","date_gmt":"2026-02-03T19:34:06","guid":{"rendered":"https:\/\/northlandvelo.eu\/?post_type=product&#038;p=9555"},"modified":"2026-02-23T16:28:50","modified_gmt":"2026-02-23T16:28:50","slug":"niklas-b-naca-duct","status":"publish","type":"product","link":"https:\/\/northlandvelo.eu\/da\/product\/niklas-b-naca-duct\/","title":{"rendered":"Niklas B NACA-kanal"},"content":{"rendered":"<p>Leder du efter mere k\u00f8ling i din velomobil? Denne store NACA-kanal er svaret. Specifikt designet af Niklas Bostelmann til installation i Milan-velomobiler, b\u00f8r denne kanal fungere i enhver velomobil med en stor nok flad overflade til at montere den p\u00e5. En fuldskala PDF er tilg\u00e6ngelig for dem, der \u00f8nsker at teste placeringen, f\u00f8r de bestiller.<\/p>\n<p>Installation vil kr\u00e6ve, at der laves et snit i din velomobiles h\u00e6tte. Installations-PDF'en inkluderer en skabelon, som kan bruges ved udsk\u00e6ringen. Kanalen kan derefter limes p\u00e5 plads med epoxy eller Sikaflex. Skruen g\u00f8r det muligt at betjene klappen, som du vil sk\u00e6re i velomobilen, p\u00e5 samme m\u00e5de som det g\u00f8res i Milan MK7 og B\u00fclk velomobiler. PDF'en kan f\u00e5s ved at sende en e-mail til info@northlandvelo.com<\/p>\n<p><iframe loading=\"lazy\" title=\"The Niklas NACA Duct for Velomobiles\" width=\"950\" height=\"534\" src=\"https:\/\/www.youtube.com\/embed\/ElXwbXw5FdE?feature=oembed\" frameborder=\"0\" allow=\"accelerometer; autoplay; clipboard-write; encrypted-media; gyroscope; picture-in-picture; web-share\" referrerpolicy=\"strict-origin-when-cross-origin\" allowfullscreen><\/iframe><\/p>","protected":false},"excerpt":{"rendered":"<p>Looking for more cooling in your velomobile? This large NACA duct is the answer. Specifically designed by Niklas Bostelmann for installation in Milan velomobiles, this duct should work in any velomobile with a large enough flat surface to install it on. A full-scale PDF is available for those wishing to test the placement prior to &hellip; <\/p>\n<p class=\"link-more\"><a href=\"https:\/\/northlandvelo.eu\/da\/product\/niklas-b-naca-duct\/\" class=\"more-link\">L\u00e6s mere<span class=\"screen-reader-text\"> \u201cNiklas B NACA Duct\u201d<\/span><\/a><\/p>","protected":false},"featured_media":9676,"template":"","meta":[],"product_brand":[],"product_cat":[116],"product_tag":[125],"class_list":{"0":"post-9555","1":"product","2":"type-product","3":"status-publish","4":"has-post-thumbnail","6":"product_cat-ventilaiton","7":"product_tag-naca-duct","8":"product_shipping_class-small","10":"first","11":"instock","12":"taxable","13":"shipping-taxable","14":"purchasable","15":"product-type-simple"},"_links":{"self":[{"href":"https:\/\/northlandvelo.eu\/da\/wp-json\/wp\/v2\/product\/9555","targetHints":{"allow":["GET"]}}],"collection":[{"href":"https:\/\/northlandvelo.eu\/da\/wp-json\/wp\/v2\/product"}],"about":[{"href":"https:\/\/northlandvelo.eu\/da\/wp-json\/wp\/v2\/types\/product"}],"wp:featuredmedia":[{"embeddable":true,"href":"https:\/\/northlandvelo.eu\/da\/wp-json\/wp\/v2\/media\/9676"}],"wp:attachment":[{"href":"https:\/\/northlandvelo.eu\/da\/wp-json\/wp\/v2\/media?parent=9555"}],"wp:term":[{"taxonomy":"product_brand","embeddable":true,"href":"https:\/\/northlandvelo.eu\/da\/wp-json\/wp\/v2\/product_brand?post=9555"},{"taxonomy":"product_cat","embeddable":true,"href":"https:\/\/northlandvelo.eu\/da\/wp-json\/wp\/v2\/product_cat?post=9555"},{"taxonomy":"product_tag","embeddable":true,"href":"https:\/\/northlandvelo.eu\/da\/wp-json\/wp\/v2\/product_tag?post=9555"}],"curies":[{"name":"wp","href":"https:\/\/api.w.org\/{rel}","templated":true}]}}