{"id":9759,"date":"2026-02-04T11:32:34","date_gmt":"2026-02-04T11:32:34","guid":{"rendered":"https:\/\/northlandvelo.eu\/?post_type=product&#038;p=9759"},"modified":"2026-03-03T10:59:43","modified_gmt":"2026-03-03T10:59:43","slug":"alpha-7-model-ornament","status":"publish","type":"product","link":"https:\/\/northlandvelo.eu\/da\/product\/alpha-7-model-ornament\/","title":{"rendered":"Alpha 7-model ornament"},"content":{"rendered":"<p>Som en del af vores juleudbud er Northland Velo stolte af at kunne pr\u00e6sentere mini-velomobil-modeller som julepynt! Disse modeller er udviklet i samarbejde med ingeni\u00f8rerne Xander Brown og Niklas Bostelmann. Disse miniaturmodeller er 10 cm lange og har en krog til oph\u00e6ngning. Udskrifterne vil have en sort bund og en gr\u00e5 visir med din valgte farve til top og bund. P\u00e5 grund af ekstra komplikationer ved 3D-udskrivning og farvel\u00e6gning vil skillelinjen ikke f\u00f8lge de standardfarvelinjer, der findes p\u00e5 de virkelige modeller.<\/p>\n<p>*Bem\u00e6rk, at der er begr\u00e6nsninger ved 3D-print, som g\u00f8r det vanskeligt at fjerne laglinjer og skabe helt perfekte detaljer, is\u00e6r i denne mindre st\u00f8rrelse. Disse modeller er printet i kvalitets-PLA og kan h\u00e5ndmales. P\u00e5 grund af tids- og talentbegr\u00e6nsninger tilbyder Northland Velo ikke h\u00e5ndmalede tjenester p\u00e5 nuv\u00e6rende tidspunkt.<\/p>\n<p><iframe loading=\"lazy\" title=\"A Velomobile You Can Afford for the Holidays: Only at Northland Velo\" width=\"950\" height=\"534\" src=\"https:\/\/www.youtube.com\/embed\/LNDrJDIL9Go?feature=oembed\" frameborder=\"0\" allow=\"accelerometer; autoplay; clipboard-write; encrypted-media; gyroscope; picture-in-picture; web-share\" referrerpolicy=\"strict-origin-when-cross-origin\" allowfullscreen><\/iframe><\/p>","protected":false},"excerpt":{"rendered":"<p>As part of our holiday offerings, Northland Velo is proud to introduce mini velomobile models as ornaments! These models were developed in conjunction with engineers Xander Brown and Niklas Bostelmann. These miniature models are 10cm long with a hook for hanging. Prints will include a black bottom, and a gray visor with your choice of &hellip; <\/p>\n<p class=\"link-more\"><a href=\"https:\/\/northlandvelo.eu\/da\/product\/alpha-7-model-ornament\/\" class=\"more-link\">L\u00e6s mere<span class=\"screen-reader-text\"> \u201cAlpha 7 Model Ornament\u201d<\/span><\/a><\/p>","protected":false},"featured_media":11297,"template":"","meta":[],"product_brand":[],"product_cat":[110],"product_tag":[128],"class_list":{"0":"post-9759","1":"product","2":"type-product","3":"status-publish","4":"has-post-thumbnail","6":"product_cat-gifts","7":"product_tag-ornament","8":"product_shipping_class-letterbox","10":"first","11":"instock","12":"taxable","13":"shipping-taxable","14":"purchasable","15":"product-type-variable"},"_links":{"self":[{"href":"https:\/\/northlandvelo.eu\/da\/wp-json\/wp\/v2\/product\/9759","targetHints":{"allow":["GET"]}}],"collection":[{"href":"https:\/\/northlandvelo.eu\/da\/wp-json\/wp\/v2\/product"}],"about":[{"href":"https:\/\/northlandvelo.eu\/da\/wp-json\/wp\/v2\/types\/product"}],"wp:featuredmedia":[{"embeddable":true,"href":"https:\/\/northlandvelo.eu\/da\/wp-json\/wp\/v2\/media\/11297"}],"wp:attachment":[{"href":"https:\/\/northlandvelo.eu\/da\/wp-json\/wp\/v2\/media?parent=9759"}],"wp:term":[{"taxonomy":"product_brand","embeddable":true,"href":"https:\/\/northlandvelo.eu\/da\/wp-json\/wp\/v2\/product_brand?post=9759"},{"taxonomy":"product_cat","embeddable":true,"href":"https:\/\/northlandvelo.eu\/da\/wp-json\/wp\/v2\/product_cat?post=9759"},{"taxonomy":"product_tag","embeddable":true,"href":"https:\/\/northlandvelo.eu\/da\/wp-json\/wp\/v2\/product_tag?post=9759"}],"curies":[{"name":"wp","href":"https:\/\/api.w.org\/{rel}","templated":true}]}}