{"id":11538,"date":"2026-02-07T19:23:57","date_gmt":"2026-02-07T19:23:57","guid":{"rendered":"https:\/\/northlandvelo.eu\/?page_id=11538"},"modified":"2026-02-11T18:29:03","modified_gmt":"2026-02-11T18:29:03","slug":"shipping-policy","status":"publish","type":"page","link":"https:\/\/northlandvelo.eu\/de\/shipping-policy\/","title":{"rendered":"Versandpolitik"},"content":{"rendered":"<p>Alle Artikel werden haupts\u00e4chlich \u00fcber Post.nl versendet, um den bestm\u00f6glichen Versandpreis anzubieten. In L\u00e4ndern, in denen dieser Service nicht verf\u00fcgbar ist, k\u00f6nnen die Artikel \u00fcber UPS, DHL oder FedEx versendet werden. Bitte beachten Sie, dass Northland Velo nur die tats\u00e4chlichen Versandkosten zuz\u00fcglich der Verpackungskosten berechnet. Northland Velo versucht, f\u00fcr die Kunden den g\u00fcnstigsten Versandpreis zu erhalten. Northland Velo beh\u00e4lt sich das Recht vor, nur in eine begrenzte Anzahl von L\u00e4ndern zu versenden. Dies wird beim Checkout angegeben, falls der Versand in Ihrer Region nicht verf\u00fcgbar ist. Bitte kontaktieren Sie Northland Velo unter info@northlandvelo.com, um Informationen zum Versand in L\u00e4nder zu erhalten, die \u00fcber diesen Webshop nicht verf\u00fcgbar sind.<\/p>\n\n\n\n<p>Im Falle eines Fehlers bei der Erf\u00fcllung seitens Northland Velo \u00fcbernehmen wir die Versandkosten, um Ihnen einen Ersatz zuzusenden. M\u00f6chten Sie einen Artikel innerhalb der gesetzlich zul\u00e4ssigen Frist zur\u00fccksenden, sind Sie f\u00fcr die Kosten des R\u00fcckversands und der Verpackung des Artikels verantwortlich.<\/p>\n\n\n\n<p>Northland Velo unternimmt alle Anstrengungen, um schnell zu versenden. Bitte beachten Sie, dass einige Artikel nicht immer vorr\u00e4tig sein k\u00f6nnten oder Materialien f\u00fcr die Herstellung eines Artikels beschafft werden m\u00fcssen, um Ihre Bestellung zu erf\u00fcllen. Northland Velo wird alles daransetzen, diese Materialien so schnell wie m\u00f6glich zu beschaffen.<\/p>\n\n\n\n<p>Versandkosten richten sich nach Gr\u00f6\u00dfe und Gewicht des Pakets:<\/p>\n\n\n\n<p>USA<\/p>\n\n\n\n<p>Envelope 5,25<\/p>\n\n\n\n<p>Letterbox\u00a023,00<\/p>\n\n\n\n<p>Small 25,00<\/p>\n\n\n\n<p>Medium 35,00<\/p>\n\n\n\n<p>Nederland<\/p>\n\n\n\n<p>Envelope 3,75<\/p>\n\n\n\n<p>Letterbox 5,00<\/p>\n\n\n\n<p>Small 6,50<\/p>\n\n\n\n<p>Medium 7,75<\/p>\n\n\n\n<p>Belgium<\/p>\n\n\n\n<p>Envelope 5,25<\/p>\n\n\n\n<p>Letterbox 10,50<\/p>\n\n\n\n<p>Small 10,75<\/p>\n\n\n\n<p>Medium 13,50<\/p>\n\n\n\n<p>Deutschland<\/p>\n\n\n\n<p>Envelope 5,25<\/p>\n\n\n\n<p>Letterbox 10,50<\/p>\n\n\n\n<p>Small 11,00<\/p>\n\n\n\n<p>Medium 13,00<\/p>\n\n\n\n<p>Oesterreich<\/p>\n\n\n\n<p>Envelope 5,25<\/p>\n\n\n\n<p>Letterbox 11,25<\/p>\n\n\n\n<p>Small 13,00<\/p>\n\n\n\n<p>Medium 16,50<\/p>\n\n\n\n<p>Denmark<\/p>\n\n\n\n<p>Envelope 5,25<\/p>\n\n\n\n<p>Letterbox 10,50<\/p>\n\n\n\n<p>Small 10,75<\/p>\n\n\n\n<p>Medium 13,50<\/p>\n\n\n\n<p>France<\/p>\n\n\n\n<p>Envelope 5,25<\/p>\n\n\n\n<p>Letterbox 11,25<\/p>\n\n\n\n<p>Small 11,75<\/p>\n\n\n\n<p>Medium 13,50<\/p>\n\n\n\n<p>Italia<\/p>\n\n\n\n<p>Envelope 5,25<\/p>\n\n\n\n<p>Letterbox 10,50<\/p>\n\n\n\n<p>Small 12,00<\/p>\n\n\n\n<p>Medium 13,75<\/p>\n\n\n\n<p>Norway<\/p>\n\n\n\n<p>Envelope 5,25<\/p>\n\n\n\n<p>Letterbox 15,50<\/p>\n\n\n\n<p>Small 15,75<\/p>\n\n\n\n<p>Medium 27,50<\/p>\n\n\n\n<p>Spain<\/p>\n\n\n\n<p>Envelope 5,25<\/p>\n\n\n\n<p>Letterbox 10,50<\/p>\n\n\n\n<p>Small 12,00<\/p>\n\n\n\n<p>Medium 13,00<\/p>\n\n\n\n<p>Schweize<\/p>\n\n\n\n<p>Envelope 5,25<\/p>\n\n\n\n<p>Letterbox 12,25<\/p>\n\n\n\n<p>Small 15,75<\/p>\n\n\n\n<p>Medium 28,50<\/p>\n\n\n\n<p>UK<\/p>\n\n\n\n<p>Envelope 5,25<\/p>\n\n\n\n<p>Letterbox 11,75<\/p>\n\n\n\n<p>Small 14,00<\/p>\n\n\n\n<p>Medium 21,50<\/p>\n\n\n\n<p>Finland<\/p>\n\n\n\n<p>Envelope 5,25<\/p>\n\n\n\n<p>Letterbox 12,25<\/p>\n\n\n\n<p>Small 15,75<\/p>\n\n\n\n<p>Medium 22,50<\/p>\n\n\n\n<p>Czech Republic<\/p>\n\n\n\n<p>Envelope 5,25<\/p>\n\n\n\n<p>Letterbox 12,25<\/p>\n\n\n\n<p>Small 16,00<\/p>\n\n\n\n<p>Medium 22,00<\/p>\n\n\n\n<p>Canada<\/p>\n\n\n\n<p>Envelope 5,25<\/p>\n\n\n\n<p>Letterbox 15,25<\/p>\n\n\n\n<p>Small 24,00<\/p>\n\n\n\n<p>Medium 37,00<\/p>\n\n\n\n<p>Liechtenstein<\/p>\n\n\n\n<p>Envelope 5,25<\/p>\n\n\n\n<p>Letterbox 12,25<\/p>\n\n\n\n<p>Small 15,75<\/p>\n\n\n\n<p>Medium 24,00<\/p>\n\n\n\n<p>Luxembourg<\/p>\n\n\n\n<p>Envelope 5,25<\/p>\n\n\n\n<p>Letterbox 10,50<\/p>\n\n\n\n<p>Small 11,75<\/p>\n\n\n\n<p>Medium 13,75<\/p>\n\n\n\n<p>Japan<\/p>\n\n\n\n<p>Envelope 5,25<\/p>\n\n\n\n<p>Letterbox 15,25<\/p>\n\n\n\n<p>Small 25,00<\/p>\n\n\n\n<p>Medium 38,00<\/p>","protected":false},"excerpt":{"rendered":"<p>All items are shipped using primarily Post.nl to offer the best possible shipping price. In countries where this service is not available, items may be shipped using UPS, DHL, or FedEx. Please note Northland Velo charges our actual cost of shipping plus the cost of packaging. Northland Velo tries to obtain the most favorable shipping &hellip; <\/p>\n<p class=\"link-more\"><a href=\"https:\/\/northlandvelo.eu\/de\/shipping-policy\/\" class=\"more-link\">Mehr <span class=\"screen-reader-text\">\u00fcber &#8220;Shipping Policy&#8221; <\/span>Lesen<\/a><\/p>","protected":false},"author":1,"featured_media":0,"parent":0,"menu_order":0,"comment_status":"closed","ping_status":"closed","template":"","meta":{"footnotes":""},"class_list":["post-11538","page","type-page","status-publish","hentry"],"_links":{"self":[{"href":"https:\/\/northlandvelo.eu\/de\/wp-json\/wp\/v2\/pages\/11538","targetHints":{"allow":["GET"]}}],"collection":[{"href":"https:\/\/northlandvelo.eu\/de\/wp-json\/wp\/v2\/pages"}],"about":[{"href":"https:\/\/northlandvelo.eu\/de\/wp-json\/wp\/v2\/types\/page"}],"author":[{"embeddable":true,"href":"https:\/\/northlandvelo.eu\/de\/wp-json\/wp\/v2\/users\/1"}],"replies":[{"embeddable":true,"href":"https:\/\/northlandvelo.eu\/de\/wp-json\/wp\/v2\/comments?post=11538"}],"version-history":[{"count":2,"href":"https:\/\/northlandvelo.eu\/de\/wp-json\/wp\/v2\/pages\/11538\/revisions"}],"predecessor-version":[{"id":11898,"href":"https:\/\/northlandvelo.eu\/de\/wp-json\/wp\/v2\/pages\/11538\/revisions\/11898"}],"wp:attachment":[{"href":"https:\/\/northlandvelo.eu\/de\/wp-json\/wp\/v2\/media?parent=11538"}],"curies":[{"name":"wp","href":"https:\/\/api.w.org\/{rel}","templated":true}]}}