{"id":11549,"date":"2026-02-07T19:36:22","date_gmt":"2026-02-07T19:36:22","guid":{"rendered":"https:\/\/northlandvelo.eu\/?page_id=11549"},"modified":"2026-02-09T16:38:45","modified_gmt":"2026-02-09T16:38:45","slug":"dienstleistungen","status":"publish","type":"page","link":"https:\/\/northlandvelo.eu\/de\/dienstleistungen\/","title":{"rendered":"Dienstleistungen"},"content":{"rendered":"<div id=\"services\" class=\"wp-block-group pattern_multiple_covers has-global-padding is-layout-constrained wp-block-group-is-layout-constrained\">\n<h2 class=\"wp-block-heading has-text-align-left has-large-font-size\">Northland Velo Dienstleistungen<\/h2>\n\n\n\n<p class=\"has-text-align-left\">Northland Velo bietet den Verkauf von WAW-Velomobilen, 3D-gedruckte L\u00f6sungen sowie Reparatur- und Verbesserungsdienstleistungen f\u00fcr ausgew\u00e4hlte Velomobilmodelle in Zeeuws-Vlaanderen an. Die Dienstleistungen reichen von einfachen Reparaturen wie der Einstellung der Schaltung und der \u00dcberholung der Bremsen bis hin zu elektrischen Arbeiten und kleineren Reparaturen an Verbundstoffen. Zu den Modellen, die zur Reparatur gebracht werden k\u00f6nnen, geh\u00f6ren WAW, Quest, Strada, alle B\u00fclks, Milane mit Wartungs\u00f6ffnungen, Alphas und DF\/DFXL. Northland Velo ist nicht in der Lage, Reparaturen an Modellen ohne Wartungs\u00f6ffnungen, an Nabenschaltungen oder an der elektrischen Unterst\u00fctzung anzubieten. Northland Velo bedauert auch den Mangel an geeigneten R\u00e4umlichkeiten f\u00fcr Lackreparaturen und kann diesen Service nicht anbieten. Bei einigen Modellen kann es erforderlich sein, dass Sie Ersatzteile bestellen m\u00fcssen, da Northland Velo nicht mit allen Herstellern von Velomobilen in Verbindung steht.<\/p>\n\n\n\n<div style=\"height:46px\" aria-hidden=\"true\" class=\"wp-block-spacer\"><\/div>\n\n\n\n<div class=\"wp-block-columns is-layout-flex wp-container-core-columns-is-layout-28f84493 wp-block-columns-is-layout-flex\">\n<div class=\"wp-block-column is-layout-flow wp-block-column-is-layout-flow\" style=\"padding-top:0;padding-right:0;padding-bottom:0;padding-left:0\">\n<div class=\"wp-block-cover has-custom-content-position is-position-bottom-left\" style=\"border-top-left-radius:5px;border-top-right-radius:5px;border-bottom-left-radius:5px;border-bottom-right-radius:5px;padding-top:var(--wp--preset--spacing--small);padding-right:var(--wp--preset--spacing--x-small);padding-bottom:var(--wp--preset--spacing--small);padding-left:var(--wp--preset--spacing--x-small)\"><img loading=\"lazy\" decoding=\"async\" width=\"768\" height=\"1024\" class=\"wp-block-cover__image-background wp-image-9944 size-large\" alt=\"\" src=\"https:\/\/northlandvelo.eu\/wp-content\/uploads\/2026\/02\/IMG_8646-768x1024.jpg\" data-object-fit=\"cover\" srcset=\"https:\/\/northlandvelo.eu\/wp-content\/uploads\/2026\/02\/IMG_8646-768x1024.jpg 768w, https:\/\/northlandvelo.eu\/wp-content\/uploads\/2026\/02\/IMG_8646-225x300.jpg 225w, https:\/\/northlandvelo.eu\/wp-content\/uploads\/2026\/02\/IMG_8646-2000x2667.jpg 2000w, https:\/\/northlandvelo.eu\/wp-content\/uploads\/2026\/02\/IMG_8646-scaled-9x12.jpg 9w, https:\/\/northlandvelo.eu\/wp-content\/uploads\/2026\/02\/IMG_8646-scaled.jpg 1920w\" sizes=\"auto, (max-width: 768px) 100vw, 768px\" \/><span aria-hidden=\"true\" class=\"wp-block-cover__background has-primary-background-color has-background-dim-30 has-background-dim\"><\/span><div class=\"wp-block-cover__inner-container is-layout-flow wp-block-cover-is-layout-flow\">\n<h3 class=\"wp-block-heading has-white-color has-text-color has-medium-font-size\" style=\"margin-top:0;margin-right:0;margin-bottom:0;margin-left:0\">WAW Verkauf<\/h3>\n\n\n\n<p class=\"has-white-color has-text-color has-link-color wp-elements-f0ed9c79bcd2118b9e7eda17a6e029f0\" style=\"margin-top:0;margin-right:0;margin-bottom:0;margin-left:0\"><a href=\"https:\/\/northlandvelo.eu\/de\/treffen-sie-das-waw-velomobil-2\/\" data-type=\"page\" data-id=\"11684\">Mehr Lernen \u2192<\/a><\/p>\n<\/div><\/div>\n<\/div>\n\n\n\n<div class=\"wp-block-column is-layout-flow wp-block-column-is-layout-flow\" style=\"padding-top:0;padding-right:0;padding-bottom:0;padding-left:0\">\n<div class=\"wp-block-cover has-custom-content-position is-position-bottom-left\" style=\"border-top-left-radius:5px;border-top-right-radius:5px;border-bottom-left-radius:5px;border-bottom-right-radius:5px;padding-top:var(--wp--preset--spacing--small);padding-right:var(--wp--preset--spacing--x-small);padding-bottom:var(--wp--preset--spacing--small);padding-left:var(--wp--preset--spacing--x-small)\"><img loading=\"lazy\" decoding=\"async\" width=\"768\" height=\"1024\" class=\"wp-block-cover__image-background wp-image-11699 size-large\" alt=\"\" src=\"https:\/\/northlandvelo.eu\/wp-content\/uploads\/2026\/02\/printer-768x1024.jpg\" data-object-fit=\"cover\" srcset=\"https:\/\/northlandvelo.eu\/wp-content\/uploads\/2026\/02\/printer-768x1024.jpg 768w, https:\/\/northlandvelo.eu\/wp-content\/uploads\/2026\/02\/printer-225x300.jpg 225w, https:\/\/northlandvelo.eu\/wp-content\/uploads\/2026\/02\/printer-9x12.jpg 9w, https:\/\/northlandvelo.eu\/wp-content\/uploads\/2026\/02\/printer.jpg 810w\" sizes=\"auto, (max-width: 768px) 100vw, 768px\" \/><span aria-hidden=\"true\" class=\"wp-block-cover__background has-primary-background-color has-background-dim-30 has-background-dim\"><\/span><div class=\"wp-block-cover__inner-container is-layout-flow wp-block-cover-is-layout-flow\">\n<h3 class=\"wp-block-heading has-white-color has-text-color has-medium-font-size\" style=\"margin-top:0;margin-right:0;margin-bottom:0;margin-left:0\">3D-Druck<\/h3>\n\n\n\n<p class=\"has-white-color has-text-color has-link-color wp-elements-e7491141610b723488504eefaa2c66f3\" style=\"margin-top:0;margin-right:0;margin-bottom:0;margin-left:0\"><a href=\"https:\/\/northlandvelo.eu\/de\/product-category\/zubehor\/\" data-type=\"product_cat\" data-id=\"66\">Mehr Lernen \u2192<\/a><\/p>\n<\/div><\/div>\n<\/div>\n\n\n\n<div class=\"wp-block-column is-layout-flow wp-block-column-is-layout-flow\" style=\"padding-top:0;padding-right:0;padding-bottom:0;padding-left:0\">\n<div class=\"wp-block-cover has-custom-content-position is-position-bottom-left\" style=\"border-top-left-radius:5px;border-top-right-radius:5px;border-bottom-left-radius:5px;border-bottom-right-radius:5px;padding-top:var(--wp--preset--spacing--small);padding-right:var(--wp--preset--spacing--x-small);padding-bottom:var(--wp--preset--spacing--small);padding-left:var(--wp--preset--spacing--x-small)\"><img loading=\"lazy\" decoding=\"async\" width=\"768\" height=\"1024\" class=\"wp-block-cover__image-background wp-image-9438 size-large\" alt=\"\" src=\"https:\/\/northlandvelo.eu\/wp-content\/uploads\/2026\/02\/thumbnail-3-768x1024.jpeg\" data-object-fit=\"cover\" srcset=\"https:\/\/northlandvelo.eu\/wp-content\/uploads\/2026\/02\/thumbnail-3-768x1024.jpeg 768w, https:\/\/northlandvelo.eu\/wp-content\/uploads\/2026\/02\/thumbnail-3-225x300.jpeg 225w, https:\/\/northlandvelo.eu\/wp-content\/uploads\/2026\/02\/thumbnail-3-9x12.jpeg 9w, https:\/\/northlandvelo.eu\/wp-content\/uploads\/2026\/02\/thumbnail-3-600x800.jpeg 600w, https:\/\/northlandvelo.eu\/wp-content\/uploads\/2026\/02\/thumbnail-3.jpeg 810w\" sizes=\"auto, (max-width: 768px) 100vw, 768px\" \/><span aria-hidden=\"true\" class=\"wp-block-cover__background has-primary-background-color has-background-dim-30 has-background-dim\"><\/span><div class=\"wp-block-cover__inner-container is-layout-flow wp-block-cover-is-layout-flow\">\n<h3 class=\"wp-block-heading has-white-color has-text-color has-medium-font-size\" style=\"margin-top:0;margin-right:0;margin-bottom:0;margin-left:0\">Reparatur<\/h3>\n\n\n\n<p class=\"has-white-color has-text-color has-link-color wp-elements-12a8c2802d4a4fcfc0b92dc7d5f8ed0e\" style=\"margin-top:0;margin-right:0;margin-bottom:0;margin-left:0\"><a href=\"https:\/\/northlandvelo.eu\/de\/kontakt\/\" data-type=\"page\" data-id=\"9397\">Mehr Lernen \u2192<\/a><\/p>\n<\/div><\/div>\n<\/div>\n<\/div>\n\n\n\n<div style=\"height:103px\" aria-hidden=\"true\" class=\"wp-block-spacer\"><\/div>\n<\/div>\n\n\n\n<div class=\"wp-block-group alignfull has-global-padding is-layout-constrained wp-container-core-group-is-layout-93707e3a wp-block-group-is-layout-constrained\" id=\"cover\" style=\"margin-top:0px;margin-bottom:0px\">\n<div class=\"wp-block-cover alignfull\" style=\"min-height:549px;aspect-ratio:unset;\"><img loading=\"lazy\" decoding=\"async\" width=\"1024\" height=\"768\" class=\"wp-block-cover__image-background wp-image-11596 size-large\" alt=\"\" src=\"https:\/\/northlandvelo.eu\/wp-content\/uploads\/2026\/02\/new-bike-day-1024x768.jpg\" data-object-fit=\"cover\" srcset=\"https:\/\/northlandvelo.eu\/wp-content\/uploads\/2026\/02\/new-bike-day-1024x768.jpg 1024w, https:\/\/northlandvelo.eu\/wp-content\/uploads\/2026\/02\/new-bike-day-300x225.jpg 300w, https:\/\/northlandvelo.eu\/wp-content\/uploads\/2026\/02\/new-bike-day-16x12.jpg 16w, https:\/\/northlandvelo.eu\/wp-content\/uploads\/2026\/02\/new-bike-day.jpg 1080w\" sizes=\"auto, (max-width: 1024px) 100vw, 1024px\" \/><span aria-hidden=\"true\" class=\"wp-block-cover__background has-black-background-color has-background-dim-60 has-background-dim\"><\/span><div class=\"wp-block-cover__inner-container is-layout-flow wp-block-cover-is-layout-flow\">\n<div class=\"wp-block-group has-global-padding is-layout-constrained wp-container-core-group-is-layout-4383d167 wp-block-group-is-layout-constrained\">\n<div style=\"height:88px\" aria-hidden=\"true\" class=\"wp-block-spacer\"><\/div>\n\n\n\n<h2 class=\"wp-block-heading has-white-color has-text-color has-max-48-font-size\">Warum Northland Velo?<\/h2>\n\n\n\n<p>Northland Velo hat zwar nicht das gr\u00f6sste Angebot, verspricht aber, den bestm\u00f6glichen Service sowie die bestm\u00f6gliche Qualit\u00e4t und Kommunikation zu bieten. Northland Velo befindet sich in einer der sch\u00f6nsten Fahrradregionen der Niederlande und in der N\u00e4he der gr\u00f6\u00dferen St\u00e4dte Belgiens. Ein Besuch bei Northland Velo bietet auch eine gute Gelegenheit f\u00fcr ein Urlaubswochenende mit Radfahren und unber\u00fchrten Str\u00e4nden, also bringen Sie Ihre Fahrradausr\u00fcstung mit!<\/p>\n\n\n\n<div class=\"wp-block-buttons is-layout-flex wp-block-buttons-is-layout-flex\">\n<div class=\"wp-block-button is-style-outline is-style-outline--1\"><a class=\"wp-block-button__link wp-element-button\" href=\"https:\/\/northlandvelo.eu\/de\/kontakt\/\" style=\"border-radius:0px;text-transform:uppercase\">Kontakt Northland Velo<\/a><\/div>\n<\/div>\n\n\n\n<div style=\"height:63px\" aria-hidden=\"true\" class=\"wp-block-spacer\"><\/div>\n<\/div>\n<\/div><\/div>\n<\/div>\n\n\n\n<div id=\"reel\" class=\"wp-block-group has-global-padding is-layout-constrained wp-container-core-group-is-layout-93707e3a wp-block-group-is-layout-constrained\" style=\"margin-top:0px;margin-bottom:0px\">\n<h2 class=\"wp-block-heading has-white-color has-text-color has-max-48-font-size\">Showreel <\/h2>\n\n\n\n<figure class=\"wp-block-embed is-type-video is-provider-youtube wp-block-embed-youtube wp-embed-aspect-16-9 wp-has-aspect-ratio\"><div class=\"wp-block-embed__wrapper\">\n<iframe loading=\"lazy\" title=\"Radfahren in Zeeland: die Zeeuws-Vlaanderen Strandroute von Breskens nach Cadzand mit dem Velomobil\" width=\"950\" height=\"534\" src=\"https:\/\/www.youtube.com\/embed\/UenAmIfPxQs?feature=oembed\" frameborder=\"0\" allow=\"accelerometer; autoplay; clipboard-write; encrypted-media; gyroscope; picture-in-picture; web-share\" referrerpolicy=\"strict-origin-when-cross-origin\" allowfullscreen><\/iframe>\n<\/div><\/figure>\n<\/div>\n\n\n\n<div class=\"wp-block-group has-global-padding is-layout-constrained wp-block-group-is-layout-constrained\">\n<div class=\"wp-block-group is-layout-flow wp-block-group-is-layout-flow\">\n<p class=\"has-secondary-color has-text-color\"><\/p>\n\n\n\n<h2 class=\"wp-block-heading has-max-48-font-size\">Packen wir's an!<\/h2>\n\n\n\n<div class=\"wp-block-columns is-layout-flex wp-container-core-columns-is-layout-28f84493 wp-block-columns-is-layout-flex\">\n<div class=\"wp-block-column is-style-default is-layout-flow wp-block-column-is-layout-flow\" style=\"border-top-style:none;border-top-width:0px;border-right-style:none;border-right-width:0px;border-bottom-style:none;border-bottom-width:0px;border-left-color:var(--wp--preset--color--lightgrey);border-left-width:1px;padding-top:35px;padding-right:2%;padding-bottom:35px;padding-left:5%\">\n<h2 class=\"wp-block-heading has-primary-color has-text-color\"><strong>1.<\/strong><\/h2>\n\n\n\n<div style=\"height:31px\" aria-hidden=\"true\" class=\"wp-block-spacer\"><\/div>\n\n\n\n<h2 class=\"wp-block-heading\">Zeitplan<\/h2>\n\n\n\n<p>Sie k\u00f6nnen einen Wartungstermin \u00fcber die Website vereinbaren, um eine sichere Kommunikation zu gew\u00e4hrleisten. Wir werden gemeinsam einen geeigneten Zeitpunkt f\u00fcr Ihren Besuch finden, um sicherzustellen, dass Sie so kurz wie m\u00f6glich ohne Ihr geliebtes Velomobil sind.<\/p>\n\n\n\n<p><a href=\"https:\/\/northlandvelo.eu\/de\/kontakt\/\" data-type=\"page\" data-id=\"9397\">Termin buchen<\/a><\/p>\n<\/div>\n\n\n\n<div class=\"wp-block-column is-style-default is-layout-flow wp-block-column-is-layout-flow\" style=\"border-top-style:none;border-top-width:0px;border-right-style:none;border-right-width:0px;border-bottom-style:none;border-bottom-width:0px;border-left-color:var(--wp--preset--color--lightgrey);border-left-width:1px;padding-top:35px;padding-right:2%;padding-bottom:35px;padding-left:5%\">\n<h2 class=\"wp-block-heading has-primary-color has-text-color\"><strong>2.<\/strong><\/h2>\n\n\n\n<div style=\"height:31px\" aria-hidden=\"true\" class=\"wp-block-spacer\"><\/div>\n\n\n\n<h2 class=\"wp-block-heading\">Reparaturen<\/h2>\n\n\n\n<p>Mein Ziel ist es immer, Reparaturen so schnell wie m\u00f6glich durchzuf\u00fchren. Aus Platzgr\u00fcnden wird jeweils nur ein Reparaturprojekt bearbeitet, so dass ich mich voll und ganz auf Ihr Projekt konzentrieren kann. Vor Beginn der Reparaturarbeiten erhalten Sie einen Kostenvoranschlag \u00fcber den ungef\u00e4hren Preis. Sollten zus\u00e4tzliche Arbeiten erforderlich sein, erhalten Sie einen Kostenvoranschlag, bevor ich mit diesen Arbeiten beginne.<\/p>\n\n\n\n<p><\/p>\n<\/div>\n\n\n\n<div class=\"wp-block-column is-style-default is-layout-flow wp-block-column-is-layout-flow\" style=\"border-top-style:none;border-top-width:0px;border-right-style:none;border-right-width:0px;border-bottom-style:none;border-bottom-width:0px;border-left-color:var(--wp--preset--color--lightgrey);border-left-width:1px;padding-top:35px;padding-right:2%;padding-bottom:35px;padding-left:5%\">\n<h2 class=\"wp-block-heading has-primary-color has-text-color\"><strong>3.<\/strong><\/h2>\n\n\n\n<div style=\"height:31px\" aria-hidden=\"true\" class=\"wp-block-spacer\"><\/div>\n\n\n\n<h2 class=\"wp-block-heading\">Bezahlen<\/h2>\n\n\n\n<p>Alle Zahlungen werden \u00fcber eine sichere Website abgewickelt, so dass Ihre Zahlung auf meinem Konto ankommt, ohne dass die Gefahr besteht, dass sie von Internet-Betr\u00fcgern abgefangen wird. Es gibt auch die M\u00f6glichkeit, pers\u00f6nlich per Bank\u00fcberweisung zu bezahlen.<\/p>\n\n\n\n<p><\/p>\n<\/div>\n<\/div>\n<\/div>\n<\/div>\n\n\n\n<div class=\"wp-block-group has-global-padding is-layout-constrained wp-block-group-is-layout-constrained\"><\/div>\n\n\n\n<div style=\"height:0px\" aria-hidden=\"true\" class=\"wp-block-spacer\"><\/div>","protected":false},"excerpt":{"rendered":"<p>Northland Velo Services Northland Velo offers WAW velomobile sales, 3D printed solutions, and repair and improvement services for select velomobile models in Zeeuws-Vlaanderen. Services range from simple repairs like tuning shifting and refurbishing brakes to electrical work and minor composites repair. Models that can be brought for repair include the WAW, Quest, Strada, all Buelks, &hellip; <\/p>\n<p class=\"link-more\"><a href=\"https:\/\/northlandvelo.eu\/de\/dienstleistungen\/\" class=\"more-link\">Mehr <span class=\"screen-reader-text\">\u00fcber &#8220;Services&#8221; <\/span>Lesen<\/a><\/p>","protected":false},"author":1,"featured_media":9438,"parent":0,"menu_order":0,"comment_status":"closed","ping_status":"closed","template":"","meta":{"footnotes":""},"class_list":["post-11549","page","type-page","status-publish","has-post-thumbnail","hentry"],"_links":{"self":[{"href":"https:\/\/northlandvelo.eu\/de\/wp-json\/wp\/v2\/pages\/11549","targetHints":{"allow":["GET"]}}],"collection":[{"href":"https:\/\/northlandvelo.eu\/de\/wp-json\/wp\/v2\/pages"}],"about":[{"href":"https:\/\/northlandvelo.eu\/de\/wp-json\/wp\/v2\/types\/page"}],"author":[{"embeddable":true,"href":"https:\/\/northlandvelo.eu\/de\/wp-json\/wp\/v2\/users\/1"}],"replies":[{"embeddable":true,"href":"https:\/\/northlandvelo.eu\/de\/wp-json\/wp\/v2\/comments?post=11549"}],"version-history":[{"count":27,"href":"https:\/\/northlandvelo.eu\/de\/wp-json\/wp\/v2\/pages\/11549\/revisions"}],"predecessor-version":[{"id":11843,"href":"https:\/\/northlandvelo.eu\/de\/wp-json\/wp\/v2\/pages\/11549\/revisions\/11843"}],"wp:featuredmedia":[{"embeddable":true,"href":"https:\/\/northlandvelo.eu\/de\/wp-json\/wp\/v2\/media\/9438"}],"wp:attachment":[{"href":"https:\/\/northlandvelo.eu\/de\/wp-json\/wp\/v2\/media?parent=11549"}],"curies":[{"name":"wp","href":"https:\/\/api.w.org\/{rel}","templated":true}]}}