{"id":10972,"date":"2026-02-04T15:23:59","date_gmt":"2026-02-04T15:23:59","guid":{"rendered":"https:\/\/northlandvelo.eu\/?post_type=product&#038;p=10972"},"modified":"2026-03-03T10:44:23","modified_gmt":"2026-03-03T10:44:23","slug":"alpha-9-model-200mm","status":"publish","type":"product","link":"https:\/\/northlandvelo.eu\/de\/product\/alpha-9-model-200mm\/","title":{"rendered":"Modell Alpha 9 (200 mm)"},"content":{"rendered":"<p>Als Teil unseres Geschenkangebots freut sich Northland Velo, Mini-Velomobil-Modelle vorstellen zu d\u00fcrfen! Diese Modelle wurden in Zusammenarbeit mit den Ingenieuren Xander Brown und Niklas Bostelmann entwickelt. Die Miniaturmodelle sind 20 cm lang. Die Drucke haben einen schwarzen Boden und ein graues Visier, wobei Sie die Farbe f\u00fcr die Ober- und Unterseite frei w\u00e4hlen k\u00f6nnen. Aufgrund der zus\u00e4tzlichen Komplikationen beim 3D-Druck und beim Farbauftrag entspricht die Trennlinie nicht den Standardfarblinien der realen Modelle.<\/p>\n<p>*Bitte beachten Sie, dass es beim 3D-Druck Einschr\u00e4nkungen gibt, die es schwierig machen, Schichtlinien zu beseitigen und absolut perfekte Details zu erzielen, insbesondere bei dieser kleineren Gr\u00f6\u00dfe. Diese Modelle werden aus hochwertigem PLA gedruckt und k\u00f6nnen von Hand bemalt werden. Aufgrund von Zeit- und Talentbeschr\u00e4nkungen bietet Northland Velo derzeit keine Handbemalung an.<\/p>\n<p><iframe loading=\"lazy\" title=\"A Velomobile You Can Afford for the Holidays: Only at Northland Velo\" width=\"950\" height=\"534\" src=\"https:\/\/www.youtube.com\/embed\/LNDrJDIL9Go?feature=oembed\" frameborder=\"0\" allow=\"accelerometer; autoplay; clipboard-write; encrypted-media; gyroscope; picture-in-picture; web-share\" referrerpolicy=\"strict-origin-when-cross-origin\" allowfullscreen><\/iframe><\/p>","protected":false},"excerpt":{"rendered":"<p>As part of our gift offerings, Northland Velo is proud to introduce mini velomobile models! These models were developed in conjunction with engineers Xander Brown and Niklas Bostelmann. These miniature models are 20cm long. Prints will include a black bottom, and a gray visor with your choice of color for the top and bottom. Due &hellip; <\/p>\n<p class=\"link-more\"><a href=\"https:\/\/northlandvelo.eu\/de\/product\/alpha-9-model-200mm\/\" class=\"more-link\">Mehr <span class=\"screen-reader-text\">\u00fcber &#8220;Alpha 9 Model (200mm)&#8221; <\/span>Lesen<\/a><\/p>","protected":false},"featured_media":9938,"template":"","meta":[],"product_brand":[],"product_cat":[110],"product_tag":[130],"class_list":{"0":"post-10972","1":"product","2":"type-product","3":"status-publish","4":"has-post-thumbnail","6":"product_cat-gifts","7":"product_tag-model-velomobile","8":"product_shipping_class-small","10":"first","11":"instock","12":"taxable","13":"shipping-taxable","14":"purchasable","15":"product-type-variable"},"_links":{"self":[{"href":"https:\/\/northlandvelo.eu\/de\/wp-json\/wp\/v2\/product\/10972","targetHints":{"allow":["GET"]}}],"collection":[{"href":"https:\/\/northlandvelo.eu\/de\/wp-json\/wp\/v2\/product"}],"about":[{"href":"https:\/\/northlandvelo.eu\/de\/wp-json\/wp\/v2\/types\/product"}],"wp:featuredmedia":[{"embeddable":true,"href":"https:\/\/northlandvelo.eu\/de\/wp-json\/wp\/v2\/media\/9938"}],"wp:attachment":[{"href":"https:\/\/northlandvelo.eu\/de\/wp-json\/wp\/v2\/media?parent=10972"}],"wp:term":[{"taxonomy":"product_brand","embeddable":true,"href":"https:\/\/northlandvelo.eu\/de\/wp-json\/wp\/v2\/product_brand?post=10972"},{"taxonomy":"product_cat","embeddable":true,"href":"https:\/\/northlandvelo.eu\/de\/wp-json\/wp\/v2\/product_cat?post=10972"},{"taxonomy":"product_tag","embeddable":true,"href":"https:\/\/northlandvelo.eu\/de\/wp-json\/wp\/v2\/product_tag?post=10972"}],"curies":[{"name":"wp","href":"https:\/\/api.w.org\/{rel}","templated":true}]}}