{"id":11170,"date":"2026-02-04T16:55:50","date_gmt":"2026-02-04T16:55:50","guid":{"rendered":"https:\/\/northlandvelo.eu\/?post_type=product&#038;p=11170"},"modified":"2026-02-23T14:47:11","modified_gmt":"2026-02-23T14:47:11","slug":"locking-buelk-seat-rails","status":"publish","type":"product","link":"https:\/\/northlandvelo.eu\/de\/product\/locking-buelk-seat-rails\/","title":{"rendered":"Verriegelnde B\u00fclk Sitzschienen"},"content":{"rendered":"<p>Diese Sitzschienen passen f\u00fcr alle Velomobile von B\u00fclk. Die Nut wurde gegen\u00fcber den serienm\u00e4\u00dfigen Schienen ver\u00e4ndert, um die Gefahr zu verringern, dass sich der Sitz beim \u00dcberfahren von Unebenheiten oder beim Ein- und Aussteigen l\u00f6st. Gedruckt aus ASA f\u00fcr Langlebigkeit. Das Design stammt von meinem Ingenieurkollegen Xander, der mir freundlicherweise dabei geholfen hat, das Design zu lernen und die Qualit\u00e4t meines 3D-Drucks zu verbessern. Verkauft als Paar. MK1\/Distance-Schienen haben eine Abschr\u00e4gung an der hinteren Unterseite f\u00fcr eine bessere Passform.<\/p>\n<p>Bitte beachten Sie, dass 3D-gedruckte Artikel manchmal kleine kosmetische M\u00e4ngel aufweisen k\u00f6nnen. Diese M\u00e4ngel haben keinen Einfluss auf die Funktion des Designs und sind rein kosmetischer Natur. Beachten Sie auch, dass 3D-gedruckte Materialien aus Kunststoff bestehen und anf\u00e4llig f\u00fcr Kratzer sind.<\/p>\n<p><iframe loading=\"lazy\" title=\"B\u00fclk and Milan Velomobile Seat Upgrades from Northland Velo\" width=\"950\" height=\"534\" src=\"https:\/\/www.youtube.com\/embed\/fzGpquDDbLs?feature=oembed\" frameborder=\"0\" allow=\"accelerometer; autoplay; clipboard-write; encrypted-media; gyroscope; picture-in-picture; web-share\" referrerpolicy=\"strict-origin-when-cross-origin\" allowfullscreen><\/iframe><\/p>","protected":false},"excerpt":{"rendered":"<p>These seat rails are designed to fit all B\u00fclk velomobiles. The groove is altered from the stock rails to reduce the chances of the seat coming loose when riding over bumps or climbing in and out. Printed from ASA for durability. Design credit goes to my engineer colleague Xander who has graciously helped me with &hellip; <\/p>\n<p class=\"link-more\"><a href=\"https:\/\/northlandvelo.eu\/de\/product\/locking-buelk-seat-rails\/\" class=\"more-link\">Mehr <span class=\"screen-reader-text\">\u00fcber &#8220;Locking Buelk Seat Rails&#8221; <\/span>Lesen<\/a><\/p>","protected":false},"featured_media":9576,"template":"","meta":[],"product_brand":[],"product_cat":[117],"product_tag":[133],"class_list":{"0":"post-11170","1":"product","2":"type-product","3":"status-publish","4":"has-post-thumbnail","6":"product_cat-seat","7":"product_tag-buelk-seat-rails","9":"first","10":"instock","11":"taxable","12":"shipping-taxable","13":"purchasable","14":"product-type-variable"},"_links":{"self":[{"href":"https:\/\/northlandvelo.eu\/de\/wp-json\/wp\/v2\/product\/11170","targetHints":{"allow":["GET"]}}],"collection":[{"href":"https:\/\/northlandvelo.eu\/de\/wp-json\/wp\/v2\/product"}],"about":[{"href":"https:\/\/northlandvelo.eu\/de\/wp-json\/wp\/v2\/types\/product"}],"wp:featuredmedia":[{"embeddable":true,"href":"https:\/\/northlandvelo.eu\/de\/wp-json\/wp\/v2\/media\/9576"}],"wp:attachment":[{"href":"https:\/\/northlandvelo.eu\/de\/wp-json\/wp\/v2\/media?parent=11170"}],"wp:term":[{"taxonomy":"product_brand","embeddable":true,"href":"https:\/\/northlandvelo.eu\/de\/wp-json\/wp\/v2\/product_brand?post=11170"},{"taxonomy":"product_cat","embeddable":true,"href":"https:\/\/northlandvelo.eu\/de\/wp-json\/wp\/v2\/product_cat?post=11170"},{"taxonomy":"product_tag","embeddable":true,"href":"https:\/\/northlandvelo.eu\/de\/wp-json\/wp\/v2\/product_tag?post=11170"}],"curies":[{"name":"wp","href":"https:\/\/api.w.org\/{rel}","templated":true}]}}