{"id":11180,"date":"2026-02-04T17:25:51","date_gmt":"2026-02-04T17:25:51","guid":{"rendered":"https:\/\/northlandvelo.eu\/?post_type=product&#038;p=11180"},"modified":"2026-02-23T14:39:14","modified_gmt":"2026-02-23T14:39:14","slug":"anti-fog-visor-insert","status":"publish","type":"product","link":"https:\/\/northlandvelo.eu\/de\/product\/anti-fog-visor-insert\/","title":{"rendered":"Anti-Beschlag Visiereinsatz"},"content":{"rendered":"<p>Es sind verschiedene Anti-Beschlag-Visiereins\u00e4tze erh\u00e4ltlich. Alle funktionieren nach dem gleichen Prinzip. Der durchsichtig eingef\u00e4rbte Teil ist lediglich eine Schutzfolie, die das Visier vor Kratzern sch\u00fctzt und vor der Montage entfernt werden sollte. Diese Eins\u00e4tze bilden eine Doppelverglasung, die das Beschlagen des Visiers reduziert. Der Vorrat ist auf die verf\u00fcgbaren Best\u00e4nde beschr\u00e4nkt.<\/p>","protected":false},"excerpt":{"rendered":"<p>Es sind verschiedene Anti-Beschlag-Visiereins\u00e4tze erh\u00e4ltlich. Alle funktionieren nach dem gleichen Prinzip. Der durchsichtig eingef\u00e4rbte Teil ist lediglich eine Schutzfolie, die das Visier vor Kratzern sch\u00fctzt und vor der Montage entfernt werden sollte. Diese Eins\u00e4tze bilden eine Doppelverglasung, die das Beschlagen des Visiers reduziert. Der Vorrat ist auf die verf\u00fcgbaren Best\u00e4nde beschr\u00e4nkt.<\/p>","protected":false},"featured_media":9641,"template":"","meta":[],"product_brand":[],"product_cat":[66,112,118,113],"product_tag":[134],"class_list":{"0":"post-11180","1":"product","2":"type-product","3":"status-publish","4":"has-post-thumbnail","6":"product_cat-accessories","7":"product_cat-part","8":"product_cat-safety","9":"product_cat-sale","10":"product_tag-anti-fog-insert","11":"product_shipping_class-letterbox","13":"first","14":"instock","15":"taxable","16":"shipping-taxable","17":"purchasable","18":"product-type-variable"},"_links":{"self":[{"href":"https:\/\/northlandvelo.eu\/de\/wp-json\/wp\/v2\/product\/11180","targetHints":{"allow":["GET"]}}],"collection":[{"href":"https:\/\/northlandvelo.eu\/de\/wp-json\/wp\/v2\/product"}],"about":[{"href":"https:\/\/northlandvelo.eu\/de\/wp-json\/wp\/v2\/types\/product"}],"wp:featuredmedia":[{"embeddable":true,"href":"https:\/\/northlandvelo.eu\/de\/wp-json\/wp\/v2\/media\/9641"}],"wp:attachment":[{"href":"https:\/\/northlandvelo.eu\/de\/wp-json\/wp\/v2\/media?parent=11180"}],"wp:term":[{"taxonomy":"product_brand","embeddable":true,"href":"https:\/\/northlandvelo.eu\/de\/wp-json\/wp\/v2\/product_brand?post=11180"},{"taxonomy":"product_cat","embeddable":true,"href":"https:\/\/northlandvelo.eu\/de\/wp-json\/wp\/v2\/product_cat?post=11180"},{"taxonomy":"product_tag","embeddable":true,"href":"https:\/\/northlandvelo.eu\/de\/wp-json\/wp\/v2\/product_tag?post=11180"}],"curies":[{"name":"wp","href":"https:\/\/api.w.org\/{rel}","templated":true}]}}