{"id":11189,"date":"2026-02-04T17:51:27","date_gmt":"2026-02-04T17:51:27","guid":{"rendered":"https:\/\/northlandvelo.eu\/?post_type=product&#038;p=11189"},"modified":"2026-03-06T21:33:08","modified_gmt":"2026-03-06T21:33:08","slug":"busch-mueller-cyclestar-mirror","status":"publish","type":"product","link":"https:\/\/northlandvelo.eu\/de\/product\/busch-mueller-cyclestar-mirror\/","title":{"rendered":"Busch &amp; M\u00fcller Cyclestar-Spiegel"},"content":{"rendered":"<p>Der originale Cyclestar-Spiegel mit einer ausreichend gro\u00dfen Oberfl\u00e4che f\u00fcr eine gute Sicht. Die Halterung ist in alle Richtungen verstellbar und kann entweder an der Haube oder am Rahmen eines Velomobils montiert werden. Jetzt mit 3D-gedruckten Spiegelkegeln aus PETG-CF erh\u00e4ltlich, die lackiert werden k\u00f6nnen. Einzeln erh\u00e4ltlich. Die Standardfarbe f\u00fcr die Aero-Kegel ist Schwarz, auf Anfrage sind jedoch auch Blau und Grau erh\u00e4ltlich.<\/p>","protected":false},"excerpt":{"rendered":"<p>The original Cyclestar mirror with a large enough surface for good view. The mount has adjustment in all directions and can be mounted on either the hood or body of a velomobile. Now available with 3D printed mirror cones in PETG-CF suitable for painting. Sold singly. Default color for aero cones is black, but blue &hellip; <\/p>\n<p class=\"link-more\"><a href=\"https:\/\/northlandvelo.eu\/de\/product\/busch-mueller-cyclestar-mirror\/\" class=\"more-link\">Mehr <span class=\"screen-reader-text\">\u00fcber &#8220;Busch &#038; Mueller Cyclestar Mirror&#8221; <\/span>Lesen<\/a><\/p>","protected":false},"featured_media":9634,"template":"","meta":[],"product_brand":[],"product_cat":[66,115],"product_tag":[137],"class_list":{"0":"post-11189","1":"product","2":"type-product","3":"status-publish","4":"has-post-thumbnail","6":"product_cat-accessories","7":"product_cat-mirrors","8":"product_tag-mirror","9":"product_shipping_class-small","11":"first","12":"instock","13":"taxable","14":"shipping-taxable","15":"purchasable","16":"product-type-variable"},"_links":{"self":[{"href":"https:\/\/northlandvelo.eu\/de\/wp-json\/wp\/v2\/product\/11189","targetHints":{"allow":["GET"]}}],"collection":[{"href":"https:\/\/northlandvelo.eu\/de\/wp-json\/wp\/v2\/product"}],"about":[{"href":"https:\/\/northlandvelo.eu\/de\/wp-json\/wp\/v2\/types\/product"}],"wp:featuredmedia":[{"embeddable":true,"href":"https:\/\/northlandvelo.eu\/de\/wp-json\/wp\/v2\/media\/9634"}],"wp:attachment":[{"href":"https:\/\/northlandvelo.eu\/de\/wp-json\/wp\/v2\/media?parent=11189"}],"wp:term":[{"taxonomy":"product_brand","embeddable":true,"href":"https:\/\/northlandvelo.eu\/de\/wp-json\/wp\/v2\/product_brand?post=11189"},{"taxonomy":"product_cat","embeddable":true,"href":"https:\/\/northlandvelo.eu\/de\/wp-json\/wp\/v2\/product_cat?post=11189"},{"taxonomy":"product_tag","embeddable":true,"href":"https:\/\/northlandvelo.eu\/de\/wp-json\/wp\/v2\/product_tag?post=11189"}],"curies":[{"name":"wp","href":"https:\/\/api.w.org\/{rel}","templated":true}]}}