{"id":11199,"date":"2026-02-04T18:27:56","date_gmt":"2026-02-04T18:27:56","guid":{"rendered":"https:\/\/northlandvelo.eu\/?post_type=product&#038;p=11199"},"modified":"2026-03-06T13:44:19","modified_gmt":"2026-03-06T13:44:19","slug":"alpha-series-gleitstangen","status":"publish","type":"product","link":"https:\/\/northlandvelo.eu\/de\/product\/alpha-series-gleitstangen\/","title":{"rendered":"Alpha Series and Buelk MK1 Tank Steering Gleitstangen"},"content":{"rendered":"<p>Diese Gleitstangen sind ein wichtiger Bestandteil der Federung. Die Originalversion aus der Fabrik besteht aus Aluminium, das zwar unglaublich leicht, aber nicht sehr haltbar ist. Daher sehen die Gleitstangen aus der Fabrik mit der Zeit so aus, als h\u00e4tte ein flei\u00dfiger Biber sie f\u00e4llen wollen. Das ist nicht das, was Sie mit Ihren wertvollen Gleitstangen wollen. Axel H von Velomobile SH hat diese verchromten Edelstahl-Gleitstangen entwickelt, die wahrscheinlich sogar die Apokalypse \u00fcberstehen w\u00fcrden. Ich k\u00f6nnte Ihnen zwar auch Aluminiumteile anbieten, um Stammkunden zu gewinnen, aber ich m\u00f6chte Ihnen lieber etwas anbieten, das niemals verschlei\u00dft. Diese Gleitstangen werden in unserem Haus nach strengsten Vorgaben gefertigt.<\/p>\n<p>Alpha-Serie Gleitstangenlager separat erh\u00e4ltlich (dies ist das schwarze Teil auf dem Foto)<\/p>\n<p><iframe loading=\"lazy\" title=\"The best Gleitstangen for Alpha Velomobiles?\" width=\"950\" height=\"534\" src=\"https:\/\/www.youtube.com\/embed\/9Kif7Gyl9qI?feature=oembed\" frameborder=\"0\" allow=\"accelerometer; autoplay; clipboard-write; encrypted-media; gyroscope; picture-in-picture; web-share\" referrerpolicy=\"strict-origin-when-cross-origin\" allowfullscreen><\/iframe><\/p>","protected":false},"excerpt":{"rendered":"<p>I&#8217;ll be honest; I have no idea what the word for these is in english. What I do know is that these are a critical suspension part. The original factory version is out of aluminum which, while incredibly light, is not very durable. As a result, the factory Gleitstangen will start to look over time &hellip; <\/p>\n<p class=\"link-more\"><a href=\"https:\/\/northlandvelo.eu\/de\/product\/alpha-series-gleitstangen\/\" class=\"more-link\">Mehr <span class=\"screen-reader-text\">\u00fcber &#8220;Alpha Series and Buelk MK1 Tank Steering Gleitstangen&#8221; <\/span>Lesen<\/a><\/p>","protected":false},"featured_media":11201,"template":"","meta":[],"product_brand":[],"product_cat":[112],"product_tag":[142,141],"class_list":{"0":"post-11199","1":"product","2":"type-product","3":"status-publish","4":"has-post-thumbnail","6":"product_cat-part","7":"product_tag-alpha","8":"product_tag-gleitstangen","9":"product_shipping_class-small","11":"first","12":"instock","13":"taxable","14":"shipping-taxable","15":"purchasable","16":"product-type-variable"},"_links":{"self":[{"href":"https:\/\/northlandvelo.eu\/de\/wp-json\/wp\/v2\/product\/11199","targetHints":{"allow":["GET"]}}],"collection":[{"href":"https:\/\/northlandvelo.eu\/de\/wp-json\/wp\/v2\/product"}],"about":[{"href":"https:\/\/northlandvelo.eu\/de\/wp-json\/wp\/v2\/types\/product"}],"wp:featuredmedia":[{"embeddable":true,"href":"https:\/\/northlandvelo.eu\/de\/wp-json\/wp\/v2\/media\/11201"}],"wp:attachment":[{"href":"https:\/\/northlandvelo.eu\/de\/wp-json\/wp\/v2\/media?parent=11199"}],"wp:term":[{"taxonomy":"product_brand","embeddable":true,"href":"https:\/\/northlandvelo.eu\/de\/wp-json\/wp\/v2\/product_brand?post=11199"},{"taxonomy":"product_cat","embeddable":true,"href":"https:\/\/northlandvelo.eu\/de\/wp-json\/wp\/v2\/product_cat?post=11199"},{"taxonomy":"product_tag","embeddable":true,"href":"https:\/\/northlandvelo.eu\/de\/wp-json\/wp\/v2\/product_tag?post=11199"}],"curies":[{"name":"wp","href":"https:\/\/api.w.org\/{rel}","templated":true}]}}