{"id":11207,"date":"2026-02-04T18:41:37","date_gmt":"2026-02-04T18:41:37","guid":{"rendered":"https:\/\/northlandvelo.eu\/?post_type=product&#038;p=11207"},"modified":"2026-02-22T15:23:51","modified_gmt":"2026-02-22T15:23:51","slug":"vemo-mini-bag","status":"publish","type":"product","link":"https:\/\/northlandvelo.eu\/de\/product\/vemo-mini-bag\/","title":{"rendered":"Vemo Mini Bag"},"content":{"rendered":"<p>Der perfekte Ersatz f\u00fcr ihren Geldbeutel. Haben Sie Ihren Geldbeutel vergessen? Mit der VeMo Mini-Tasche k\u00f6nnen Sie jederzeit Bargeld in Ihrem Velomobil aufbewahren. M\u00f6chten Sie Ihren Geldbeutel beim Fahren lieber nicht mitnehmen? Die VeMo Mini ist der ideale Ersatz. Sie eignet sich auch perfekt zum Verstauen Ihrer Schl\u00fcssel oder anderer kleiner Gegenst\u00e4nde, die Sie nicht in Ihrem Velomobil herumklappern lassen m\u00f6chten. L\u00e4sst sich mit Klettverschluss bequem an jeder beliebigen Stelle an der Wand befestigen. Die Kanten sind ausfransfest. Klettverschluss f\u00fcr die Befestigung im Lieferumfang enthalten. Gr\u00f6\u00dfe: 9,5 cm hoch, 11,5 cm breit und 0,5 cm dick.<\/p>","protected":false},"excerpt":{"rendered":"<p>The perfect replacement for carrying a wallet. Forgot to bring your wallet with? With the VeMo mini bag you can keep a stash of cash in your velomobile at all times. Prefer not to bring your wallet with when you ride? The VeMo mini is the ideal replacement. It&#8217;s also perfect for stashing your keys &hellip; <\/p>\n<p class=\"link-more\"><a href=\"https:\/\/northlandvelo.eu\/de\/product\/vemo-mini-bag\/\" class=\"more-link\">Mehr <span class=\"screen-reader-text\">\u00fcber &#8220;Vemo Mini Bag&#8221; <\/span>Lesen<\/a><\/p>","protected":false},"featured_media":9619,"template":"","meta":[],"product_brand":[143],"product_cat":[66,119],"product_tag":[144],"class_list":{"0":"post-11207","1":"product","2":"type-product","3":"status-publish","4":"has-post-thumbnail","6":"product_brand-vemo","7":"product_cat-accessories","8":"product_cat-comfort","9":"product_tag-vemo-bag","10":"product_shipping_class-envelope","12":"first","13":"instock","14":"taxable","15":"shipping-taxable","16":"purchasable","17":"product-type-simple"},"_links":{"self":[{"href":"https:\/\/northlandvelo.eu\/de\/wp-json\/wp\/v2\/product\/11207","targetHints":{"allow":["GET"]}}],"collection":[{"href":"https:\/\/northlandvelo.eu\/de\/wp-json\/wp\/v2\/product"}],"about":[{"href":"https:\/\/northlandvelo.eu\/de\/wp-json\/wp\/v2\/types\/product"}],"wp:featuredmedia":[{"embeddable":true,"href":"https:\/\/northlandvelo.eu\/de\/wp-json\/wp\/v2\/media\/9619"}],"wp:attachment":[{"href":"https:\/\/northlandvelo.eu\/de\/wp-json\/wp\/v2\/media?parent=11207"}],"wp:term":[{"taxonomy":"product_brand","embeddable":true,"href":"https:\/\/northlandvelo.eu\/de\/wp-json\/wp\/v2\/product_brand?post=11207"},{"taxonomy":"product_cat","embeddable":true,"href":"https:\/\/northlandvelo.eu\/de\/wp-json\/wp\/v2\/product_cat?post=11207"},{"taxonomy":"product_tag","embeddable":true,"href":"https:\/\/northlandvelo.eu\/de\/wp-json\/wp\/v2\/product_tag?post=11207"}],"curies":[{"name":"wp","href":"https:\/\/api.w.org\/{rel}","templated":true}]}}