{"id":11214,"date":"2026-02-04T18:53:34","date_gmt":"2026-02-04T18:53:34","guid":{"rendered":"https:\/\/northlandvelo.eu\/?post_type=product&#038;p=11214"},"modified":"2026-02-10T20:23:55","modified_gmt":"2026-02-10T20:23:55","slug":"idler-guard","status":"publish","type":"product","link":"https:\/\/northlandvelo.eu\/de\/product\/idler-guard\/","title":{"rendered":"Kettenleitrollen-Schutz"},"content":{"rendered":"<p>Einige moderne Velomobile haben das eher l\u00e4stige Problem, dass die Kette von den Kettenleitrollen springt. Diese einfache Schutzvorrichtung wird an der Achse der Rolle angebracht und verhindert dies. Diese Version passt f\u00fcr B\u00fclk, Milan und andere Velomobile mit Kettenleitrollen dieser Gr\u00f6\u00dfe.<\/p>\n<p>F\u00fcr die Installation muss die Kettenleitrolle entfernt werden. Die um die Kettenleitrolle herum angebrachten Distanzst\u00fccke m\u00fcssen wahrscheinlich verkleinert werden. Distanzst\u00fccke in Sondergr\u00f6\u00dfen k\u00f6nnen auf Anfrage und nach \u00dcbermittlung der Ma\u00dfe gedruckt werden.<\/p>","protected":false},"excerpt":{"rendered":"<p>Some modern velomobiles have a rather inconvenient problem of the chain coming off the idler. This simple guard mounts on the idler axle and prevents that from happening. This version will fit Buelks, Milans, and other velomobiles with this size of idler. Requires removal of the idler for installation. Spacers installed around idler likely will &hellip; <\/p>\n<p class=\"link-more\"><a href=\"https:\/\/northlandvelo.eu\/de\/product\/idler-guard\/\" class=\"more-link\">Mehr <span class=\"screen-reader-text\">\u00fcber &#8220;Idler Guard&#8221; <\/span>Lesen<\/a><\/p>","protected":false},"featured_media":9524,"template":"","meta":[],"product_brand":[],"product_cat":[66,120],"product_tag":[147],"class_list":{"0":"post-11214","1":"product","2":"type-product","3":"status-publish","4":"has-post-thumbnail","6":"product_cat-accessories","7":"product_cat-drivetrain","8":"product_tag-idler-guard","9":"product_shipping_class-letterbox","11":"first","12":"instock","13":"taxable","14":"shipping-taxable","15":"purchasable","16":"product-type-simple"},"_links":{"self":[{"href":"https:\/\/northlandvelo.eu\/de\/wp-json\/wp\/v2\/product\/11214","targetHints":{"allow":["GET"]}}],"collection":[{"href":"https:\/\/northlandvelo.eu\/de\/wp-json\/wp\/v2\/product"}],"about":[{"href":"https:\/\/northlandvelo.eu\/de\/wp-json\/wp\/v2\/types\/product"}],"wp:featuredmedia":[{"embeddable":true,"href":"https:\/\/northlandvelo.eu\/de\/wp-json\/wp\/v2\/media\/9524"}],"wp:attachment":[{"href":"https:\/\/northlandvelo.eu\/de\/wp-json\/wp\/v2\/media?parent=11214"}],"wp:term":[{"taxonomy":"product_brand","embeddable":true,"href":"https:\/\/northlandvelo.eu\/de\/wp-json\/wp\/v2\/product_brand?post=11214"},{"taxonomy":"product_cat","embeddable":true,"href":"https:\/\/northlandvelo.eu\/de\/wp-json\/wp\/v2\/product_cat?post=11214"},{"taxonomy":"product_tag","embeddable":true,"href":"https:\/\/northlandvelo.eu\/de\/wp-json\/wp\/v2\/product_tag?post=11214"}],"curies":[{"name":"wp","href":"https:\/\/api.w.org\/{rel}","templated":true}]}}