{"id":11216,"date":"2026-02-04T19:02:15","date_gmt":"2026-02-04T19:02:15","guid":{"rendered":"https:\/\/northlandvelo.eu\/?post_type=product&#038;p=11216"},"modified":"2026-02-22T14:09:54","modified_gmt":"2026-02-22T14:09:54","slug":"robuste-kopfstutze","status":"publish","type":"product","link":"https:\/\/northlandvelo.eu\/de\/product\/robuste-kopfstutze\/","title":{"rendered":"Langlebige Kopfst\u00fctze"},"content":{"rendered":"<p>Diese aus 83a TPE gedruckte Kopfst\u00fctze ist die ideale Langzeitl\u00f6sung f\u00fcr Komfort beim Fahren. Sie ist relativ weich und nutzt sich mit der Zeit nicht ab. Dank der Magie des 3D-Drucks kann die Kopfst\u00fctze neben den derzeit verf\u00fcgbaren Optionen auch ganz einfach in individuellen Gr\u00f6\u00dfen gedruckt werden. F\u00fcr individuelle Gr\u00f6\u00dfen kontaktieren Sie mich bitte privat. Jetzt in der \u00fcblichen mittleren Weichheit und einer neuen, weicheren Version erh\u00e4ltlich.<\/p>\n<p>Die Kopfst\u00fctze ist weich gestaltet, bietet aber auch ausreichend Sto\u00dfd\u00e4mpfung, um Ihren Kopf bei einem Unfall oder einem anderen harten Aufprall zu sch\u00fctzen. Sie passt sich zwar nicht vollst\u00e4ndig an die Form des Hutze an, kann aber mit Klettverschluss zuverl\u00e4ssig befestigt werden. Bei Velomobilen mit st\u00e4rker gekr\u00fcmmten Kopfst\u00fctzen kann die Kopfst\u00fctze etwas seltsam aussehen. Ich w\u00fcrde gerne einen Adapter entwickeln, wenn mir die Fahrer die Abmessungen der Kr\u00fcmmung des Kopfst\u00fctzenbereichs mitteilen.<\/p>\n<p><iframe loading=\"lazy\" title=\"A New Soft and Durable headrest option for your velomobile \" width=\"950\" height=\"534\" src=\"https:\/\/www.youtube.com\/embed\/qH1n_RgSjUU?feature=oembed\" frameborder=\"0\" allow=\"accelerometer; autoplay; clipboard-write; encrypted-media; gyroscope; picture-in-picture; web-share\" referrerpolicy=\"strict-origin-when-cross-origin\" allowfullscreen><\/iframe><\/p>","protected":false},"excerpt":{"rendered":"<p>Printed from 83a TPE, this headrest is the ideal long-term solution for comfort while riding. It is relatively soft and will not break down over time. Thanks to the magic of 3D printing, the headrest can easily be printed in custom sizes as well as the currently available options. For custom sizing contact me privately.\u00a0 &hellip; <\/p>\n<p class=\"link-more\"><a href=\"https:\/\/northlandvelo.eu\/de\/product\/robuste-kopfstutze\/\" class=\"more-link\">Mehr <span class=\"screen-reader-text\">\u00fcber &#8220;Durable Headrest&#8221; <\/span>Lesen<\/a><\/p>","protected":false},"featured_media":9574,"template":"","meta":[],"product_brand":[],"product_cat":[66,119],"product_tag":[148],"class_list":{"0":"post-11216","1":"product","2":"type-product","3":"status-publish","4":"has-post-thumbnail","6":"product_cat-accessories","7":"product_cat-comfort","8":"product_tag-headrest","9":"product_shipping_class-small","11":"first","12":"instock","13":"taxable","14":"shipping-taxable","15":"purchasable","16":"product-type-variable"},"_links":{"self":[{"href":"https:\/\/northlandvelo.eu\/de\/wp-json\/wp\/v2\/product\/11216","targetHints":{"allow":["GET"]}}],"collection":[{"href":"https:\/\/northlandvelo.eu\/de\/wp-json\/wp\/v2\/product"}],"about":[{"href":"https:\/\/northlandvelo.eu\/de\/wp-json\/wp\/v2\/types\/product"}],"wp:featuredmedia":[{"embeddable":true,"href":"https:\/\/northlandvelo.eu\/de\/wp-json\/wp\/v2\/media\/9574"}],"wp:attachment":[{"href":"https:\/\/northlandvelo.eu\/de\/wp-json\/wp\/v2\/media?parent=11216"}],"wp:term":[{"taxonomy":"product_brand","embeddable":true,"href":"https:\/\/northlandvelo.eu\/de\/wp-json\/wp\/v2\/product_brand?post=11216"},{"taxonomy":"product_cat","embeddable":true,"href":"https:\/\/northlandvelo.eu\/de\/wp-json\/wp\/v2\/product_cat?post=11216"},{"taxonomy":"product_tag","embeddable":true,"href":"https:\/\/northlandvelo.eu\/de\/wp-json\/wp\/v2\/product_tag?post=11216"}],"curies":[{"name":"wp","href":"https:\/\/api.w.org\/{rel}","templated":true}]}}