{"id":11222,"date":"2026-02-04T19:06:19","date_gmt":"2026-02-04T19:06:19","guid":{"rendered":"https:\/\/northlandvelo.eu\/?post_type=product&#038;p=11222"},"modified":"2026-02-10T20:22:48","modified_gmt":"2026-02-10T20:22:48","slug":"keeleazy-band","status":"publish","type":"product","link":"https:\/\/northlandvelo.eu\/de\/product\/keeleazy-band\/","title":{"rendered":"KeelEazy Tape"},"content":{"rendered":"<p>Keel Eazy Tape ist eine hervorragende M\u00f6glichkeit, die Fu\u00dfbeulen und andere empfindliche Stellen Ihres Velomobils zu sch\u00fctzen. Keel Eazy wird normalerweise an den Kielen von Kanus und Kajaks verwendet. Es ist \u00e4u\u00dferst strapazierf\u00e4hig und leicht anzubringen. Einfach auf die gew\u00fcnschte Gr\u00f6\u00dfe zuschneiden und mit einer Hei\u00dfluftpistole erw\u00e4rmen, um den Klebstoff zu aktivieren.<\/p>\n<p>Verkauft als 30 cm langer Streifen mit einer Breite von 3 cm. Wenn Sie 2 oder mehr Streifen kaufen, erhalten Sie einen l\u00e4ngeren Streifen, den Sie auf die gew\u00fcnschte Gr\u00f6\u00dfe zuschneiden k\u00f6nnen.<\/p>\n<p>Reinigen Sie die Oberfl\u00e4che vor der Anwendung gr\u00fcndlich mit Wasser und Seife und f\u00fchren Sie anschlie\u00dfend eine abschlie\u00dfende Reinigung mit Isopropylalkohol durch, um eine optimale Haftung zu gew\u00e4hrleisten. Dies gilt insbesondere f\u00fcr fabrikneue Velomobile, da hier m\u00f6glicherweise noch R\u00fcckst\u00e4nde von Schmierfetten vorhanden sind.<\/p>","protected":false},"excerpt":{"rendered":"<p>Keel Eazy tape is a great way to protect the heel bumps and other vulnerable areas of your velomobile. Keel Eazy is normally used on the keels of canoes and kayaks. It is highly durable and easy to apply. Just cut to size and heat with a heat gun to activate the adhesive. Sold in &hellip; <\/p>\n<p class=\"link-more\"><a href=\"https:\/\/northlandvelo.eu\/de\/product\/keeleazy-band\/\" class=\"more-link\">Mehr <span class=\"screen-reader-text\">\u00fcber &#8220;KeelEazy Tape&#8221; <\/span>Lesen<\/a><\/p>","protected":false},"featured_media":9599,"template":"","meta":[],"product_brand":[149],"product_cat":[66,118],"product_tag":[150],"class_list":{"0":"post-11222","1":"product","2":"type-product","3":"status-publish","4":"has-post-thumbnail","6":"product_brand-keeleazy","7":"product_cat-accessories","8":"product_cat-safety","9":"product_tag-keeleazy","10":"product_shipping_class-letterbox","12":"first","13":"instock","14":"taxable","15":"shipping-taxable","16":"purchasable","17":"product-type-simple"},"_links":{"self":[{"href":"https:\/\/northlandvelo.eu\/de\/wp-json\/wp\/v2\/product\/11222","targetHints":{"allow":["GET"]}}],"collection":[{"href":"https:\/\/northlandvelo.eu\/de\/wp-json\/wp\/v2\/product"}],"about":[{"href":"https:\/\/northlandvelo.eu\/de\/wp-json\/wp\/v2\/types\/product"}],"wp:featuredmedia":[{"embeddable":true,"href":"https:\/\/northlandvelo.eu\/de\/wp-json\/wp\/v2\/media\/9599"}],"wp:attachment":[{"href":"https:\/\/northlandvelo.eu\/de\/wp-json\/wp\/v2\/media?parent=11222"}],"wp:term":[{"taxonomy":"product_brand","embeddable":true,"href":"https:\/\/northlandvelo.eu\/de\/wp-json\/wp\/v2\/product_brand?post=11222"},{"taxonomy":"product_cat","embeddable":true,"href":"https:\/\/northlandvelo.eu\/de\/wp-json\/wp\/v2\/product_cat?post=11222"},{"taxonomy":"product_tag","embeddable":true,"href":"https:\/\/northlandvelo.eu\/de\/wp-json\/wp\/v2\/product_tag?post=11222"}],"curies":[{"name":"wp","href":"https:\/\/api.w.org\/{rel}","templated":true}]}}