{"id":11232,"date":"2026-02-04T19:23:24","date_gmt":"2026-02-04T19:23:24","guid":{"rendered":"https:\/\/northlandvelo.eu\/?post_type=product&#038;p=11232"},"modified":"2026-02-22T13:15:40","modified_gmt":"2026-02-22T13:15:40","slug":"snackpack-elbow-rests","status":"publish","type":"product","link":"https:\/\/northlandvelo.eu\/de\/product\/snackpack-elbow-rests\/","title":{"rendered":"SnackPack-Ellbogenst\u00fctzen"},"content":{"rendered":"<p>Diese Ellbogenst\u00fctzen aus weichem 83a TPE bieten h\u00f6chsten Komfort und Langlebigkeit. Neben der weichen, st\u00fctzenden Oberfl\u00e4che verf\u00fcgen sie \u00fcber ein Fach f\u00fcr Snacks oder kleine Gegenst\u00e4nde. Sie k\u00f6nnen mit Klettverschluss an den W\u00e4nden Ihres Velomobils befestigt werden. Bitte beachten Sie, dass die Ellbogenst\u00fctzen aufgrund der Beschaffenheit des Kunststoffs bei kaltem Wetter etwas fester sind. Ich habe festgestellt, dass sie auch bei extremer K\u00e4lte weiterhin st\u00fctzend und bequem sind.<\/p>\n<p>Bitte beachten Sie, dass 3D-gedruckte Artikel manchmal kleine kosmetische M\u00e4ngel aufweisen k\u00f6nnen. Diese M\u00e4ngel haben keinen Einfluss auf die Funktion des Designs und sind rein kosmetischer Natur. Beachten Sie auch, dass 3D-gedruckte Materialien aus Kunststoff bestehen und anf\u00e4llig f\u00fcr Kratzer sind.<\/p>\n<p><iframe loading=\"lazy\" title=\"Pimp Your Ride Ep. 1: 3D Printing Meets the Velomobile\" width=\"950\" height=\"534\" src=\"https:\/\/www.youtube.com\/embed\/tRf2uGU-o7Q?feature=oembed\" frameborder=\"0\" allow=\"accelerometer; autoplay; clipboard-write; encrypted-media; gyroscope; picture-in-picture; web-share\" referrerpolicy=\"strict-origin-when-cross-origin\" allowfullscreen><\/iframe><\/p>","protected":false},"excerpt":{"rendered":"<p>Made of snice soft 83a TPE, these elbow rests are the ultimate in comfort and durability. In addition to the soft supportive surface, they also offer a compartment to hold snacks or small items. They can be attached to the walls of your velomobile using velcro. Please note that the elbow rests will be somewhat &hellip; <\/p>\n<p class=\"link-more\"><a href=\"https:\/\/northlandvelo.eu\/de\/product\/snackpack-elbow-rests\/\" class=\"more-link\">Mehr <span class=\"screen-reader-text\">\u00fcber &#8220;SnackPack Elbow Rests&#8221; <\/span>Lesen<\/a><\/p>","protected":false},"featured_media":9688,"template":"","meta":[],"product_brand":[],"product_cat":[66,119,111],"product_tag":[],"class_list":{"0":"post-11232","1":"product","2":"type-product","3":"status-publish","4":"has-post-thumbnail","6":"product_cat-accessories","7":"product_cat-comfort","8":"product_cat-new","9":"product_shipping_class-small","11":"first","12":"instock","13":"taxable","14":"shipping-taxable","15":"purchasable","16":"product-type-simple"},"_links":{"self":[{"href":"https:\/\/northlandvelo.eu\/de\/wp-json\/wp\/v2\/product\/11232","targetHints":{"allow":["GET"]}}],"collection":[{"href":"https:\/\/northlandvelo.eu\/de\/wp-json\/wp\/v2\/product"}],"about":[{"href":"https:\/\/northlandvelo.eu\/de\/wp-json\/wp\/v2\/types\/product"}],"wp:featuredmedia":[{"embeddable":true,"href":"https:\/\/northlandvelo.eu\/de\/wp-json\/wp\/v2\/media\/9688"}],"wp:attachment":[{"href":"https:\/\/northlandvelo.eu\/de\/wp-json\/wp\/v2\/media?parent=11232"}],"wp:term":[{"taxonomy":"product_brand","embeddable":true,"href":"https:\/\/northlandvelo.eu\/de\/wp-json\/wp\/v2\/product_brand?post=11232"},{"taxonomy":"product_cat","embeddable":true,"href":"https:\/\/northlandvelo.eu\/de\/wp-json\/wp\/v2\/product_cat?post=11232"},{"taxonomy":"product_tag","embeddable":true,"href":"https:\/\/northlandvelo.eu\/de\/wp-json\/wp\/v2\/product_tag?post=11232"}],"curies":[{"name":"wp","href":"https:\/\/api.w.org\/{rel}","templated":true}]}}