{"id":11240,"date":"2026-02-04T19:44:09","date_gmt":"2026-02-04T19:44:09","guid":{"rendered":"https:\/\/northlandvelo.eu\/?post_type=product&#038;p=11240"},"modified":"2026-02-22T12:59:14","modified_gmt":"2026-02-22T12:59:14","slug":"iq-xl-hotspot-for-velomobiles","status":"publish","type":"product","link":"https:\/\/northlandvelo.eu\/de\/product\/iq-xl-hotspot-for-velomobiles\/","title":{"rendered":"IQ-XL Hotspot f\u00fcr Velomobile"},"content":{"rendered":"<p>Der ultimative Hotspot, um Ihre Beleuchtung hoch und hell zu positionieren. Diese Version bietet eine Halterung vorne f\u00fcr den B&amp;M IQ-XL-Scheinwerfer. Es wird zwei Versionen geben, eine mit einer Halterung hinten f\u00fcr das Garmin Varia und eine weitere aerodynamischere Heckversion, an der Sie Ihre eigenen Leuchten befestigen k\u00f6nnen. Obwohl dieses Produkt f\u00fcr die Velomobile von Buelk entwickelt wurde, kann es auch f\u00fcr andere Modelle angepasst werden, darunter DF\/DFXL, Quest, QV, Mango, Strada, Milan und wahrscheinlich einige andere. F\u00fcr Informationen zur Anpassung an andere Scheinwerferhalterungen senden Sie mir bitte eine private Nachricht. Gedruckt aus ASA f\u00fcr Langlebigkeit.<\/p>\n<p>Bitte beachten Sie, dass 3D-gedruckte Artikel manchmal kleine kosmetische M\u00e4ngel aufweisen k\u00f6nnen. Diese M\u00e4ngel haben keinen Einfluss auf die Funktion des Designs und sind rein kosmetischer Natur. Beachten Sie auch, dass 3D-gedruckte Materialien aus Kunststoff bestehen und anf\u00e4llig f\u00fcr Kratzer sind.<\/p>\n<p><iframe loading=\"lazy\" title=\"Safety Solutions for Your Velomobile: Lights, Lights, and More Lights!\" width=\"950\" height=\"534\" src=\"https:\/\/www.youtube.com\/embed\/mNLXYRkUN44?feature=oembed\" frameborder=\"0\" allow=\"accelerometer; autoplay; clipboard-write; encrypted-media; gyroscope; picture-in-picture; web-share\" referrerpolicy=\"strict-origin-when-cross-origin\" allowfullscreen><\/iframe><\/p>","protected":false},"excerpt":{"rendered":"<p>The ultimate hotspot to get your lights up high and bright. This version offers a mount in front for the B&amp;M IQ-XL headlight. There will be two versions, one with a mount in the rear for the Garmin Varia, and another more aero tail where you can mount your own lights. While this is designed &hellip; <\/p>\n<p class=\"link-more\"><a href=\"https:\/\/northlandvelo.eu\/de\/product\/iq-xl-hotspot-for-velomobiles\/\" class=\"more-link\">Mehr <span class=\"screen-reader-text\">\u00fcber &#8220;IQ-XL Hotspot for Velomobiles&#8221; <\/span>Lesen<\/a><\/p>","protected":false},"featured_media":11248,"template":"","meta":[],"product_brand":[],"product_cat":[66,118],"product_tag":[154],"class_list":{"0":"post-11240","1":"product","2":"type-product","3":"status-publish","4":"has-post-thumbnail","6":"product_cat-accessories","7":"product_cat-safety","8":"product_tag-hotspot-lighting","9":"product_shipping_class-small","11":"first","12":"instock","13":"taxable","14":"shipping-taxable","15":"purchasable","16":"product-type-variable"},"_links":{"self":[{"href":"https:\/\/northlandvelo.eu\/de\/wp-json\/wp\/v2\/product\/11240","targetHints":{"allow":["GET"]}}],"collection":[{"href":"https:\/\/northlandvelo.eu\/de\/wp-json\/wp\/v2\/product"}],"about":[{"href":"https:\/\/northlandvelo.eu\/de\/wp-json\/wp\/v2\/types\/product"}],"wp:featuredmedia":[{"embeddable":true,"href":"https:\/\/northlandvelo.eu\/de\/wp-json\/wp\/v2\/media\/11248"}],"wp:attachment":[{"href":"https:\/\/northlandvelo.eu\/de\/wp-json\/wp\/v2\/media?parent=11240"}],"wp:term":[{"taxonomy":"product_brand","embeddable":true,"href":"https:\/\/northlandvelo.eu\/de\/wp-json\/wp\/v2\/product_brand?post=11240"},{"taxonomy":"product_cat","embeddable":true,"href":"https:\/\/northlandvelo.eu\/de\/wp-json\/wp\/v2\/product_cat?post=11240"},{"taxonomy":"product_tag","embeddable":true,"href":"https:\/\/northlandvelo.eu\/de\/wp-json\/wp\/v2\/product_tag?post=11240"}],"curies":[{"name":"wp","href":"https:\/\/api.w.org\/{rel}","templated":true}]}}