{"id":11255,"date":"2026-02-04T20:00:27","date_gmt":"2026-02-04T20:00:27","guid":{"rendered":"https:\/\/northlandvelo.eu\/?post_type=product&#038;p=11255"},"modified":"2026-02-22T12:54:56","modified_gmt":"2026-02-22T12:54:56","slug":"nubbsi-visor-grip","status":"publish","type":"product","link":"https:\/\/northlandvelo.eu\/de\/product\/nubbsi-visor-grip\/","title":{"rendered":"Nupsi Visiergriff"},"content":{"rendered":"<p>Der Visiergriff (Nupsi) ist ein unauff\u00e4lliges, aber unverzichtbares Zubeh\u00f6rteil, um das Visier der Motorhaube von innen zu schlie\u00dfen, wenn kein Scheibenwischerblatt installiert ist. Dieser Griff besteht aus strapazierf\u00e4higem Material und ist mit einer 5-mm-Gewindeh\u00fclse ausgestattet, sodass Sie die bereits vorhandenen L\u00f6cher in Ihrem Visier verwenden k\u00f6nnen.<\/p>\n<p><iframe loading=\"lazy\" title=\"Nubbsi: the Velomobile Visor Handle\" width=\"950\" height=\"534\" src=\"https:\/\/www.youtube.com\/embed\/DYg8yBr94AU?feature=oembed\" frameborder=\"0\" allow=\"accelerometer; autoplay; clipboard-write; encrypted-media; gyroscope; picture-in-picture; web-share\" referrerpolicy=\"strict-origin-when-cross-origin\" allowfullscreen><\/iframe><\/p>","protected":false},"excerpt":{"rendered":"<p>Der Visiergriff (Nupsi) ist ein unauff\u00e4lliges, aber unverzichtbares Zubeh\u00f6rteil, um das Visier der Motorhaube von innen zu schlie\u00dfen, wenn kein Scheibenwischerblatt installiert ist. Dieser Griff besteht aus strapazierf\u00e4higem Material und ist mit einer 5-mm-Gewindeh\u00fclse ausgestattet, sodass Sie die bereits vorhandenen L\u00f6cher in Ihrem Visier verwenden k\u00f6nnen.<\/p>","protected":false},"featured_media":11259,"template":"","meta":[],"product_brand":[],"product_cat":[66,119,118],"product_tag":[155],"class_list":{"0":"post-11255","1":"product","2":"type-product","3":"status-publish","4":"has-post-thumbnail","6":"product_cat-accessories","7":"product_cat-comfort","8":"product_cat-safety","9":"product_tag-nubbsi-visor-grip","10":"product_shipping_class-envelope","12":"first","13":"instock","14":"taxable","15":"shipping-taxable","16":"purchasable","17":"product-type-simple"},"_links":{"self":[{"href":"https:\/\/northlandvelo.eu\/de\/wp-json\/wp\/v2\/product\/11255","targetHints":{"allow":["GET"]}}],"collection":[{"href":"https:\/\/northlandvelo.eu\/de\/wp-json\/wp\/v2\/product"}],"about":[{"href":"https:\/\/northlandvelo.eu\/de\/wp-json\/wp\/v2\/types\/product"}],"wp:featuredmedia":[{"embeddable":true,"href":"https:\/\/northlandvelo.eu\/de\/wp-json\/wp\/v2\/media\/11259"}],"wp:attachment":[{"href":"https:\/\/northlandvelo.eu\/de\/wp-json\/wp\/v2\/media?parent=11255"}],"wp:term":[{"taxonomy":"product_brand","embeddable":true,"href":"https:\/\/northlandvelo.eu\/de\/wp-json\/wp\/v2\/product_brand?post=11255"},{"taxonomy":"product_cat","embeddable":true,"href":"https:\/\/northlandvelo.eu\/de\/wp-json\/wp\/v2\/product_cat?post=11255"},{"taxonomy":"product_tag","embeddable":true,"href":"https:\/\/northlandvelo.eu\/de\/wp-json\/wp\/v2\/product_tag?post=11255"}],"curies":[{"name":"wp","href":"https:\/\/api.w.org\/{rel}","templated":true}]}}