{"id":11277,"date":"2026-02-04T20:31:08","date_gmt":"2026-02-04T20:31:08","guid":{"rendered":"https:\/\/northlandvelo.eu\/?post_type=product&#038;p=11277"},"modified":"2026-02-22T12:30:37","modified_gmt":"2026-02-22T12:30:37","slug":"water-bottle-holder-elbow-rests","status":"publish","type":"product","link":"https:\/\/northlandvelo.eu\/de\/product\/water-bottle-holder-elbow-rests\/","title":{"rendered":"Wasserflaschenhalter-Ellenbogenst\u00fctzen"},"content":{"rendered":"<p>Diese Armauflagen passen sowohl f\u00fcr Panzer- als auch f\u00fcr Tiller-Steuerung. Sie verf\u00fcgen \u00fcber eine Ablage f\u00fcr handels\u00fcbliche Wasserflaschen. Mit Klettverschluss zur Befestigung an der Wand. Erh\u00e4ltlich sowohl in UV-best\u00e4ndigem PETG als auch in weichem und st\u00fctzendem 83a TPE.<\/p>\n<p>Bei Velomobilen mit Panzerlenkung m\u00fcssen diese Armlehnen recht tief angebracht werden, insbesondere beim W9. Aus diesem Grund gibt es eine spezielle Version f\u00fcr das W9. Bitte beachten Sie, dass diese Version NICHT gen\u00fcgend Platz f\u00fcr eine Wasserflasche bietet, aber der kleinere Stauraum kann dennoch f\u00fcr kleines Werkzeug und einen Ersatzschlauch genutzt werden.<\/p>\n<p>Bitte beachten Sie, dass 3D-gedruckte Artikel manchmal kleine kosmetische M\u00e4ngel aufweisen k\u00f6nnen. Diese M\u00e4ngel haben keinen Einfluss auf die Funktion des Designs und sind rein kosmetischer Natur. Beachten Sie auch, dass 3D-gedruckte Materialien aus Kunststoff bestehen und anf\u00e4llig f\u00fcr Kratzer sind.<\/p>\n<p><iframe loading=\"lazy\" title=\"Water Bottle Holder Elbow Rests for Velomobiles\" width=\"950\" height=\"534\" src=\"https:\/\/www.youtube.com\/embed\/7okaXW9a8Tw?feature=oembed\" frameborder=\"0\" allow=\"accelerometer; autoplay; clipboard-write; encrypted-media; gyroscope; picture-in-picture; web-share\" referrerpolicy=\"strict-origin-when-cross-origin\" allowfullscreen><\/iframe><\/p>","protected":false},"excerpt":{"rendered":"<p>These arm rests fit comfortably under the arms for both tank and tiller steering. They include a storage spot for standard water bottles. Velcro included for mounting on the wall. Available both in UV-resistant PETG and soft and supportive 83a TPE. For velomobiles with tank steering, these arm rests need to be mounted quite low, &hellip; <\/p>\n<p class=\"link-more\"><a href=\"https:\/\/northlandvelo.eu\/de\/product\/water-bottle-holder-elbow-rests\/\" class=\"more-link\">Mehr <span class=\"screen-reader-text\">\u00fcber &#8220;Water Bottle Holder Elbow Rests&#8221; <\/span>Lesen<\/a><\/p>","protected":false},"featured_media":9689,"template":"","meta":[],"product_brand":[],"product_cat":[66,119],"product_tag":[160],"class_list":{"0":"post-11277","1":"product","2":"type-product","3":"status-publish","4":"has-post-thumbnail","6":"product_cat-accessories","7":"product_cat-comfort","8":"product_tag-elbow-rests","9":"product_shipping_class-small","11":"first","12":"instock","13":"taxable","14":"shipping-taxable","15":"purchasable","16":"product-type-variable"},"_links":{"self":[{"href":"https:\/\/northlandvelo.eu\/de\/wp-json\/wp\/v2\/product\/11277","targetHints":{"allow":["GET"]}}],"collection":[{"href":"https:\/\/northlandvelo.eu\/de\/wp-json\/wp\/v2\/product"}],"about":[{"href":"https:\/\/northlandvelo.eu\/de\/wp-json\/wp\/v2\/types\/product"}],"wp:featuredmedia":[{"embeddable":true,"href":"https:\/\/northlandvelo.eu\/de\/wp-json\/wp\/v2\/media\/9689"}],"wp:attachment":[{"href":"https:\/\/northlandvelo.eu\/de\/wp-json\/wp\/v2\/media?parent=11277"}],"wp:term":[{"taxonomy":"product_brand","embeddable":true,"href":"https:\/\/northlandvelo.eu\/de\/wp-json\/wp\/v2\/product_brand?post=11277"},{"taxonomy":"product_cat","embeddable":true,"href":"https:\/\/northlandvelo.eu\/de\/wp-json\/wp\/v2\/product_cat?post=11277"},{"taxonomy":"product_tag","embeddable":true,"href":"https:\/\/northlandvelo.eu\/de\/wp-json\/wp\/v2\/product_tag?post=11277"}],"curies":[{"name":"wp","href":"https:\/\/api.w.org\/{rel}","templated":true}]}}