{"id":11311,"date":"2026-02-05T11:00:19","date_gmt":"2026-02-05T11:00:19","guid":{"rendered":"https:\/\/northlandvelo.eu\/?post_type=product&#038;p=11311"},"modified":"2026-02-10T20:11:59","modified_gmt":"2026-02-10T20:11:59","slug":"retractable-drinking-hose-holder","status":"publish","type":"product","link":"https:\/\/northlandvelo.eu\/de\/product\/retractable-drinking-hose-holder\/","title":{"rendered":"Einziehbarer Trinkschlauchhalter"},"content":{"rendered":"<p>Sie m\u00fcssen nicht mehr nach Ihrem Trinkschlauch oder dem St\u00fcck Klettband suchen, das Sie irgendwo angebracht haben, um ihn vom schmutzigen Boden Ihres Velomobils fernzuhalten. Mit diesem einziehbaren Halter kehrt Ihr Trinkschlauch immer wieder in die gleiche Position zur\u00fcck.<\/p>\n<p>Das Set enth\u00e4lt eine Basisstation mit Klettverschluss, ein Geh\u00e4use mit R\u00fccklaufkabel und eine Klammer zur Befestigung des Trinkschlauchs.<\/p>\n<p>This item will not be restocked.<\/p>\n<p>Bitte beachten Sie, dass 3D-gedruckte Artikel manchmal kleine kosmetische M\u00e4ngel aufweisen k\u00f6nnen. Diese M\u00e4ngel haben keinen Einfluss auf die Funktion des Designs und sind rein kosmetischer Natur. Beachten Sie auch, dass 3D-gedruckte Materialien aus Kunststoff bestehen und anf\u00e4llig f\u00fcr Kratzer sind.<\/p>\n<p><iframe loading=\"lazy\" title=\"Retractable Drinking Tube Holder for Velomobiles\" width=\"950\" height=\"534\" src=\"https:\/\/www.youtube.com\/embed\/qRjMXREEHJY?feature=oembed\" frameborder=\"0\" allow=\"accelerometer; autoplay; clipboard-write; encrypted-media; gyroscope; picture-in-picture; web-share\" referrerpolicy=\"strict-origin-when-cross-origin\" allowfullscreen><\/iframe><\/p>","protected":false},"excerpt":{"rendered":"<p>No more searching for your drinking hose or for that piece of velcro you put somewhere to hold it in place off the filthy floor of your velomobile. Your drinking hose will always return to the same position with this retractable holder. Kit includes base station with velcro, housing with return cable, and the clip &hellip; <\/p>\n<p class=\"link-more\"><a href=\"https:\/\/northlandvelo.eu\/de\/product\/retractable-drinking-hose-holder\/\" class=\"more-link\">Mehr <span class=\"screen-reader-text\">\u00fcber &#8220;Retractable Drinking Hose Holder&#8221; <\/span>Lesen<\/a><\/p>","protected":false},"featured_media":11314,"template":"","meta":[],"product_brand":[],"product_cat":[66,119],"product_tag":[165],"class_list":{"0":"post-11311","1":"product","2":"type-product","3":"status-publish","4":"has-post-thumbnail","6":"product_cat-accessories","7":"product_cat-comfort","8":"product_tag-hydration","9":"product_shipping_class-letterbox","11":"first","12":"instock","13":"taxable","14":"shipping-taxable","15":"purchasable","16":"product-type-simple"},"_links":{"self":[{"href":"https:\/\/northlandvelo.eu\/de\/wp-json\/wp\/v2\/product\/11311","targetHints":{"allow":["GET"]}}],"collection":[{"href":"https:\/\/northlandvelo.eu\/de\/wp-json\/wp\/v2\/product"}],"about":[{"href":"https:\/\/northlandvelo.eu\/de\/wp-json\/wp\/v2\/types\/product"}],"wp:featuredmedia":[{"embeddable":true,"href":"https:\/\/northlandvelo.eu\/de\/wp-json\/wp\/v2\/media\/11314"}],"wp:attachment":[{"href":"https:\/\/northlandvelo.eu\/de\/wp-json\/wp\/v2\/media?parent=11311"}],"wp:term":[{"taxonomy":"product_brand","embeddable":true,"href":"https:\/\/northlandvelo.eu\/de\/wp-json\/wp\/v2\/product_brand?post=11311"},{"taxonomy":"product_cat","embeddable":true,"href":"https:\/\/northlandvelo.eu\/de\/wp-json\/wp\/v2\/product_cat?post=11311"},{"taxonomy":"product_tag","embeddable":true,"href":"https:\/\/northlandvelo.eu\/de\/wp-json\/wp\/v2\/product_tag?post=11311"}],"curies":[{"name":"wp","href":"https:\/\/api.w.org\/{rel}","templated":true}]}}