{"id":11316,"date":"2026-02-05T11:16:31","date_gmt":"2026-02-05T11:16:31","guid":{"rendered":"https:\/\/northlandvelo.eu\/?post_type=product&#038;p=11316"},"modified":"2026-02-22T12:09:04","modified_gmt":"2026-02-22T12:09:04","slug":"elastomer-and-spacer-conversion-kit","status":"publish","type":"product","link":"https:\/\/northlandvelo.eu\/de\/product\/elastomer-and-spacer-conversion-kit\/","title":{"rendered":"Elastomer- und Abstandshalter-Umr\u00fcstsatz"},"content":{"rendered":"<p>Sind Sie mit der D\u00e4mpfung Ihrer Vorderradaufh\u00e4ngung in Velomobilen wie Quest, Milan, B\u00fclk, WAW und DF unzufrieden? Dieses hochgradig konfigurierbare System mit Federn, Elastomeren und Distanzst\u00fccken k\u00f6nnte die L\u00f6sung sein.<\/p>\n<p>Dieses Hybridsystem erm\u00f6glicht eine nahezu unbegrenzte Einstellung des Federwegs und vereint die besten Eigenschaften von Federn und Elastomeren f\u00fcr ein optimales Fahrerlebnis.<\/p>\n<p>Es wird empfohlen, drei Paar Elastomere zu bestellen.<\/p>\n<p>Bitte beachten Sie, dass der Durchmesser der Distanzst\u00fccke 19 mm betr\u00e4gt, damit etwas Luft um die Distanzst\u00fccke herum bleibt.<\/p>\n<p>Das Distanzst\u00fcck-Set enth\u00e4lt 2x 20 mm, 2x 10 mm und 4x 5 mm. Auf Wunsch k\u00f6nnen sie auch in unterschiedlichen H\u00f6hen gedruckt werden.<\/p>","protected":false},"excerpt":{"rendered":"<p>Not happy with the damping of your front suspension in velomobiles such as the Quest, Milan, Buelk, WAW, and DF? This highly adjustable system using springs, elastomers, and spacers may be the solution. This hybrid system allows a nearly infinite level of adjustment of suspension travel and brings the best of both springs and elastomers &hellip; <\/p>\n<p class=\"link-more\"><a href=\"https:\/\/northlandvelo.eu\/de\/product\/elastomer-and-spacer-conversion-kit\/\" class=\"more-link\">Mehr <span class=\"screen-reader-text\">\u00fcber &#8220;Elastomer and Spacer Conversion Kit&#8221; <\/span>Lesen<\/a><\/p>","protected":false},"featured_media":11318,"template":"","meta":[],"product_brand":[],"product_cat":[112],"product_tag":[166,167],"class_list":{"0":"post-11316","1":"product","2":"type-product","3":"status-publish","4":"has-post-thumbnail","6":"product_cat-part","7":"product_tag-elastomers","8":"product_tag-spacers","9":"product_shipping_class-letterbox","11":"first","12":"instock","13":"taxable","14":"shipping-taxable","15":"purchasable","16":"product-type-variable"},"_links":{"self":[{"href":"https:\/\/northlandvelo.eu\/de\/wp-json\/wp\/v2\/product\/11316","targetHints":{"allow":["GET"]}}],"collection":[{"href":"https:\/\/northlandvelo.eu\/de\/wp-json\/wp\/v2\/product"}],"about":[{"href":"https:\/\/northlandvelo.eu\/de\/wp-json\/wp\/v2\/types\/product"}],"wp:featuredmedia":[{"embeddable":true,"href":"https:\/\/northlandvelo.eu\/de\/wp-json\/wp\/v2\/media\/11318"}],"wp:attachment":[{"href":"https:\/\/northlandvelo.eu\/de\/wp-json\/wp\/v2\/media?parent=11316"}],"wp:term":[{"taxonomy":"product_brand","embeddable":true,"href":"https:\/\/northlandvelo.eu\/de\/wp-json\/wp\/v2\/product_brand?post=11316"},{"taxonomy":"product_cat","embeddable":true,"href":"https:\/\/northlandvelo.eu\/de\/wp-json\/wp\/v2\/product_cat?post=11316"},{"taxonomy":"product_tag","embeddable":true,"href":"https:\/\/northlandvelo.eu\/de\/wp-json\/wp\/v2\/product_tag?post=11316"}],"curies":[{"name":"wp","href":"https:\/\/api.w.org\/{rel}","templated":true}]}}