{"id":11340,"date":"2026-02-05T12:03:02","date_gmt":"2026-02-05T12:03:02","guid":{"rendered":"https:\/\/northlandvelo.eu\/?post_type=product&#038;p=11340"},"modified":"2026-02-10T20:10:12","modified_gmt":"2026-02-10T20:10:12","slug":"velomobile-boom-vent","status":"publish","type":"product","link":"https:\/\/northlandvelo.eu\/de\/product\/velomobile-boom-vent\/","title":{"rendered":"Velomobil Tretlagermast-L\u00fcftung"},"content":{"rendered":"<p>Dieses ausgekl\u00fcgelte Design passt an das Ende des Tretlagermasts von Velomobilen mit Luftstrom durch den Mast. Die Klappe kann bei kaltem Wetter in die geschlossene Position gebracht oder im optimalen Winkel eingestellt werden, um die einstr\u00f6mende Luft dorthin zu leiten, wo Sie sie am meisten ben\u00f6tigen.<\/p>\n<p>Bitte w\u00e4hlen Sie unbedingt Ihr Velomobil-Modell aus, um die richtige Passform zu gew\u00e4hrleisten.<\/p>\n<p>Bitte beachten Sie, dass 3D-gedruckte Artikel manchmal kleine kosmetische M\u00e4ngel aufweisen k\u00f6nnen. Diese M\u00e4ngel haben keinen Einfluss auf die Funktion des Designs und sind rein kosmetischer Natur. Beachten Sie auch, dass 3D-gedruckte Materialien aus Kunststoff bestehen und anf\u00e4llig f\u00fcr Kratzer sind.<\/p>\n<p><iframe loading=\"lazy\" title=\"Velomobil Tretlagermast-L\u00fcftung\" width=\"950\" height=\"534\" src=\"https:\/\/www.youtube.com\/embed\/7UGrZW_4HvM?feature=oembed\" frameborder=\"0\" allow=\"accelerometer; autoplay; clipboard-write; encrypted-media; gyroscope; picture-in-picture; web-share\" referrerpolicy=\"strict-origin-when-cross-origin\" allowfullscreen><\/iframe><\/p>","protected":false},"excerpt":{"rendered":"<p>This ingenious design fits in the end of the boom on velomobiles with airflow through the boom. The flap can be adjusted to the closed position during cold weather, or set at the optimal angle to direct the incoming air where you need it most. Please be sure to select your model of velomobile for &hellip; <\/p>\n<p class=\"link-more\"><a href=\"https:\/\/northlandvelo.eu\/de\/product\/velomobile-boom-vent\/\" class=\"more-link\">Mehr <span class=\"screen-reader-text\">\u00fcber &#8220;Velomobile Boom Vent&#8221; <\/span>Lesen<\/a><\/p>","protected":false},"featured_media":11343,"template":"","meta":[],"product_brand":[],"product_cat":[66,116],"product_tag":[169],"class_list":{"0":"post-11340","1":"product","2":"type-product","3":"status-publish","4":"has-post-thumbnail","6":"product_cat-accessories","7":"product_cat-ventilaiton","8":"product_tag-vent","10":"first","11":"instock","12":"taxable","13":"shipping-taxable","14":"purchasable","15":"product-type-variable"},"_links":{"self":[{"href":"https:\/\/northlandvelo.eu\/de\/wp-json\/wp\/v2\/product\/11340","targetHints":{"allow":["GET"]}}],"collection":[{"href":"https:\/\/northlandvelo.eu\/de\/wp-json\/wp\/v2\/product"}],"about":[{"href":"https:\/\/northlandvelo.eu\/de\/wp-json\/wp\/v2\/types\/product"}],"wp:featuredmedia":[{"embeddable":true,"href":"https:\/\/northlandvelo.eu\/de\/wp-json\/wp\/v2\/media\/11343"}],"wp:attachment":[{"href":"https:\/\/northlandvelo.eu\/de\/wp-json\/wp\/v2\/media?parent=11340"}],"wp:term":[{"taxonomy":"product_brand","embeddable":true,"href":"https:\/\/northlandvelo.eu\/de\/wp-json\/wp\/v2\/product_brand?post=11340"},{"taxonomy":"product_cat","embeddable":true,"href":"https:\/\/northlandvelo.eu\/de\/wp-json\/wp\/v2\/product_cat?post=11340"},{"taxonomy":"product_tag","embeddable":true,"href":"https:\/\/northlandvelo.eu\/de\/wp-json\/wp\/v2\/product_tag?post=11340"}],"curies":[{"name":"wp","href":"https:\/\/api.w.org\/{rel}","templated":true}]}}