{"id":11351,"date":"2026-02-05T12:47:51","date_gmt":"2026-02-05T12:47:51","guid":{"rendered":"https:\/\/northlandvelo.eu\/?post_type=product&#038;p=11351"},"modified":"2026-02-20T12:47:02","modified_gmt":"2026-02-20T12:47:02","slug":"naca-duct-flyscreen","status":"publish","type":"product","link":"https:\/\/northlandvelo.eu\/de\/product\/naca-duct-flyscreen\/","title":{"rendered":"NACA-Duct-Fliegengitter"},"content":{"rendered":"<p>Unerw\u00fcnschte Insekten haben die Angewohnheit, sich in Ihrem Velomobil eine kostenlose Mitfahrgelegenheit zu suchen. Mit diesem NACA-Luftschlitz-Fliegengitter m\u00fcssen sie sich eine andere Mitfahrgelegenheit suchen. In Kombination mit dem Fliegengitter f\u00fcr den Lufteinlass k\u00f6nnen Sie sich auf eine ruhige Zeit im gem\u00fctlichen Innenraum Ihres Velomobils freuen. Aufgrund von Unregelm\u00e4\u00dfigkeiten in der Position der gebohrten L\u00fcftungsl\u00f6cher wird das Fliegengitter aus einem flexiblen Material gedruckt und geklebt oder verschraubt. Kompatibel mit B\u00fclk- oder Milan-Rennhauben.<\/p>","protected":false},"excerpt":{"rendered":"<p>Unwanted bug guests can have a habit of finding ways to get a free ride in your velomobile. This NACA duct flyscreen ensures they&#8217;ll have to look somewhere else for that free ride. When combined with the air intake flyscreen you can be assured of a peaceful time inside the cozy confines of your velomobile.\u00a0 &hellip; <\/p>\n<p class=\"link-more\"><a href=\"https:\/\/northlandvelo.eu\/de\/product\/naca-duct-flyscreen\/\" class=\"more-link\">Mehr <span class=\"screen-reader-text\">\u00fcber &#8220;NACA Duct Flyscreen&#8221; <\/span>Lesen<\/a><\/p>","protected":false},"featured_media":11330,"template":"","meta":[],"product_brand":[],"product_cat":[66,119,116],"product_tag":[168],"class_list":{"0":"post-11351","1":"product","2":"type-product","3":"status-publish","4":"has-post-thumbnail","6":"product_cat-accessories","7":"product_cat-comfort","8":"product_cat-ventilaiton","9":"product_tag-flyscreen","10":"product_shipping_class-letterbox","12":"first","13":"instock","14":"taxable","15":"shipping-taxable","16":"purchasable","17":"product-type-simple"},"_links":{"self":[{"href":"https:\/\/northlandvelo.eu\/de\/wp-json\/wp\/v2\/product\/11351","targetHints":{"allow":["GET"]}}],"collection":[{"href":"https:\/\/northlandvelo.eu\/de\/wp-json\/wp\/v2\/product"}],"about":[{"href":"https:\/\/northlandvelo.eu\/de\/wp-json\/wp\/v2\/types\/product"}],"wp:featuredmedia":[{"embeddable":true,"href":"https:\/\/northlandvelo.eu\/de\/wp-json\/wp\/v2\/media\/11330"}],"wp:attachment":[{"href":"https:\/\/northlandvelo.eu\/de\/wp-json\/wp\/v2\/media?parent=11351"}],"wp:term":[{"taxonomy":"product_brand","embeddable":true,"href":"https:\/\/northlandvelo.eu\/de\/wp-json\/wp\/v2\/product_brand?post=11351"},{"taxonomy":"product_cat","embeddable":true,"href":"https:\/\/northlandvelo.eu\/de\/wp-json\/wp\/v2\/product_cat?post=11351"},{"taxonomy":"product_tag","embeddable":true,"href":"https:\/\/northlandvelo.eu\/de\/wp-json\/wp\/v2\/product_tag?post=11351"}],"curies":[{"name":"wp","href":"https:\/\/api.w.org\/{rel}","templated":true}]}}