{"id":11447,"date":"2026-02-05T14:23:10","date_gmt":"2026-02-05T14:23:10","guid":{"rendered":"https:\/\/northlandvelo.eu\/?post_type=product&#038;p=11447"},"modified":"2026-02-10T20:05:31","modified_gmt":"2026-02-10T20:05:31","slug":"igus-balljoint","status":"publish","type":"product","link":"https:\/\/northlandvelo.eu\/de\/product\/igus-balljoint\/","title":{"rendered":"IGUS Kugelgelenk M6"},"content":{"rendered":"<p>Ersatz-IGUS-Leichtbau-Kunststoffkugelgelenk. Wird h\u00e4ufig in der Lenkung von B\u00fclk MK1-Velomobilen verwendet. N\u00fctzlich zur Gewichtsreduzierung im Lenksystem. Begrenzte Lagerbest\u00e4nde. Einzeln verkauft.<\/p>","protected":false},"excerpt":{"rendered":"<p>Ersatz-IGUS-Leichtbau-Kunststoffkugelgelenk. Wird h\u00e4ufig in der Lenkung von B\u00fclk MK1-Velomobilen verwendet. N\u00fctzlich zur Gewichtsreduzierung im Lenksystem. Begrenzte Lagerbest\u00e4nde. Einzeln verkauft.<\/p>","protected":false},"featured_media":11368,"template":"","meta":[],"product_brand":[],"product_cat":[112],"product_tag":[],"class_list":{"0":"post-11447","1":"product","2":"type-product","3":"status-publish","4":"has-post-thumbnail","6":"product_cat-part","7":"product_shipping_class-letterbox","9":"first","10":"instock","11":"taxable","12":"shipping-taxable","13":"purchasable","14":"product-type-simple"},"_links":{"self":[{"href":"https:\/\/northlandvelo.eu\/de\/wp-json\/wp\/v2\/product\/11447","targetHints":{"allow":["GET"]}}],"collection":[{"href":"https:\/\/northlandvelo.eu\/de\/wp-json\/wp\/v2\/product"}],"about":[{"href":"https:\/\/northlandvelo.eu\/de\/wp-json\/wp\/v2\/types\/product"}],"wp:featuredmedia":[{"embeddable":true,"href":"https:\/\/northlandvelo.eu\/de\/wp-json\/wp\/v2\/media\/11368"}],"wp:attachment":[{"href":"https:\/\/northlandvelo.eu\/de\/wp-json\/wp\/v2\/media?parent=11447"}],"wp:term":[{"taxonomy":"product_brand","embeddable":true,"href":"https:\/\/northlandvelo.eu\/de\/wp-json\/wp\/v2\/product_brand?post=11447"},{"taxonomy":"product_cat","embeddable":true,"href":"https:\/\/northlandvelo.eu\/de\/wp-json\/wp\/v2\/product_cat?post=11447"},{"taxonomy":"product_tag","embeddable":true,"href":"https:\/\/northlandvelo.eu\/de\/wp-json\/wp\/v2\/product_tag?post=11447"}],"curies":[{"name":"wp","href":"https:\/\/api.w.org\/{rel}","templated":true}]}}