{"id":11455,"date":"2026-02-05T14:55:20","date_gmt":"2026-02-05T14:55:20","guid":{"rendered":"https:\/\/northlandvelo.eu\/?post_type=product&#038;p=11455"},"modified":"2026-02-11T19:07:07","modified_gmt":"2026-02-11T19:07:07","slug":"130bcd-chainrings-assorted","status":"publish","type":"product","link":"https:\/\/northlandvelo.eu\/de\/product\/130bcd-chainrings-assorted\/","title":{"rendered":"130BCD Kettenbl\u00e4tter - Assorted"},"content":{"rendered":"<p>Im Ersatzteilvorrat von Velomobile SH befindet sich auch eine Sammlung von wenig gebrauchten Monster-Kettenbl\u00e4ttern. Alle scheinen noch eine lange Lebensdauer zu haben. M\u00f6chten Sie schneller fahren? R\u00fcsten Sie auf ein Monster-Kettenblatt um. Das 69-Zahn-Kettenblatt hat KEINEN Kettenschutzring.<\/p>","protected":false},"excerpt":{"rendered":"<p>Im Ersatzteilvorrat von Velomobile SH befindet sich auch eine Sammlung von wenig gebrauchten Monster-Kettenbl\u00e4ttern. Alle scheinen noch eine lange Lebensdauer zu haben. M\u00f6chten Sie schneller fahren? R\u00fcsten Sie auf ein Monster-Kettenblatt um. Das 69-Zahn-Kettenblatt hat KEINEN Kettenschutzring.<\/p>","protected":false},"featured_media":11415,"template":"","meta":[],"product_brand":[],"product_cat":[112,114,113],"product_tag":[179],"class_list":{"0":"post-11455","1":"product","2":"type-product","3":"status-publish","4":"has-post-thumbnail","6":"product_cat-part","7":"product_cat-recumbent","8":"product_cat-sale","9":"product_tag-chainrings","10":"product_shipping_class-small","12":"first","13":"instock","14":"taxable","15":"shipping-taxable","16":"purchasable","17":"product-type-variable"},"_links":{"self":[{"href":"https:\/\/northlandvelo.eu\/de\/wp-json\/wp\/v2\/product\/11455","targetHints":{"allow":["GET"]}}],"collection":[{"href":"https:\/\/northlandvelo.eu\/de\/wp-json\/wp\/v2\/product"}],"about":[{"href":"https:\/\/northlandvelo.eu\/de\/wp-json\/wp\/v2\/types\/product"}],"wp:featuredmedia":[{"embeddable":true,"href":"https:\/\/northlandvelo.eu\/de\/wp-json\/wp\/v2\/media\/11415"}],"wp:attachment":[{"href":"https:\/\/northlandvelo.eu\/de\/wp-json\/wp\/v2\/media?parent=11455"}],"wp:term":[{"taxonomy":"product_brand","embeddable":true,"href":"https:\/\/northlandvelo.eu\/de\/wp-json\/wp\/v2\/product_brand?post=11455"},{"taxonomy":"product_cat","embeddable":true,"href":"https:\/\/northlandvelo.eu\/de\/wp-json\/wp\/v2\/product_cat?post=11455"},{"taxonomy":"product_tag","embeddable":true,"href":"https:\/\/northlandvelo.eu\/de\/wp-json\/wp\/v2\/product_tag?post=11455"}],"curies":[{"name":"wp","href":"https:\/\/api.w.org\/{rel}","templated":true}]}}