{"id":11460,"date":"2026-02-05T15:07:45","date_gmt":"2026-02-05T15:07:45","guid":{"rendered":"https:\/\/northlandvelo.eu\/?post_type=product&#038;p=11460"},"modified":"2026-02-11T19:03:42","modified_gmt":"2026-02-11T19:03:42","slug":"110bcd-sortierte-kettenblatter","status":"publish","type":"product","link":"https:\/\/northlandvelo.eu\/de\/product\/110bcd-sortierte-kettenblatter\/","title":{"rendered":"110BCD Assortierte Kettenbl\u00e4tter"},"content":{"rendered":"<p>Sehr wenig gebrauchte 110BCD Kettenbl\u00e4tter. Sie sollten noch f\u00fcr lange Zeit gut sein. Diese waren Teil der Gesch\u00e4fts\u00fcbernahme von Velomobile SH. Ideal f\u00fcr diejenigen, die schneller fahren wollen. Das Kettenblatt mit 72 Z\u00e4hnen hat keinen Kettenschutzring.<\/p>","protected":false},"excerpt":{"rendered":"<p>Sehr wenig gebrauchte 110BCD Kettenbl\u00e4tter. Sie sollten noch f\u00fcr lange Zeit gut sein. Diese waren Teil der Gesch\u00e4fts\u00fcbernahme von Velomobile SH. Ideal f\u00fcr diejenigen, die schneller fahren wollen. Das Kettenblatt mit 72 Z\u00e4hnen hat keinen Kettenschutzring.<\/p>","protected":false},"featured_media":11424,"template":"","meta":[],"product_brand":[],"product_cat":[112,114,113],"product_tag":[180],"class_list":{"0":"post-11460","1":"product","2":"type-product","3":"status-publish","4":"has-post-thumbnail","6":"product_cat-part","7":"product_cat-recumbent","8":"product_cat-sale","9":"product_tag-110bcd-chainrings","10":"product_shipping_class-small","12":"first","13":"instock","14":"taxable","15":"shipping-taxable","16":"purchasable","17":"product-type-variable"},"_links":{"self":[{"href":"https:\/\/northlandvelo.eu\/de\/wp-json\/wp\/v2\/product\/11460","targetHints":{"allow":["GET"]}}],"collection":[{"href":"https:\/\/northlandvelo.eu\/de\/wp-json\/wp\/v2\/product"}],"about":[{"href":"https:\/\/northlandvelo.eu\/de\/wp-json\/wp\/v2\/types\/product"}],"wp:featuredmedia":[{"embeddable":true,"href":"https:\/\/northlandvelo.eu\/de\/wp-json\/wp\/v2\/media\/11424"}],"wp:attachment":[{"href":"https:\/\/northlandvelo.eu\/de\/wp-json\/wp\/v2\/media?parent=11460"}],"wp:term":[{"taxonomy":"product_brand","embeddable":true,"href":"https:\/\/northlandvelo.eu\/de\/wp-json\/wp\/v2\/product_brand?post=11460"},{"taxonomy":"product_cat","embeddable":true,"href":"https:\/\/northlandvelo.eu\/de\/wp-json\/wp\/v2\/product_cat?post=11460"},{"taxonomy":"product_tag","embeddable":true,"href":"https:\/\/northlandvelo.eu\/de\/wp-json\/wp\/v2\/product_tag?post=11460"}],"curies":[{"name":"wp","href":"https:\/\/api.w.org\/{rel}","templated":true}]}}