{"id":11478,"date":"2026-02-05T17:03:24","date_gmt":"2026-02-05T17:03:24","guid":{"rendered":"https:\/\/northlandvelo.eu\/?post_type=product&#038;p=11478"},"modified":"2026-02-11T19:00:04","modified_gmt":"2026-02-11T19:00:04","slug":"random-90mm-drumbrake-parts","status":"publish","type":"product","link":"https:\/\/northlandvelo.eu\/de\/product\/random-90mm-drumbrake-parts\/","title":{"rendered":"Gebrauchte 90-mm-Bremsen"},"content":{"rendered":"<p>Ich habe eine Auswahl an verschiedenen gebrauchten Teilen. Bei meinen begrenzten Tests schien alles funktionsf\u00e4hig zu sein, d. h. der Arm funktioniert noch und die Bremsbel\u00e4ge haben noch etwas Lebensdauer. Die Bremsbel\u00e4ge m\u00fcssen m\u00f6glicherweise gereinigt und entfettet werden. Es ist m\u00f6glicherweise m\u00f6glich, den Rost abzuschleifen und die rostigen Stellen neu zu lackieren. Da es sich um gebrauchte Teile handelt, werden keine Gew\u00e4hrleistungen oder Garantien gew\u00e4hrt. Vergewissern Sie sich, dass die Befestigungsplatte mit der von Ihnen bestellten Trommelbremse kompatibel ist. Z\u00f6gern Sie nicht, mich zu kontaktieren, um zu best\u00e4tigen, welches Teil Sie kaufen. Das Bild bei der Auswahl des Artikels sollte die tats\u00e4chliche Trommelbremse zeigen.<\/p>","protected":false},"excerpt":{"rendered":"<p>I have a selection of used and random parts. Everything appeared to be functional during my limited testing, meaning the arm still works and the pads still have some life left. Pads may need cleaning and decontamination work. It may be possible to sand off the rust and repaint the rusty areas. As these are &hellip; <\/p>\n<p class=\"link-more\"><a href=\"https:\/\/northlandvelo.eu\/de\/product\/random-90mm-drumbrake-parts\/\" class=\"more-link\">Mehr <span class=\"screen-reader-text\">\u00fcber &#8220;Random Used 90mm Drumbrake parts&#8221; <\/span>Lesen<\/a><\/p>","protected":false},"featured_media":11386,"template":"","meta":[],"product_brand":[186],"product_cat":[112,113],"product_tag":[188],"class_list":{"0":"post-11478","1":"product","2":"type-product","3":"status-publish","4":"has-post-thumbnail","6":"product_brand-sturmey-archer","7":"product_cat-part","8":"product_cat-sale","9":"product_tag-used-drum-brakes","10":"product_shipping_class-small","12":"first","13":"instock","14":"taxable","15":"shipping-taxable","16":"purchasable","17":"product-type-variable"},"_links":{"self":[{"href":"https:\/\/northlandvelo.eu\/de\/wp-json\/wp\/v2\/product\/11478","targetHints":{"allow":["GET"]}}],"collection":[{"href":"https:\/\/northlandvelo.eu\/de\/wp-json\/wp\/v2\/product"}],"about":[{"href":"https:\/\/northlandvelo.eu\/de\/wp-json\/wp\/v2\/types\/product"}],"wp:featuredmedia":[{"embeddable":true,"href":"https:\/\/northlandvelo.eu\/de\/wp-json\/wp\/v2\/media\/11386"}],"wp:attachment":[{"href":"https:\/\/northlandvelo.eu\/de\/wp-json\/wp\/v2\/media?parent=11478"}],"wp:term":[{"taxonomy":"product_brand","embeddable":true,"href":"https:\/\/northlandvelo.eu\/de\/wp-json\/wp\/v2\/product_brand?post=11478"},{"taxonomy":"product_cat","embeddable":true,"href":"https:\/\/northlandvelo.eu\/de\/wp-json\/wp\/v2\/product_cat?post=11478"},{"taxonomy":"product_tag","embeddable":true,"href":"https:\/\/northlandvelo.eu\/de\/wp-json\/wp\/v2\/product_tag?post=11478"}],"curies":[{"name":"wp","href":"https:\/\/api.w.org\/{rel}","templated":true}]}}